{"id":21202,"date":"2025-01-12T18:17:13","date_gmt":"2025-01-12T18:17:13","guid":{"rendered":"https:\/\/effafood.com\/product\/cehennem-siyah-kirazi\/"},"modified":"2025-01-12T21:32:27","modified_gmt":"2025-01-12T21:32:27","slug":"cehennem-siyah-kirazi","status":"publish","type":"product","link":"https:\/\/effafood.com\/tr\/product\/cehennem-siyah-kirazi\/","title":{"rendered":"Hell Enerji \u0130\u00e7ece\u011fi Vi\u015fne Aromal\u0131"},"content":{"rendered":"","protected":false},"excerpt":{"rendered":"<p><strong>HELL Siyah Kiraz &#8211; Heyecan Verici Bir G\u00fc\u00e7lendirme i\u00e7in Cesur Yeni Bir Lezzet<\/strong><\/p>\n<p>Kar\u015f\u0131n\u0131zda, zengin siyah vi\u015fne aromas\u0131yla g\u00fcnl\u00fck rutininize heyecan verici bir dokunu\u015f getiren benzersiz bir enerji i\u00e7ece\u011fi olan ve merakla beklenen <strong>HELL Black Cherry<\/strong>. Mor-siyah \u015f\u0131k bir tasar\u0131mla paketlenmi\u015f olan bu i\u00e7ecek sadece ferahlat\u0131c\u0131 de\u011fil, ayn\u0131 zamanda cesur bir se\u00e7imdir.<\/p>\n<p>100 ml&#8217;de 32 mg kafein, be\u015f temel B vitamini i\u00e7eren ve koruyucu i\u00e7ermeyen HELL Black Cherry, enerji ve lezzetin m\u00fckemmel dengesini sunar. Ayr\u0131ca, sonsuz geri d\u00f6n\u00fc\u015ft\u00fcr\u00fclebilir al\u00fcminyum kutuda paketlenmi\u015ftir, bu da onu enerji ihtiya\u00e7lar\u0131n\u0131z i\u00e7in \u00e7evreye duyarl\u0131 bir se\u00e7enek haline getirir<\/p>\n","protected":false},"featured_media":21208,"template":"","meta":[],"product_brand":[2894],"product_cat":[384],"product_tag":[],"class_list":{"0":"post-21202","1":"product","2":"type-product","3":"status-publish","4":"has-post-thumbnail","6":"product_brand-hellenergy-tr","7":"product_cat-icecekler-tr","8":"pa_barcode-5999571052103-tr","9":"pa_brand-hellenergy-tr","10":"pa_inbox-24-tr","11":"pa_pallet-120-tr","12":"pa_shelf-life-12-ay","13":"pa_weight-2-250-ml-tr","15":"first","16":"instock","17":"shipping-taxable","18":"product-type-simple"},"_links":{"self":[{"href":"https:\/\/effafood.com\/tr\/wp-json\/wp\/v2\/product\/21202","targetHints":{"allow":["GET"]}}],"collection":[{"href":"https:\/\/effafood.com\/tr\/wp-json\/wp\/v2\/product"}],"about":[{"href":"https:\/\/effafood.com\/tr\/wp-json\/wp\/v2\/types\/product"}],"version-history":[{"count":2,"href":"https:\/\/effafood.com\/tr\/wp-json\/wp\/v2\/product\/21202\/revisions"}],"predecessor-version":[{"id":21259,"href":"https:\/\/effafood.com\/tr\/wp-json\/wp\/v2\/product\/21202\/revisions\/21259"}],"wp:featuredmedia":[{"embeddable":true,"href":"https:\/\/effafood.com\/tr\/wp-json\/wp\/v2\/media\/21208"}],"wp:attachment":[{"href":"https:\/\/effafood.com\/tr\/wp-json\/wp\/v2\/media?parent=21202"}],"wp:term":[{"taxonomy":"product_brand","embeddable":true,"href":"https:\/\/effafood.com\/tr\/wp-json\/wp\/v2\/product_brand?post=21202"},{"taxonomy":"product_cat","embeddable":true,"href":"https:\/\/effafood.com\/tr\/wp-json\/wp\/v2\/product_cat?post=21202"},{"taxonomy":"product_tag","embeddable":true,"href":"https:\/\/effafood.com\/tr\/wp-json\/wp\/v2\/product_tag?post=21202"}],"curies":[{"name":"wp","href":"https:\/\/api.w.org\/{rel}","templated":true}]}}