{"id":21195,"date":"2025-01-12T18:13:43","date_gmt":"2025-01-12T18:13:43","guid":{"rendered":"https:\/\/effafood.com\/product\/hell-energy-classic\/"},"modified":"2025-01-12T21:34:32","modified_gmt":"2025-01-12T21:34:32","slug":"hell-energy-classic","status":"publish","type":"product","link":"https:\/\/effafood.com\/tr\/product\/hell-energy-classic\/","title":{"rendered":"Hell Enerji \u0130\u00e7ece\u011fi Klasik"},"content":{"rendered":"","protected":false},"excerpt":{"rendered":"<p><strong>HELL Classic &#8211; Ferahlat\u0131c\u0131 Lezzet ve Kaliteli \u0130\u00e7eriklerle M\u00fckemmel G\u00fc\u00e7lendirme<\/strong><\/p>\n<p>HELL Klasik piyasaya s\u00fcr\u00fcld\u00fc\u011f\u00fcnden beri yayg\u0131n bir pop\u00fclerlik kazanm\u0131\u015ft\u0131r ve bunun nedeni bir s\u0131r de\u011fildir. Her 100 ml&#8217;de 32 mg kafein, y\u00fcksek kaliteli \u015feker, be\u015f temel B vitamini ve ferahlat\u0131c\u0131 tutti frutti aromas\u0131 ile bu enerji i\u00e7ece\u011fi, enerji ve lezzetin m\u00fckemmel dengesini sa\u011flar &#8211; hepsi koruyucu madde i\u00e7ermez. \u0130ster yo\u011fun bir g\u00fcnde enerji toplamaya ihtiyac\u0131n\u0131z olsun, ister sadece lezzetli bir ferahl\u0131\u011f\u0131n tad\u0131n\u0131 \u00e7\u0131karmak isteyin, HELL Klasik enerji arayanlar i\u00e7in ideal se\u00e7imdir.<\/p>\n","protected":false},"featured_media":21211,"template":"","meta":[],"product_brand":[2894],"product_cat":[384],"product_tag":[],"class_list":{"0":"post-21195","1":"product","2":"type-product","3":"status-publish","4":"has-post-thumbnail","6":"product_brand-hellenergy-tr","7":"product_cat-icecekler-tr","8":"pa_barcode-5999571052080-tr","9":"pa_brand-hellenergy-tr","10":"pa_inbox-24-tr","11":"pa_pallet-120-tr","12":"pa_shelf-life-12-ay","13":"pa_weight-2-250-ml-tr","15":"first","16":"instock","17":"shipping-taxable","18":"product-type-simple"},"_links":{"self":[{"href":"https:\/\/effafood.com\/tr\/wp-json\/wp\/v2\/product\/21195","targetHints":{"allow":["GET"]}}],"collection":[{"href":"https:\/\/effafood.com\/tr\/wp-json\/wp\/v2\/product"}],"about":[{"href":"https:\/\/effafood.com\/tr\/wp-json\/wp\/v2\/types\/product"}],"version-history":[{"count":1,"href":"https:\/\/effafood.com\/tr\/wp-json\/wp\/v2\/product\/21195\/revisions"}],"predecessor-version":[{"id":21260,"href":"https:\/\/effafood.com\/tr\/wp-json\/wp\/v2\/product\/21195\/revisions\/21260"}],"wp:featuredmedia":[{"embeddable":true,"href":"https:\/\/effafood.com\/tr\/wp-json\/wp\/v2\/media\/21211"}],"wp:attachment":[{"href":"https:\/\/effafood.com\/tr\/wp-json\/wp\/v2\/media?parent=21195"}],"wp:term":[{"taxonomy":"product_brand","embeddable":true,"href":"https:\/\/effafood.com\/tr\/wp-json\/wp\/v2\/product_brand?post=21195"},{"taxonomy":"product_cat","embeddable":true,"href":"https:\/\/effafood.com\/tr\/wp-json\/wp\/v2\/product_cat?post=21195"},{"taxonomy":"product_tag","embeddable":true,"href":"https:\/\/effafood.com\/tr\/wp-json\/wp\/v2\/product_tag?post=21195"}],"curies":[{"name":"wp","href":"https:\/\/api.w.org\/{rel}","templated":true}]}}