{"id":21188,"date":"2025-01-12T18:06:38","date_gmt":"2025-01-12T18:06:38","guid":{"rendered":"https:\/\/effafood.com\/product\/everbis-karamelize-biskuvi\/"},"modified":"2025-01-19T12:29:12","modified_gmt":"2025-01-19T12:29:12","slug":"everbis-karamelize-biskuvi","status":"publish","type":"product","link":"https:\/\/effafood.com\/tr\/product\/everbis-karamelize-biskuvi\/","title":{"rendered":"Everbis Karamelize Bisk\u00fcvi"},"content":{"rendered":"","protected":false},"excerpt":{"rendered":"<p>EVERBIS KARAMEL\u0130ZE \u015eEKERL\u0130 KURAB\u0130YE<\/p>\n<p>Everbis Karamelize \u015eekerli Kurabiyeler, karamel ve tar\u00e7\u0131n\u0131n m\u00fckemmel dengesi ile zengin ve lezzetli bir deneyim sunar. Bu kurabiyeler, tatl\u0131 ve aromatik ikramlar\u0131 sevenler i\u00e7in idealdir. Bir fincan aromal\u0131 kahvenin yan\u0131nda veya bir \u00e7ay partisinin tamamlay\u0131c\u0131s\u0131 olarak m\u00fckemmel bir \u015fekilde e\u015fle\u015ftirilen Everbis Karamelize Kurabiyeler, her duruma s\u0131cakl\u0131k ve tatl\u0131l\u0131k katar. Her \u0131s\u0131r\u0131kta enfes lezzetin tad\u0131n\u0131 \u00e7\u0131kar\u0131n.<\/p>\n","protected":false},"featured_media":21185,"template":"","meta":[],"product_brand":[2896],"product_cat":[442],"product_tag":[],"class_list":{"0":"post-21188","1":"product","2":"type-product","3":"status-publish","4":"has-post-thumbnail","6":"product_brand-kbf-tr","7":"product_cat-atistirmalik","8":"pa_barcode-4823017508538-tr","9":"pa_brand-kbf-tr","10":"pa_inbox-24-tr","11":"pa_pallet-120-tr","12":"pa_shelf-life-12-ay","13":"pa_weight-2-140-gr-tr","15":"first","16":"instock","17":"shipping-taxable","18":"product-type-simple"},"_links":{"self":[{"href":"https:\/\/effafood.com\/tr\/wp-json\/wp\/v2\/product\/21188","targetHints":{"allow":["GET"]}}],"collection":[{"href":"https:\/\/effafood.com\/tr\/wp-json\/wp\/v2\/product"}],"about":[{"href":"https:\/\/effafood.com\/tr\/wp-json\/wp\/v2\/types\/product"}],"version-history":[{"count":1,"href":"https:\/\/effafood.com\/tr\/wp-json\/wp\/v2\/product\/21188\/revisions"}],"predecessor-version":[{"id":22000,"href":"https:\/\/effafood.com\/tr\/wp-json\/wp\/v2\/product\/21188\/revisions\/22000"}],"wp:featuredmedia":[{"embeddable":true,"href":"https:\/\/effafood.com\/tr\/wp-json\/wp\/v2\/media\/21185"}],"wp:attachment":[{"href":"https:\/\/effafood.com\/tr\/wp-json\/wp\/v2\/media?parent=21188"}],"wp:term":[{"taxonomy":"product_brand","embeddable":true,"href":"https:\/\/effafood.com\/tr\/wp-json\/wp\/v2\/product_brand?post=21188"},{"taxonomy":"product_cat","embeddable":true,"href":"https:\/\/effafood.com\/tr\/wp-json\/wp\/v2\/product_cat?post=21188"},{"taxonomy":"product_tag","embeddable":true,"href":"https:\/\/effafood.com\/tr\/wp-json\/wp\/v2\/product_tag?post=21188"}],"curies":[{"name":"wp","href":"https:\/\/api.w.org\/{rel}","templated":true}]}}