{"id":21171,"date":"2025-01-12T18:01:08","date_gmt":"2025-01-12T18:01:08","guid":{"rendered":"https:\/\/effafood.com\/product\/everbis-vanilya-dolgulu-kakaolu-biskuvi\/"},"modified":"2025-01-19T12:33:33","modified_gmt":"2025-01-19T12:33:33","slug":"everbis-vanilya-dolgulu-kakaolu-biskuvi","status":"publish","type":"product","link":"https:\/\/effafood.com\/tr\/product\/everbis-vanilya-dolgulu-kakaolu-biskuvi\/","title":{"rendered":"Everbis Vanilya Dolgulu Kakaolu Bisk\u00fcvi"},"content":{"rendered":"","protected":false},"excerpt":{"rendered":"<p>EVERBIS KAKAO VE VAN\u0130LYA DOLGULU \u015eEKERL\u0130 KURAB\u0130YE<\/p>\n<p>Everbis&#8217;in kakao ve vanilya dolgulu \u015fekerli kurabiyeleri, can\u0131 tatl\u0131 bir \u015feyler \u00e7ekenler i\u00e7in m\u00fckemmel bir lezzet dengesi sunuyor. Bu gevrek bisk\u00fcviler, kakaonun zenginli\u011fini vanilyan\u0131n p\u00fcr\u00fczs\u00fczl\u00fc\u011f\u00fc ile birle\u015ftiren ve unutulmaz bir lezzet deneyimi yaratan narin, ho\u015f kokulu bir s\u00fct dolgusu ile doldurulmu\u015ftur.<\/p>\n<p>Bu enfes bisk\u00fcvilerin tad\u0131na var\u0131n ve her lokman\u0131n tad\u0131n\u0131 \u00e7\u0131kar\u0131n &#8211; her tatl\u0131 sever i\u00e7in ger\u00e7ek bir ikram.<\/p>\n","protected":false},"featured_media":21168,"template":"","meta":[],"product_brand":[2896],"product_cat":[442],"product_tag":[],"class_list":{"0":"post-21171","1":"product","2":"type-product","3":"status-publish","4":"has-post-thumbnail","6":"product_brand-kbf-tr","7":"product_cat-atistirmalik","8":"pa_barcode-4823017509177-tr","9":"pa_brand-kbf-tr","10":"pa_inbox-12-tr","11":"pa_pallet-153-tr","12":"pa_shelf-life-12-ay","13":"pa_weight-2-272-gr-tr","15":"first","16":"instock","17":"shipping-taxable","18":"product-type-simple"},"_links":{"self":[{"href":"https:\/\/effafood.com\/tr\/wp-json\/wp\/v2\/product\/21171","targetHints":{"allow":["GET"]}}],"collection":[{"href":"https:\/\/effafood.com\/tr\/wp-json\/wp\/v2\/product"}],"about":[{"href":"https:\/\/effafood.com\/tr\/wp-json\/wp\/v2\/types\/product"}],"version-history":[{"count":1,"href":"https:\/\/effafood.com\/tr\/wp-json\/wp\/v2\/product\/21171\/revisions"}],"predecessor-version":[{"id":22002,"href":"https:\/\/effafood.com\/tr\/wp-json\/wp\/v2\/product\/21171\/revisions\/22002"}],"wp:featuredmedia":[{"embeddable":true,"href":"https:\/\/effafood.com\/tr\/wp-json\/wp\/v2\/media\/21168"}],"wp:attachment":[{"href":"https:\/\/effafood.com\/tr\/wp-json\/wp\/v2\/media?parent=21171"}],"wp:term":[{"taxonomy":"product_brand","embeddable":true,"href":"https:\/\/effafood.com\/tr\/wp-json\/wp\/v2\/product_brand?post=21171"},{"taxonomy":"product_cat","embeddable":true,"href":"https:\/\/effafood.com\/tr\/wp-json\/wp\/v2\/product_cat?post=21171"},{"taxonomy":"product_tag","embeddable":true,"href":"https:\/\/effafood.com\/tr\/wp-json\/wp\/v2\/product_tag?post=21171"}],"curies":[{"name":"wp","href":"https:\/\/api.w.org\/{rel}","templated":true}]}}