{"id":21165,"date":"2025-01-12T17:58:59","date_gmt":"2025-01-12T17:58:59","guid":{"rendered":"https:\/\/effafood.com\/product\/cilek-aromali-dolgulu-everbis-biskuvi\/"},"modified":"2025-01-19T12:31:56","modified_gmt":"2025-01-19T12:31:56","slug":"cilek-aromali-dolgulu-everbis-biskuvi","status":"publish","type":"product","link":"https:\/\/effafood.com\/tr\/product\/cilek-aromali-dolgulu-everbis-biskuvi\/","title":{"rendered":"Everbis Dolgulu Bisk\u00fcvi \u00c7ilek Aromal\u0131"},"content":{"rendered":"","protected":false},"excerpt":{"rendered":"<p>\u00c7\u0130LEK AROMALI DOLGULU EVERBIS \u015eEKERL\u0130 KURAB\u0130YE<\/p>\n<p>\u00c7ilek dolgulu Everbis \u015fekerli kurabiyeleri, ikramlar\u0131nda \u00f6zg\u00fcnl\u00fc\u011f\u00fc takdir edenleri b\u00fcy\u00fclemek i\u00e7in tasarlanm\u0131\u015f, \u00fcr\u00fcn yelpazemize benzersiz ve lezzetli bir ektir. Bu sandvi\u00e7 bisk\u00fcviler, p\u00fcr\u00fczs\u00fcz, kremsi \u00e7ilek dolgusu ile m\u00fckemmel bir \u015fekilde tamamlanan gevrek, k\u0131t\u0131r bir dokuya sahiptir.<\/p>\n<p>Tatl\u0131 severler i\u00e7in ideal olan \u00e7ilekli Everbis, bir fincan aromatik \u00e7ay veya kahve ile keyifli bir e\u015fle\u015fme sa\u011flar ve her ana tatl\u0131 bir dokunu\u015f katar.<\/p>\n","protected":false},"featured_media":21161,"template":"","meta":[],"product_brand":[2896],"product_cat":[442],"product_tag":[],"class_list":{"0":"post-21165","1":"product","2":"type-product","3":"status-publish","4":"has-post-thumbnail","6":"product_brand-kbf-tr","7":"product_cat-atistirmalik","8":"pa_barcode-4823017509160-tr","9":"pa_brand-kbf-tr","10":"pa_inbox-12-tr","11":"pa_pallet-153-tr","12":"pa_shelf-life-12-ay","13":"pa_weight-2-272-gr-tr","15":"first","16":"instock","17":"shipping-taxable","18":"product-type-simple"},"_links":{"self":[{"href":"https:\/\/effafood.com\/tr\/wp-json\/wp\/v2\/product\/21165","targetHints":{"allow":["GET"]}}],"collection":[{"href":"https:\/\/effafood.com\/tr\/wp-json\/wp\/v2\/product"}],"about":[{"href":"https:\/\/effafood.com\/tr\/wp-json\/wp\/v2\/types\/product"}],"version-history":[{"count":3,"href":"https:\/\/effafood.com\/tr\/wp-json\/wp\/v2\/product\/21165\/revisions"}],"predecessor-version":[{"id":22003,"href":"https:\/\/effafood.com\/tr\/wp-json\/wp\/v2\/product\/21165\/revisions\/22003"}],"wp:featuredmedia":[{"embeddable":true,"href":"https:\/\/effafood.com\/tr\/wp-json\/wp\/v2\/media\/21161"}],"wp:attachment":[{"href":"https:\/\/effafood.com\/tr\/wp-json\/wp\/v2\/media?parent=21165"}],"wp:term":[{"taxonomy":"product_brand","embeddable":true,"href":"https:\/\/effafood.com\/tr\/wp-json\/wp\/v2\/product_brand?post=21165"},{"taxonomy":"product_cat","embeddable":true,"href":"https:\/\/effafood.com\/tr\/wp-json\/wp\/v2\/product_cat?post=21165"},{"taxonomy":"product_tag","embeddable":true,"href":"https:\/\/effafood.com\/tr\/wp-json\/wp\/v2\/product_tag?post=21165"}],"curies":[{"name":"wp","href":"https:\/\/api.w.org\/{rel}","templated":true}]}}