{"id":21142,"date":"2025-01-12T17:51:37","date_gmt":"2025-01-12T17:51:37","guid":{"rendered":"https:\/\/effafood.com\/product\/cilek-aromali-tango-biskuvi\/"},"modified":"2025-01-19T12:34:56","modified_gmt":"2025-01-19T12:34:56","slug":"cilek-aromali-tango-biskuvi","status":"publish","type":"product","link":"https:\/\/effafood.com\/tr\/product\/cilek-aromali-tango-biskuvi\/","title":{"rendered":"\u00c7ilek Aromal\u0131 Tango Bisk\u00fcvi"},"content":{"rendered":"","protected":false},"excerpt":{"rendered":"<p>\u00c7\u0130LEK AROMALI DOLGULU TANGO \u015eEKERL\u0130 B\u0130SK\u00dcV\u0130<\/p>\n<p>\u00c7ilek aromal\u0131 dolgulu Tango \u015fekerli bisk\u00fcviler, tatl\u0131 bir ikram\u0131 sevenler i\u00e7in keyifli bir ho\u015fg\u00f6r\u00fcd\u00fcr. Bu sandvi\u00e7 bisk\u00fcviler, m\u00fckemmel bir lezzet dengesi sunan p\u00fcr\u00fczs\u00fcz, \u00e7ilek aromal\u0131 bir kremayla doldurulmu\u015f iki gevrek \u015fekerli bisk\u00fcvi i\u00e7erir.<\/p>\n<p>Her \u0131s\u0131r\u0131kta lezzetli kombinasyonun tad\u0131n\u0131 \u00e7\u0131kar\u0131n \u2013 tatl\u0131ya d\u00fc\u015fk\u00fcn herkes i\u00e7in ger\u00e7ekten keyifli bir deneyim!<\/p>\n","protected":false},"featured_media":21140,"template":"","meta":[],"product_brand":[2896],"product_cat":[442],"product_tag":[],"class_list":{"0":"post-21142","1":"product","2":"type-product","3":"status-publish","4":"has-post-thumbnail","6":"product_brand-kbf-tr","7":"product_cat-atistirmalik","8":"pa_barcode-4823017500853-tr","9":"pa_brand-kbf-tr","10":"pa_inbox-48-tr","11":"pa_pallet-153-tr","12":"pa_shelf-life-12-ay","13":"pa_weight-2-68-gr-tr","15":"first","16":"instock","17":"shipping-taxable","18":"product-type-simple"},"_links":{"self":[{"href":"https:\/\/effafood.com\/tr\/wp-json\/wp\/v2\/product\/21142","targetHints":{"allow":["GET"]}}],"collection":[{"href":"https:\/\/effafood.com\/tr\/wp-json\/wp\/v2\/product"}],"about":[{"href":"https:\/\/effafood.com\/tr\/wp-json\/wp\/v2\/types\/product"}],"version-history":[{"count":1,"href":"https:\/\/effafood.com\/tr\/wp-json\/wp\/v2\/product\/21142\/revisions"}],"predecessor-version":[{"id":22006,"href":"https:\/\/effafood.com\/tr\/wp-json\/wp\/v2\/product\/21142\/revisions\/22006"}],"wp:featuredmedia":[{"embeddable":true,"href":"https:\/\/effafood.com\/tr\/wp-json\/wp\/v2\/media\/21140"}],"wp:attachment":[{"href":"https:\/\/effafood.com\/tr\/wp-json\/wp\/v2\/media?parent=21142"}],"wp:term":[{"taxonomy":"product_brand","embeddable":true,"href":"https:\/\/effafood.com\/tr\/wp-json\/wp\/v2\/product_brand?post=21142"},{"taxonomy":"product_cat","embeddable":true,"href":"https:\/\/effafood.com\/tr\/wp-json\/wp\/v2\/product_cat?post=21142"},{"taxonomy":"product_tag","embeddable":true,"href":"https:\/\/effafood.com\/tr\/wp-json\/wp\/v2\/product_tag?post=21142"}],"curies":[{"name":"wp","href":"https:\/\/api.w.org\/{rel}","templated":true}]}}