{"id":21136,"date":"2025-01-12T17:48:53","date_gmt":"2025-01-12T17:48:53","guid":{"rendered":"https:\/\/effafood.com\/product\/vanilya-kremali-tango-biskuvi\/"},"modified":"2025-01-19T12:35:30","modified_gmt":"2025-01-19T12:35:30","slug":"vanilya-kremali-tango-biskuvi","status":"publish","type":"product","link":"https:\/\/effafood.com\/tr\/product\/vanilya-kremali-tango-biskuvi\/","title":{"rendered":"Vanilya Kremal\u0131 Tango Bisk\u00fcvi"},"content":{"rendered":"","protected":false},"excerpt":{"rendered":"<p>VAN\u0130LYA DOLGULU TANGO \u015eEKERL\u0130 B\u0130SK\u00dcV\u0130<\/p>\n<p>Vanilya dolgulu Tango \u015fekerli bisk\u00fcviler, her \u0131s\u0131r\u0131kta mutlulu\u011fun tatl\u0131 anlar\u0131n\u0131 geri getiriyor. Bu sandvi\u00e7 bisk\u00fcviler, m\u00fckemmel bir lezzet ve doku dengesi yaratan kremsi, s\u00fctl\u00fc vanilya dolgusu ile doldurulmu\u015f iki gevrek \u015fekerli bisk\u00fcvi i\u00e7erir.<\/p>\n<p>Kendinizi bu lezzetli ho\u015fg\u00f6r\u00fcyle \u015f\u0131mart\u0131n ve g\u00fcn\u00fcn her saati i\u00e7in m\u00fckemmel bir se\u00e7im olan Tango bisk\u00fcvilerinin basit keyfinin tad\u0131n\u0131 \u00e7\u0131kar\u0131n.<\/p>\n","protected":false},"featured_media":21133,"template":"","meta":[],"product_brand":[2896],"product_cat":[442],"product_tag":[],"class_list":{"0":"post-21136","1":"product","2":"type-product","3":"status-publish","4":"has-post-thumbnail","6":"product_brand-kbf-tr","7":"product_cat-atistirmalik","8":"pa_barcode-4823017500839-tr","9":"pa_brand-kbf-tr","10":"pa_inbox-48-tr","11":"pa_pallet-153-tr","12":"pa_shelf-life-12-ay","13":"pa_weight-2-68-gr-tr","15":"first","16":"instock","17":"shipping-taxable","18":"product-type-simple"},"_links":{"self":[{"href":"https:\/\/effafood.com\/tr\/wp-json\/wp\/v2\/product\/21136","targetHints":{"allow":["GET"]}}],"collection":[{"href":"https:\/\/effafood.com\/tr\/wp-json\/wp\/v2\/product"}],"about":[{"href":"https:\/\/effafood.com\/tr\/wp-json\/wp\/v2\/types\/product"}],"version-history":[{"count":2,"href":"https:\/\/effafood.com\/tr\/wp-json\/wp\/v2\/product\/21136\/revisions"}],"predecessor-version":[{"id":22007,"href":"https:\/\/effafood.com\/tr\/wp-json\/wp\/v2\/product\/21136\/revisions\/22007"}],"wp:featuredmedia":[{"embeddable":true,"href":"https:\/\/effafood.com\/tr\/wp-json\/wp\/v2\/media\/21133"}],"wp:attachment":[{"href":"https:\/\/effafood.com\/tr\/wp-json\/wp\/v2\/media?parent=21136"}],"wp:term":[{"taxonomy":"product_brand","embeddable":true,"href":"https:\/\/effafood.com\/tr\/wp-json\/wp\/v2\/product_brand?post=21136"},{"taxonomy":"product_cat","embeddable":true,"href":"https:\/\/effafood.com\/tr\/wp-json\/wp\/v2\/product_cat?post=21136"},{"taxonomy":"product_tag","embeddable":true,"href":"https:\/\/effafood.com\/tr\/wp-json\/wp\/v2\/product_tag?post=21136"}],"curies":[{"name":"wp","href":"https:\/\/api.w.org\/{rel}","templated":true}]}}