{"id":21126,"date":"2025-01-12T17:44:33","date_gmt":"2025-01-12T17:44:33","guid":{"rendered":"https:\/\/effafood.com\/product\/everbis-cay-biskuvisi\/"},"modified":"2025-01-19T12:40:55","modified_gmt":"2025-01-19T12:40:55","slug":"everbis-cay-biskuvisi","status":"publish","type":"product","link":"https:\/\/effafood.com\/tr\/product\/everbis-cay-biskuvisi\/","title":{"rendered":"Everbis \u00c7ay Bisk\u00fcvisi"},"content":{"rendered":"","protected":false},"excerpt":{"rendered":"<div class=\"flex-shrink-0 flex flex-col relative items-end\">\n<div>\n<div class=\"pt-0\">\n<div class=\"gizmo-bot-avatar flex h-8 w-8 items-center justify-center overflow-hidden rounded-full\">\n<div class=\"relative p-1 rounded-sm flex items-center justify-center bg-token-main-surface-primary text-token-text-primary h-8 w-8\">EVERBIS \u00c7AY B\u0130SK\u00dcV\u0130S\u0130<\/div>\n<\/div>\n<\/div>\n<\/div>\n<\/div>\n<div class=\"group\/conversation-turn relative flex w-full min-w-0 flex-col agent-turn\">\n<div class=\"flex-col gap-1 md:gap-3\">\n<div class=\"flex max-w-full flex-col flex-grow\">\n<div class=\"min-h-8 text-message flex w-full flex-col items-end gap-2 whitespace-normal break-words text-start [.text-message+&amp;]:mt-5\" dir=\"auto\" data-message-author-role=\"assistant\" data-message-id=\"4819d062-c3b5-4448-9c2f-056ad7255235\" data-message-model-slug=\"gpt-4o-mini\">\n<div class=\"flex w-full flex-col gap-1 empty:hidden first:pt-[3px]\">\n<div class=\"markdown prose w-full break-words dark:prose-invert light\">\n<p>Everbis \u00c7ay Bisk\u00fcvisi kurabiyeleri, a\u011f\u0131zda eriyen ve \u00e7ocukluk ikramlar\u0131n\u0131n nostaljisini \u00e7a\u011fr\u0131\u015ft\u0131ran lezzetli, gevrek ve ufalanan bir doku sunar. Bu kal\u0131c\u0131 kurabiyeler, daha az \u015feker ve tereya\u011f\u0131 ile haz\u0131rland\u0131\u011f\u0131ndan, aile dostu at\u0131\u015ft\u0131rmal\u0131klar i\u00e7in m\u00fckemmel bir se\u00e7imdir.<\/p>\n<p>Meyve suyu veya s\u00fctle e\u015fle\u015ftirmek i\u00e7in ideal olan Everbis \u00c7ay Bisk\u00fcvisi kurabiyeleri, hem \u00e7ocuklar hem de yeti\u015fkinler i\u00e7in sa\u011fl\u0131kl\u0131 ve keyifli bir se\u00e7enektir. Zamans\u0131z bir favori olan bu kurabiyeler, her aile toplant\u0131s\u0131na veya at\u0131\u015ft\u0131rmal\u0131k zaman\u0131na m\u00fckemmel bir katk\u0131 sa\u011flar.<\/p>\n<\/div>\n<\/div>\n<\/div>\n<\/div>\n<\/div>\n<\/div>\n","protected":false},"featured_media":21129,"template":"","meta":[],"product_brand":[2896],"product_cat":[442],"product_tag":[],"class_list":{"0":"post-21126","1":"product","2":"type-product","3":"status-publish","4":"has-post-thumbnail","6":"product_brand-kbf-tr","7":"product_cat-atistirmalik","8":"pa_barcode-4823017509436-tr","9":"pa_brand-kbf-tr","10":"pa_inbox-8-tr","11":"pa_pallet-120-tr","12":"pa_shelf-life-12-ay","13":"pa_weight-2-420-gr-tr","15":"first","16":"instock","17":"shipping-taxable","18":"product-type-simple"},"_links":{"self":[{"href":"https:\/\/effafood.com\/tr\/wp-json\/wp\/v2\/product\/21126","targetHints":{"allow":["GET"]}}],"collection":[{"href":"https:\/\/effafood.com\/tr\/wp-json\/wp\/v2\/product"}],"about":[{"href":"https:\/\/effafood.com\/tr\/wp-json\/wp\/v2\/types\/product"}],"version-history":[{"count":1,"href":"https:\/\/effafood.com\/tr\/wp-json\/wp\/v2\/product\/21126\/revisions"}],"predecessor-version":[{"id":22008,"href":"https:\/\/effafood.com\/tr\/wp-json\/wp\/v2\/product\/21126\/revisions\/22008"}],"wp:featuredmedia":[{"embeddable":true,"href":"https:\/\/effafood.com\/tr\/wp-json\/wp\/v2\/media\/21129"}],"wp:attachment":[{"href":"https:\/\/effafood.com\/tr\/wp-json\/wp\/v2\/media?parent=21126"}],"wp:term":[{"taxonomy":"product_brand","embeddable":true,"href":"https:\/\/effafood.com\/tr\/wp-json\/wp\/v2\/product_brand?post=21126"},{"taxonomy":"product_cat","embeddable":true,"href":"https:\/\/effafood.com\/tr\/wp-json\/wp\/v2\/product_cat?post=21126"},{"taxonomy":"product_tag","embeddable":true,"href":"https:\/\/effafood.com\/tr\/wp-json\/wp\/v2\/product_tag?post=21126"}],"curies":[{"name":"wp","href":"https:\/\/api.w.org\/{rel}","templated":true}]}}