{"id":21098,"date":"2025-01-12T17:30:41","date_gmt":"2025-01-12T17:30:41","guid":{"rendered":"https:\/\/effafood.com\/product\/merhaba-cikolatali-marshmallow-dolgulu-kek\/"},"modified":"2025-01-19T12:47:46","modified_gmt":"2025-01-19T12:47:46","slug":"merhaba-cikolatali-marshmallow-dolgulu-kek","status":"publish","type":"product","link":"https:\/\/effafood.com\/tr\/product\/merhaba-cikolatali-marshmallow-dolgulu-kek\/","title":{"rendered":"Hello \u00c7ikolatal\u0131 Marshmallow Dolgulu Kek"},"content":{"rendered":"","protected":false},"excerpt":{"rendered":"<p>HELLO C\u0130KOLATALI MARSHMALLOW DOLGULU B\u0130SK\u00dcV\u0130<\/p>\n<p>Hello Cikolatali Bisk\u00fcvileri, yumu\u015fak, narin bir hatmi katman\u0131 ile doldurulmu\u015f ve p\u00fcr\u00fczs\u00fcz \u00e7ikolata kremas\u0131 ile sar\u0131lm\u0131\u015f iki yuvarlak, a\u011f\u0131zda eriyen bisk\u00fcvi i\u00e7erir.<\/p>\n<p>Bu lezzetli bisk\u00fcviler, hem yeti\u015fkinleri hem de \u00e7ocuklar\u0131 memnun edecek enfes bir tat sunarak bir aile \u00e7ay partisi i\u00e7in m\u00fckemmeldir. Kar\u015f\u0131 konulmaz lezzeti ve rahatlat\u0131c\u0131 dokusuyla Hello Cikolatali Bisk\u00fcvileri herkesin favorisi olacak.<\/p>\n","protected":false},"featured_media":21095,"template":"","meta":[],"product_brand":[2896],"product_cat":[442],"product_tag":[],"class_list":{"0":"post-21098","1":"product","2":"type-product","3":"status-publish","4":"has-post-thumbnail","6":"product_brand-kbf-tr","7":"product_cat-atistirmalik","8":"pa_barcode-4823017509252-tr","9":"pa_brand-kbf-tr","10":"pa_inbox-12-tr","11":"pa_pallet-90-tr","12":"pa_shelf-life-12-ay","13":"pa_weight-2-200-gr-tr","15":"first","16":"instock","17":"shipping-taxable","18":"product-type-simple"},"_links":{"self":[{"href":"https:\/\/effafood.com\/tr\/wp-json\/wp\/v2\/product\/21098","targetHints":{"allow":["GET"]}}],"collection":[{"href":"https:\/\/effafood.com\/tr\/wp-json\/wp\/v2\/product"}],"about":[{"href":"https:\/\/effafood.com\/tr\/wp-json\/wp\/v2\/types\/product"}],"version-history":[{"count":2,"href":"https:\/\/effafood.com\/tr\/wp-json\/wp\/v2\/product\/21098\/revisions"}],"predecessor-version":[{"id":22016,"href":"https:\/\/effafood.com\/tr\/wp-json\/wp\/v2\/product\/21098\/revisions\/22016"}],"wp:featuredmedia":[{"embeddable":true,"href":"https:\/\/effafood.com\/tr\/wp-json\/wp\/v2\/media\/21095"}],"wp:attachment":[{"href":"https:\/\/effafood.com\/tr\/wp-json\/wp\/v2\/media?parent=21098"}],"wp:term":[{"taxonomy":"product_brand","embeddable":true,"href":"https:\/\/effafood.com\/tr\/wp-json\/wp\/v2\/product_brand?post=21098"},{"taxonomy":"product_cat","embeddable":true,"href":"https:\/\/effafood.com\/tr\/wp-json\/wp\/v2\/product_cat?post=21098"},{"taxonomy":"product_tag","embeddable":true,"href":"https:\/\/effafood.com\/tr\/wp-json\/wp\/v2\/product_tag?post=21098"}],"curies":[{"name":"wp","href":"https:\/\/api.w.org\/{rel}","templated":true}]}}