{"id":20891,"date":"2025-01-12T12:32:48","date_gmt":"2025-01-12T12:32:48","guid":{"rendered":"https:\/\/effafood.com\/product\/minnettar-cifte-kavrulmus-findikli-lokum\/"},"modified":"2025-01-12T13:34:30","modified_gmt":"2025-01-12T13:34:30","slug":"minnettar-cifte-kavrulmus-findikli-lokum","status":"publish","type":"product","link":"https:\/\/effafood.com\/tr\/product\/minnettar-cifte-kavrulmus-findikli-lokum\/","title":{"rendered":"Minnettar \u00c7ifte Kavrulmu\u015f F\u0131nd\u0131kl\u0131 Lokum"},"content":{"rendered":"","protected":false},"excerpt":{"rendered":"<p><strong>Minnettar F\u0131nd\u0131kl\u0131 \u00c7ifte Kavrulmu\u015f Lokum 300g<\/strong>, zengin tat ve dokular\u0131n m\u00fckemmel bir dengesini sunan nefis bir ikramd\u0131r. Birinci s\u0131n\u0131f f\u0131nd\u0131klardan yap\u0131lan ve tad\u0131n\u0131 ve aromas\u0131n\u0131 geli\u015ftirmek i\u00e7in \u00e7ifte kavrulan bu T\u00fcrk lokumu, her \u0131s\u0131r\u0131kta keyifli bir deneyim sunar.<\/p>\n<p>\u00c7\u0131t\u0131r \u00e7\u0131t\u0131r, cevizimsi f\u0131nd\u0131klar p\u00fcr\u00fczs\u00fcz, a\u011f\u0131zda eriyen lokumla uyumlu bir \u015fekilde harmanlanarak e\u015fsiz ve tatmin edici bir doku yarat\u0131r. En iyi malzemelerle ve detaylara g\u00f6sterilen \u00f6zenle haz\u0131rlanan <strong>Minnettar F\u0131nd\u0131kl\u0131 \u00c7ifte Kavrulmu\u015f Lokum<\/strong>, \u00f6zel g\u00fcnler, toplant\u0131lar veya tek ba\u015f\u0131na keyifle t\u00fcketilecek bir ikram olarak idealdir.<\/p>\n<p>\u00d6zenli kavurma i\u015flemi, f\u0131nd\u0131klar\u0131n t\u00fcm lezzetini ve besin de\u011ferini korumas\u0131n\u0131 sa\u011flarken, yumu\u015fak, lezzetli lokum onlar\u0131 m\u00fckemmel bir \u015fekilde tamamlar. \u0130ster sevdikleriniz i\u00e7in bir hediye ister kendiniz i\u00e7in bir ikram olsun, bu lokumun, geleneksel T\u00fcrk lokumunun f\u0131nd\u0131kl\u0131 bir dokunu\u015fla zamans\u0131z tad\u0131ndan ho\u015flanan herkes i\u00e7in sevilen bir favori haline gelece\u011fi kesindir.<\/p>\n","protected":false},"featured_media":20826,"template":"","meta":[],"product_brand":[2907],"product_cat":[442],"product_tag":[],"class_list":{"0":"post-20891","1":"product","2":"type-product","3":"status-publish","4":"has-post-thumbnail","6":"product_brand-sekeroglu-tr","7":"product_cat-atistirmalik","8":"pa_barcode-8695820020196-tr","9":"pa_brand-sekeroglu-tr","10":"pa_inbox-12-tr","11":"pa_pallet-81-tr","12":"pa_shelf-life-12-ay","13":"pa_weight-2-300-gr-tr","15":"first","16":"instock","17":"shipping-taxable","18":"product-type-simple"},"_links":{"self":[{"href":"https:\/\/effafood.com\/tr\/wp-json\/wp\/v2\/product\/20891","targetHints":{"allow":["GET"]}}],"collection":[{"href":"https:\/\/effafood.com\/tr\/wp-json\/wp\/v2\/product"}],"about":[{"href":"https:\/\/effafood.com\/tr\/wp-json\/wp\/v2\/types\/product"}],"version-history":[{"count":1,"href":"https:\/\/effafood.com\/tr\/wp-json\/wp\/v2\/product\/20891\/revisions"}],"predecessor-version":[{"id":20920,"href":"https:\/\/effafood.com\/tr\/wp-json\/wp\/v2\/product\/20891\/revisions\/20920"}],"wp:featuredmedia":[{"embeddable":true,"href":"https:\/\/effafood.com\/tr\/wp-json\/wp\/v2\/media\/20826"}],"wp:attachment":[{"href":"https:\/\/effafood.com\/tr\/wp-json\/wp\/v2\/media?parent=20891"}],"wp:term":[{"taxonomy":"product_brand","embeddable":true,"href":"https:\/\/effafood.com\/tr\/wp-json\/wp\/v2\/product_brand?post=20891"},{"taxonomy":"product_cat","embeddable":true,"href":"https:\/\/effafood.com\/tr\/wp-json\/wp\/v2\/product_cat?post=20891"},{"taxonomy":"product_tag","embeddable":true,"href":"https:\/\/effafood.com\/tr\/wp-json\/wp\/v2\/product_tag?post=20891"}],"curies":[{"name":"wp","href":"https:\/\/api.w.org\/{rel}","templated":true}]}}