{"id":20878,"date":"2025-01-12T12:20:20","date_gmt":"2025-01-12T12:20:20","guid":{"rendered":"https:\/\/effafood.com\/product\/minnettar-antep-fistigi-ve-nar-aromali-karisik-rulo-lokum\/"},"modified":"2025-01-12T13:34:58","modified_gmt":"2025-01-12T13:34:58","slug":"minnettar-antep-fistigi-ve-nar-aromali-karisik-rulo-lokum","status":"publish","type":"product","link":"https:\/\/effafood.com\/tr\/product\/minnettar-antep-fistigi-ve-nar-aromali-karisik-rulo-lokum\/","title":{"rendered":"Minnettar Antep F\u0131st\u0131\u011f\u0131 ve Nar Aromal\u0131 Kar\u0131\u015f\u0131k Rulo Lokum"},"content":{"rendered":"","protected":false},"excerpt":{"rendered":"<p><strong>\u015eekero\u011flu Minnettar F\u0131st\u0131k Nar Aromal\u0131 Kar\u0131\u015f\u0131k Tel Lokum 300g<\/strong> lezzet tutkunlar\u0131n\u0131n favorisi haline geldi. Bu \u00f6zel lokum \u00e7e\u015fidi, Antep f\u0131st\u0131\u011f\u0131n\u0131n zenginli\u011fi ve nar\u0131n ferahlat\u0131c\u0131 tad\u0131yla m\u00fckemmel bir \u015fekilde tamamlanan e\u015fsiz lezzetlerin kar\u0131\u015f\u0131m\u0131yla zenginle\u015ftirilmi\u015ftir.<\/p>\n<p>Her bir lokum dizisi, her \u0131s\u0131r\u0131kta yeni bir lezzet ke\u015ffetmenize olanak tan\u0131yan enfes bir tat ve doku kombinasyonu sunar. En iyi malzemelerle \u00fcretilen bu l\u00fcks ikram, ister \u00f6zel anlar\u0131 kutlamak, ister hediye olarak sunmak ya da sadece tatl\u0131 bir an\u0131n tad\u0131n\u0131 \u00e7\u0131karmak i\u00e7in olsun, her durum i\u00e7in m\u00fckemmel bir se\u00e7imdir.<\/p>\n<p>Y\u00fcksek kaliteli i\u015f\u00e7ilik ve \u00f6zenle se\u00e7ilmi\u015f malzemeler ola\u011fan\u00fcst\u00fc bir deneyim sunarken, rafine lezzetlere \u00f6nem veren herkesin mutlaka denemesi gereken bir \u00fcr\u00fcnd\u00fcr. <strong>\u015eekero\u011flu Minnettar F\u0131st\u0131kl\u0131 Nar Aromal\u0131 Kar\u0131\u015f\u0131k Tel Lokum<\/strong>, klasik T\u00fcrk <strong>lokumuna<\/strong> benzersiz bir dokunu\u015f getirerek g\u00fcn\u00fcn her saati i\u00e7in m\u00fckemmel olan keyifli bir at\u0131\u015ft\u0131rmal\u0131k yarat\u0131yor.<\/p>\n","protected":false},"featured_media":20822,"template":"","meta":[],"product_brand":[2907],"product_cat":[442],"product_tag":[],"class_list":{"0":"post-20878","1":"product","2":"type-product","3":"status-publish","4":"has-post-thumbnail","6":"product_brand-sekeroglu-tr","7":"product_cat-atistirmalik","8":"pa_barcode-8695820020219-tr","9":"pa_brand-sekeroglu-tr","10":"pa_inbox-12-tr","11":"pa_pallet-81-tr","12":"pa_shelf-life-12-ay","13":"pa_weight-2-300-gr-tr","15":"first","16":"instock","17":"shipping-taxable","18":"product-type-simple"},"_links":{"self":[{"href":"https:\/\/effafood.com\/tr\/wp-json\/wp\/v2\/product\/20878","targetHints":{"allow":["GET"]}}],"collection":[{"href":"https:\/\/effafood.com\/tr\/wp-json\/wp\/v2\/product"}],"about":[{"href":"https:\/\/effafood.com\/tr\/wp-json\/wp\/v2\/types\/product"}],"version-history":[{"count":1,"href":"https:\/\/effafood.com\/tr\/wp-json\/wp\/v2\/product\/20878\/revisions"}],"predecessor-version":[{"id":20921,"href":"https:\/\/effafood.com\/tr\/wp-json\/wp\/v2\/product\/20878\/revisions\/20921"}],"wp:featuredmedia":[{"embeddable":true,"href":"https:\/\/effafood.com\/tr\/wp-json\/wp\/v2\/media\/20822"}],"wp:attachment":[{"href":"https:\/\/effafood.com\/tr\/wp-json\/wp\/v2\/media?parent=20878"}],"wp:term":[{"taxonomy":"product_brand","embeddable":true,"href":"https:\/\/effafood.com\/tr\/wp-json\/wp\/v2\/product_brand?post=20878"},{"taxonomy":"product_cat","embeddable":true,"href":"https:\/\/effafood.com\/tr\/wp-json\/wp\/v2\/product_cat?post=20878"},{"taxonomy":"product_tag","embeddable":true,"href":"https:\/\/effafood.com\/tr\/wp-json\/wp\/v2\/product_tag?post=20878"}],"curies":[{"name":"wp","href":"https:\/\/api.w.org\/{rel}","templated":true}]}}