{"id":20875,"date":"2025-01-12T12:13:00","date_gmt":"2025-01-12T12:13:00","guid":{"rendered":"https:\/\/effafood.com\/product\/minnettar-guel-aromali-tuerk-lokumu\/"},"modified":"2025-01-12T13:35:23","modified_gmt":"2025-01-12T13:35:23","slug":"minnettar-guel-aromali-tuerk-lokumu","status":"publish","type":"product","link":"https:\/\/effafood.com\/tr\/product\/minnettar-guel-aromali-tuerk-lokumu\/","title":{"rendered":"Minnettar G\u00fcl Aromal\u0131 T\u00fcrk Lokumu"},"content":{"rendered":"","protected":false},"excerpt":{"rendered":"<p><strong>Minnettar G\u00fcl Aromal\u0131 Lokum<\/strong>, her \u0131s\u0131r\u0131kta taze g\u00fcllerin narin kokusunu hayata ge\u00e7iren rafine bir ikramd\u0131r. En iyi malzemelerle haz\u0131rlanan bu l\u00fcks T\u00fcrk lokumu, geleneksel lokumun tatl\u0131l\u0131\u011f\u0131n\u0131 g\u00fcl\u00fcn zarif, \u00e7i\u00e7eksi aromas\u0131yla birle\u015ftirir.<\/p>\n<p>Her bir par\u00e7a incelikle tatland\u0131r\u0131lm\u0131\u015ft\u0131r ve duyular\u0131n\u0131z\u0131 b\u00fcy\u00fcleyecek e\u015fsiz ve sofistike bir tat sunar. Titizlikle \u00fcretilen <strong>Minnettar G\u00fcl Aromal\u0131 Lokum<\/strong>, yumu\u015fak, a\u011f\u0131zda eriyen dokusuyla her durum i\u00e7in m\u00fckemmel bir keyiftir. \u0130ster ikindi \u00e7ay\u0131n\u0131z\u0131 y\u00fcceltmek, ister bir kutlamada misafirlerinizi etkilemek ya da sadece bir anl\u0131k tatl\u0131l\u0131\u011f\u0131n tad\u0131n\u0131 \u00e7\u0131karmak isteyin, bu lokum kokulu bir dokunu\u015fla geleneksel bir tat sunar.<\/p>\n","protected":false},"featured_media":20806,"template":"","meta":[],"product_brand":[2907],"product_cat":[442],"product_tag":[],"class_list":{"0":"post-20875","1":"product","2":"type-product","3":"status-publish","4":"has-post-thumbnail","6":"product_brand-sekeroglu-tr","7":"product_cat-atistirmalik","8":"pa_barcode-8695820020158-tr","9":"pa_brand-sekeroglu-tr","10":"pa_inbox-12-tr","11":"pa_pallet-81-tr","12":"pa_shelf-life-12-ay","13":"pa_weight-2-300-gr-tr","15":"first","16":"instock","17":"shipping-taxable","18":"product-type-simple"},"_links":{"self":[{"href":"https:\/\/effafood.com\/tr\/wp-json\/wp\/v2\/product\/20875","targetHints":{"allow":["GET"]}}],"collection":[{"href":"https:\/\/effafood.com\/tr\/wp-json\/wp\/v2\/product"}],"about":[{"href":"https:\/\/effafood.com\/tr\/wp-json\/wp\/v2\/types\/product"}],"version-history":[{"count":1,"href":"https:\/\/effafood.com\/tr\/wp-json\/wp\/v2\/product\/20875\/revisions"}],"predecessor-version":[{"id":20922,"href":"https:\/\/effafood.com\/tr\/wp-json\/wp\/v2\/product\/20875\/revisions\/20922"}],"wp:featuredmedia":[{"embeddable":true,"href":"https:\/\/effafood.com\/tr\/wp-json\/wp\/v2\/media\/20806"}],"wp:attachment":[{"href":"https:\/\/effafood.com\/tr\/wp-json\/wp\/v2\/media?parent=20875"}],"wp:term":[{"taxonomy":"product_brand","embeddable":true,"href":"https:\/\/effafood.com\/tr\/wp-json\/wp\/v2\/product_brand?post=20875"},{"taxonomy":"product_cat","embeddable":true,"href":"https:\/\/effafood.com\/tr\/wp-json\/wp\/v2\/product_cat?post=20875"},{"taxonomy":"product_tag","embeddable":true,"href":"https:\/\/effafood.com\/tr\/wp-json\/wp\/v2\/product_tag?post=20875"}],"curies":[{"name":"wp","href":"https:\/\/api.w.org\/{rel}","templated":true}]}}