{"id":20871,"date":"2025-01-12T11:31:16","date_gmt":"2025-01-12T11:31:16","guid":{"rendered":"https:\/\/effafood.com\/product\/sira-nar-eksisi-500-ml\/"},"modified":"2025-01-12T13:38:40","modified_gmt":"2025-01-12T13:38:40","slug":"sira-nar-eksisi-500-ml","status":"publish","type":"product","link":"https:\/\/effafood.com\/tr\/product\/sira-nar-eksisi-500-ml\/","title":{"rendered":"Sira Nar Ek\u015fisi 500 ml"},"content":{"rendered":"","protected":false},"excerpt":{"rendered":"<p>Salatalar\u0131n\u0131za veya yemeklerinize s\u0131ra d\u0131\u015f\u0131 bir lezzet katmak istiyorsan\u0131z, <strong>S\u0131ra Nar Aromal\u0131 Sos<\/strong> size m\u00fckemmel bir e\u015flik\u00e7i olacakt\u0131r. Do\u011fal nar \u00f6zleri ve \u00f6zenle se\u00e7ilmi\u015f baharatlarla yap\u0131lan bu sos, her yeme\u011fe sofistike bir tat ve derinlik katar.<\/p>\n<p>Tatl\u0131 ve keskin tatlar\u0131n zengin dengesi salatalar\u0131n\u0131z\u0131, et yemeklerinizi, mezelerinizi ve hatta at\u0131\u015ft\u0131rmal\u0131klar\u0131n\u0131z\u0131 yepyeni bir seviyeye y\u00fckseltir. Bu \u00f6zel sos sofran\u0131za sadece lezzet de\u011fil ayn\u0131 zamanda \u015f\u0131kl\u0131k da katar. Her lokmada e\u015fsiz bir lezzet deneyimi ya\u015fatan <strong>S\u0131ra Nar Aromal\u0131 Sos<\/strong>, yemeklerinize hem lezzet hem de g\u00f6rsellik katar.<\/p>\n","protected":false},"featured_media":20773,"template":"","meta":[],"product_brand":[2907],"product_cat":[439],"product_tag":[],"class_list":{"0":"post-20871","1":"product","2":"type-product","3":"status-publish","4":"has-post-thumbnail","6":"product_brand-sekeroglu-tr","7":"product_cat-diger","8":"pa_barcode-8695820023111-tr","9":"pa_brand-sekeroglu-tr","10":"pa_inbox-24-tr","11":"pa_pallet-55-tr","12":"pa_shelf-life-24-ay","13":"pa_weight-2-500-ml-tr","15":"first","16":"instock","17":"shipping-taxable","18":"product-type-simple"},"_links":{"self":[{"href":"https:\/\/effafood.com\/tr\/wp-json\/wp\/v2\/product\/20871","targetHints":{"allow":["GET"]}}],"collection":[{"href":"https:\/\/effafood.com\/tr\/wp-json\/wp\/v2\/product"}],"about":[{"href":"https:\/\/effafood.com\/tr\/wp-json\/wp\/v2\/types\/product"}],"version-history":[{"count":1,"href":"https:\/\/effafood.com\/tr\/wp-json\/wp\/v2\/product\/20871\/revisions"}],"predecessor-version":[{"id":20929,"href":"https:\/\/effafood.com\/tr\/wp-json\/wp\/v2\/product\/20871\/revisions\/20929"}],"wp:featuredmedia":[{"embeddable":true,"href":"https:\/\/effafood.com\/tr\/wp-json\/wp\/v2\/media\/20773"}],"wp:attachment":[{"href":"https:\/\/effafood.com\/tr\/wp-json\/wp\/v2\/media?parent=20871"}],"wp:term":[{"taxonomy":"product_brand","embeddable":true,"href":"https:\/\/effafood.com\/tr\/wp-json\/wp\/v2\/product_brand?post=20871"},{"taxonomy":"product_cat","embeddable":true,"href":"https:\/\/effafood.com\/tr\/wp-json\/wp\/v2\/product_cat?post=20871"},{"taxonomy":"product_tag","embeddable":true,"href":"https:\/\/effafood.com\/tr\/wp-json\/wp\/v2\/product_tag?post=20871"}],"curies":[{"name":"wp","href":"https:\/\/api.w.org\/{rel}","templated":true}]}}