{"id":20866,"date":"2025-01-12T11:59:52","date_gmt":"2025-01-12T11:59:52","guid":{"rendered":"https:\/\/effafood.com\/product\/minettar-cifte-kavrulmus-antep-fistikli-lokum\/"},"modified":"2025-01-12T13:37:35","modified_gmt":"2025-01-12T13:37:35","slug":"minettar-cifte-kavrulmus-antep-fistikli-lokum","status":"publish","type":"product","link":"https:\/\/effafood.com\/tr\/product\/minettar-cifte-kavrulmus-antep-fistikli-lokum\/","title":{"rendered":"Minettar \u00c7ifte Kavrulmu\u015f Antep F\u0131st\u0131kl\u0131 Lokum"},"content":{"rendered":"","protected":false},"excerpt":{"rendered":"<p><strong>Minnettar 300 Gram Antep F\u0131st\u0131kl\u0131 \u00c7ifte Kavrulmu\u015f Lokum<\/strong>, lezzet tutkunlar\u0131n\u0131n favorisi olmaya aday bir \u00fcr\u00fcn. \u0130nce dilimlenmi\u015f lokum, taze Antep f\u0131st\u0131\u011f\u0131 par\u00e7alar\u0131yla birle\u015ferek hem g\u00f6rsel olarak \u00e7ekici hem de lezzetli bir deneyim sunuyor.<\/p>\n<p>\u00c7ift kavurma i\u015flemi lokumun tad\u0131n\u0131 ve aromas\u0131n\u0131 zenginle\u015ftirirken, Antep f\u0131st\u0131\u011f\u0131n\u0131n besin de\u011ferini de koruyor. Geleneksel y\u00f6ntemlerle haz\u0131rlanan ve \u00f6zenle paketlenen Minnettar Antep f\u0131st\u0131kl\u0131 \u00e7ifte kavrulmu\u015f lokum, \u00f6zel g\u00fcnlerde ikram etmek ya da sevdiklerinize keyifli bir hediye olarak sunmak i\u00e7in m\u00fckemmel bir se\u00e7enektir. Her bir par\u00e7as\u0131nda \u00fcst\u00fcn kalite ve enfes bir tat bulacaks\u0131n\u0131z.<\/p>\n","protected":false},"featured_media":20790,"template":"","meta":[],"product_brand":[2907],"product_cat":[442],"product_tag":[],"class_list":{"0":"post-20866","1":"product","2":"type-product","3":"status-publish","4":"has-post-thumbnail","6":"product_brand-sekeroglu-tr","7":"product_cat-atistirmalik","8":"pa_barcode-8695820020189-tr","9":"pa_brand-sekeroglu-tr","10":"pa_inbox-12-tr","11":"pa_pallet-81-tr","12":"pa_shelf-life-12-ay","13":"pa_weight-2-300-gr-tr","15":"first","16":"instock","17":"shipping-taxable","18":"product-type-simple"},"_links":{"self":[{"href":"https:\/\/effafood.com\/tr\/wp-json\/wp\/v2\/product\/20866","targetHints":{"allow":["GET"]}}],"collection":[{"href":"https:\/\/effafood.com\/tr\/wp-json\/wp\/v2\/product"}],"about":[{"href":"https:\/\/effafood.com\/tr\/wp-json\/wp\/v2\/types\/product"}],"version-history":[{"count":1,"href":"https:\/\/effafood.com\/tr\/wp-json\/wp\/v2\/product\/20866\/revisions"}],"predecessor-version":[{"id":20926,"href":"https:\/\/effafood.com\/tr\/wp-json\/wp\/v2\/product\/20866\/revisions\/20926"}],"wp:featuredmedia":[{"embeddable":true,"href":"https:\/\/effafood.com\/tr\/wp-json\/wp\/v2\/media\/20790"}],"wp:attachment":[{"href":"https:\/\/effafood.com\/tr\/wp-json\/wp\/v2\/media?parent=20866"}],"wp:term":[{"taxonomy":"product_brand","embeddable":true,"href":"https:\/\/effafood.com\/tr\/wp-json\/wp\/v2\/product_brand?post=20866"},{"taxonomy":"product_cat","embeddable":true,"href":"https:\/\/effafood.com\/tr\/wp-json\/wp\/v2\/product_cat?post=20866"},{"taxonomy":"product_tag","embeddable":true,"href":"https:\/\/effafood.com\/tr\/wp-json\/wp\/v2\/product_tag?post=20866"}],"curies":[{"name":"wp","href":"https:\/\/api.w.org\/{rel}","templated":true}]}}