{"id":20863,"date":"2025-01-12T12:04:40","date_gmt":"2025-01-12T12:04:40","guid":{"rendered":"https:\/\/effafood.com\/product\/minnettar-cifte-kavrulmus-antep-fistigi-ve-nar-aromali-lokum\/"},"modified":"2025-01-12T13:36:50","modified_gmt":"2025-01-12T13:36:50","slug":"minnettar-cifte-kavrulmus-antep-fistigi-ve-nar-aromali-lokum","status":"publish","type":"product","link":"https:\/\/effafood.com\/tr\/product\/minnettar-cifte-kavrulmus-antep-fistigi-ve-nar-aromali-lokum\/","title":{"rendered":"Minnettar \u00c7ifte Kavrulmu\u015f Antep F\u0131st\u0131\u011f\u0131 ve Nar Aromal\u0131 Lokum"},"content":{"rendered":"","protected":false},"excerpt":{"rendered":"<p><strong>Minnettar&#8217;\u0131n \u00f6zenle haz\u0131rlad\u0131\u011f\u0131 300 graml\u0131k f\u0131st\u0131kl\u0131 nar aromal\u0131 \u00e7ifte kavrulmu\u015f lokum<\/strong>, geleneksel T\u00fcrk mutfa\u011f\u0131n\u0131n ger\u00e7ek bir temsilidir. Bu \u00f6zel lokum, dama\u011f\u0131n\u0131zda e\u015fsiz bir tat b\u0131rakmak i\u00e7in en iyi malzemeler kullan\u0131larak \u00fcretilmi\u015ftir.<\/p>\n<p>Her bir par\u00e7a \u00f6zenle se\u00e7ilmi\u015f Antep f\u0131st\u0131\u011f\u0131 ile zenginle\u015ftirilirken, nar aromas\u0131 tatl\u0131 bir dokunu\u015f katar. \u00c7ift kavurma i\u015flemi dokuyu geli\u015ftirerek daha yo\u011fun ve lezzetli hale getirir. Ayr\u0131ca Minnettar&#8217;\u0131n titiz \u00fcretim s\u00fcreci sayesinde tazelik ve kalite her zaman garanti alt\u0131ndad\u0131r.<\/p>\n","protected":false},"featured_media":20795,"template":"","meta":[],"product_brand":[2907],"product_cat":[442],"product_tag":[],"class_list":{"0":"post-20863","1":"product","2":"type-product","3":"status-publish","4":"has-post-thumbnail","6":"product_brand-sekeroglu-tr","7":"product_cat-atistirmalik","8":"pa_barcode-8695820020202-tr","9":"pa_brand-sekeroglu-tr","10":"pa_inbox-12-tr","11":"pa_pallet-81-tr","12":"pa_shelf-life-12-ay","13":"pa_weight-2-300-gr-tr","15":"first","16":"instock","17":"shipping-taxable","18":"product-type-simple"},"_links":{"self":[{"href":"https:\/\/effafood.com\/tr\/wp-json\/wp\/v2\/product\/20863","targetHints":{"allow":["GET"]}}],"collection":[{"href":"https:\/\/effafood.com\/tr\/wp-json\/wp\/v2\/product"}],"about":[{"href":"https:\/\/effafood.com\/tr\/wp-json\/wp\/v2\/types\/product"}],"version-history":[{"count":1,"href":"https:\/\/effafood.com\/tr\/wp-json\/wp\/v2\/product\/20863\/revisions"}],"predecessor-version":[{"id":20925,"href":"https:\/\/effafood.com\/tr\/wp-json\/wp\/v2\/product\/20863\/revisions\/20925"}],"wp:featuredmedia":[{"embeddable":true,"href":"https:\/\/effafood.com\/tr\/wp-json\/wp\/v2\/media\/20795"}],"wp:attachment":[{"href":"https:\/\/effafood.com\/tr\/wp-json\/wp\/v2\/media?parent=20863"}],"wp:term":[{"taxonomy":"product_brand","embeddable":true,"href":"https:\/\/effafood.com\/tr\/wp-json\/wp\/v2\/product_brand?post=20863"},{"taxonomy":"product_cat","embeddable":true,"href":"https:\/\/effafood.com\/tr\/wp-json\/wp\/v2\/product_cat?post=20863"},{"taxonomy":"product_tag","embeddable":true,"href":"https:\/\/effafood.com\/tr\/wp-json\/wp\/v2\/product_tag?post=20863"}],"curies":[{"name":"wp","href":"https:\/\/api.w.org\/{rel}","templated":true}]}}