{"id":20861,"date":"2025-01-12T11:04:43","date_gmt":"2025-01-12T11:04:43","guid":{"rendered":"https:\/\/effafood.com\/product\/sira-kofte-baharat-karisimi\/"},"modified":"2025-01-12T13:40:09","modified_gmt":"2025-01-12T13:40:09","slug":"sira-kofte-baharat-karisimi","status":"publish","type":"product","link":"https:\/\/effafood.com\/tr\/product\/sira-kofte-baharat-karisimi\/","title":{"rendered":"Sira K\u00f6fte Baharat Kar\u0131\u015f\u0131m\u0131"},"content":{"rendered":"","protected":false},"excerpt":{"rendered":"<p>S\u0131ra K\u00f6fte Kar\u0131\u015f\u0131m\u0131 ile t\u00fcm k\u00f6fte tariflerinizi yepyeni bir lezzet seviyesine ta\u015f\u0131yabilirsiniz. \u0130ster geleneksel T\u00fcrk k\u00f6ftesi haz\u0131rlay\u0131n, ister farkl\u0131 d\u00fcnya mutfaklar\u0131ndan ilham al\u0131n, S\u0131ra K\u00f6fte Kar\u0131\u015f\u0131m\u0131 her tarife m\u00fckemmel tat ve doku katacak.<\/p>\n<p>Baharat ve do\u011fal malzemelerden olu\u015fan kar\u0131\u015f\u0131m\u0131 ile k\u00f6ftelerinizi zengin bir aroma ve e\u015fsiz bir lezzet derinli\u011fi ile zenginle\u015ftirir. Ki\u015fisel zevkinize g\u00f6re uyarlanabilen bu kar\u0131\u015f\u0131m, sofran\u0131z i\u00e7in ola\u011fan\u00fcst\u00fc bir yemek deneyimi sunar. Pratik ve lezzetli olan bu kar\u0131\u015f\u0131m, ev yap\u0131m\u0131 k\u00f6ftenizi sevdiklerinizle payla\u015fmay\u0131 her zamankinden daha keyifli hale getiriyor.<\/p>\n","protected":false},"featured_media":20749,"template":"","meta":[],"product_brand":[2907],"product_cat":[439],"product_tag":[],"class_list":{"0":"post-20861","1":"product","2":"type-product","3":"status-publish","4":"has-post-thumbnail","6":"product_brand-sekeroglu-tr","7":"product_cat-diger","8":"pa_barcode-8695820016816-tr","9":"pa_brand-sekeroglu-tr","10":"pa_inbox-52-tr","11":"pa_pallet-75-tr","12":"pa_shelf-life-24-ay","13":"pa_weight-2-100-gr-tr","15":"first","16":"instock","17":"shipping-taxable","18":"product-type-simple"},"_links":{"self":[{"href":"https:\/\/effafood.com\/tr\/wp-json\/wp\/v2\/product\/20861","targetHints":{"allow":["GET"]}}],"collection":[{"href":"https:\/\/effafood.com\/tr\/wp-json\/wp\/v2\/product"}],"about":[{"href":"https:\/\/effafood.com\/tr\/wp-json\/wp\/v2\/types\/product"}],"version-history":[{"count":1,"href":"https:\/\/effafood.com\/tr\/wp-json\/wp\/v2\/product\/20861\/revisions"}],"predecessor-version":[{"id":20933,"href":"https:\/\/effafood.com\/tr\/wp-json\/wp\/v2\/product\/20861\/revisions\/20933"}],"wp:featuredmedia":[{"embeddable":true,"href":"https:\/\/effafood.com\/tr\/wp-json\/wp\/v2\/media\/20749"}],"wp:attachment":[{"href":"https:\/\/effafood.com\/tr\/wp-json\/wp\/v2\/media?parent=20861"}],"wp:term":[{"taxonomy":"product_brand","embeddable":true,"href":"https:\/\/effafood.com\/tr\/wp-json\/wp\/v2\/product_brand?post=20861"},{"taxonomy":"product_cat","embeddable":true,"href":"https:\/\/effafood.com\/tr\/wp-json\/wp\/v2\/product_cat?post=20861"},{"taxonomy":"product_tag","embeddable":true,"href":"https:\/\/effafood.com\/tr\/wp-json\/wp\/v2\/product_tag?post=20861"}],"curies":[{"name":"wp","href":"https:\/\/api.w.org\/{rel}","templated":true}]}}