{"id":20856,"date":"2025-01-12T12:08:52","date_gmt":"2025-01-12T12:08:52","guid":{"rendered":"https:\/\/effafood.com\/product\/minnettar-antep-fistikli-karisik-parmak-lokum\/"},"modified":"2025-01-12T13:36:19","modified_gmt":"2025-01-12T13:36:19","slug":"minnettar-antep-fistikli-karisik-parmak-lokum","status":"publish","type":"product","link":"https:\/\/effafood.com\/tr\/product\/minnettar-antep-fistikli-karisik-parmak-lokum\/","title":{"rendered":"Minnettar Antep F\u0131st\u0131kl\u0131 Kar\u0131\u015f\u0131k Fitil Lokum"},"content":{"rendered":"","protected":false},"excerpt":{"rendered":"<div class=\"flex-1 overflow-hidden @container\/thread\">\n<div class=\"h-full\">\n<div class=\"react-scroll-to-bottom--css-pvjni-79elbk h-full\">\n<div class=\"react-scroll-to-bottom--css-pvjni-1n7m0yu\">\n<div class=\"flex flex-col text-sm md:pb-9\">\n<article class=\"w-full scroll-mb-[var(--thread-trailing-height,150px)] text-token-text-primary focus-visible:outline-2 focus-visible:outline-offset-[-4px]\" dir=\"auto\" data-testid=\"conversation-turn-45\" data-scroll-anchor=\"true\">\n<div class=\"m-auto text-base py-[18px] px-3 md:px-4 w-full md:px-5 lg:px-4 xl:px-5\">\n<div class=\"mx-auto flex flex-1 gap-4 text-base md:gap-5 lg:gap-6 md:max-w-3xl\">\n<div class=\"group\/conversation-turn relative flex w-full min-w-0 flex-col agent-turn\">\n<div class=\"flex-col gap-1 md:gap-3\">\n<div class=\"flex max-w-full flex-col flex-grow\">\n<div class=\"min-h-8 text-message flex w-full flex-col items-end gap-2 whitespace-normal break-words text-start [.text-message+&amp;]:mt-5\" dir=\"auto\" data-message-author-role=\"assistant\" data-message-id=\"1998fb3a-64b6-4dad-bc43-da4cf89f2f75\" data-message-model-slug=\"gpt-4o-mini\">\n<div class=\"flex w-full flex-col gap-1 empty:hidden first:pt-[3px]\">\n<div class=\"markdown prose w-full break-words dark:prose-invert light\">\n<p><strong>\u015eekero\u011flu Minnettar Antep F\u0131st\u0131kl\u0131 Kar\u0131\u015f\u0131k Tel Lokum 300g<\/strong> lezzet tutkunlar\u0131n\u0131n g\u00f6zdesi haline geldi. Bu \u00f6zel lokum \u00e7e\u015fidi \u00e7e\u015fitli aromalarla zenginle\u015ftirilmi\u015f ve Antep f\u0131st\u0131\u011f\u0131n\u0131n zenginli\u011fi ile tamamlanm\u0131\u015ft\u0131r.<\/p>\n<p>Her bir lokum dizisi, her \u0131s\u0131r\u0131kta yeni bir lezzet ke\u015ffetmenizi sa\u011flayan benzersiz bir tat ve doku kombinasyonu sunar. Y\u00fcksek kaliteli malzemelerle \u00fcretilen bu keyifli ikram, \u00f6zel g\u00fcnler i\u00e7in, hediye olarak veya sadece keyif anlar\u0131nda tad\u0131n\u0131 \u00e7\u0131karmak i\u00e7in m\u00fckemmel bir se\u00e7imdir.<\/p>\n<\/div>\n<\/div>\n<\/div>\n<\/div>\n<\/div>\n<\/div>\n<\/div>\n<\/div>\n<\/article>\n<\/div>\n<\/div>\n<\/div>\n<\/div>\n<\/div>\n","protected":false},"featured_media":20800,"template":"","meta":[],"product_brand":[2907],"product_cat":[442],"product_tag":[],"class_list":{"0":"post-20856","1":"product","2":"type-product","3":"status-publish","4":"has-post-thumbnail","6":"product_brand-sekeroglu-tr","7":"product_cat-atistirmalik","8":"pa_barcode-8695820020172-tr","9":"pa_brand-sekeroglu-tr","10":"pa_inbox-12-tr","11":"pa_pallet-81-tr","12":"pa_shelf-life-12-ay","13":"pa_weight-2-300-gr-tr","15":"first","16":"instock","17":"shipping-taxable","18":"product-type-simple"},"_links":{"self":[{"href":"https:\/\/effafood.com\/tr\/wp-json\/wp\/v2\/product\/20856","targetHints":{"allow":["GET"]}}],"collection":[{"href":"https:\/\/effafood.com\/tr\/wp-json\/wp\/v2\/product"}],"about":[{"href":"https:\/\/effafood.com\/tr\/wp-json\/wp\/v2\/types\/product"}],"version-history":[{"count":2,"href":"https:\/\/effafood.com\/tr\/wp-json\/wp\/v2\/product\/20856\/revisions"}],"predecessor-version":[{"id":20924,"href":"https:\/\/effafood.com\/tr\/wp-json\/wp\/v2\/product\/20856\/revisions\/20924"}],"wp:featuredmedia":[{"embeddable":true,"href":"https:\/\/effafood.com\/tr\/wp-json\/wp\/v2\/media\/20800"}],"wp:attachment":[{"href":"https:\/\/effafood.com\/tr\/wp-json\/wp\/v2\/media?parent=20856"}],"wp:term":[{"taxonomy":"product_brand","embeddable":true,"href":"https:\/\/effafood.com\/tr\/wp-json\/wp\/v2\/product_brand?post=20856"},{"taxonomy":"product_cat","embeddable":true,"href":"https:\/\/effafood.com\/tr\/wp-json\/wp\/v2\/product_cat?post=20856"},{"taxonomy":"product_tag","embeddable":true,"href":"https:\/\/effafood.com\/tr\/wp-json\/wp\/v2\/product_tag?post=20856"}],"curies":[{"name":"wp","href":"https:\/\/api.w.org\/{rel}","templated":true}]}}