{"id":20850,"date":"2025-01-12T11:18:22","date_gmt":"2025-01-12T11:18:22","guid":{"rendered":"https:\/\/effafood.com\/product\/sira-adana-kebap-baharat-karisimi\/"},"modified":"2025-01-12T13:39:25","modified_gmt":"2025-01-12T13:39:25","slug":"sira-adana-kebap-baharat-karisimi","status":"publish","type":"product","link":"https:\/\/effafood.com\/tr\/product\/sira-adana-kebap-baharat-karisimi\/","title":{"rendered":"S\u0131ra Adana Kebap Baharat Kar\u0131\u015f\u0131m\u0131"},"content":{"rendered":"","protected":false},"excerpt":{"rendered":"<p>M\u00fckemmel bir Adana Kebap sadece etin kalitesiyle ilgili de\u011fildir, ayn\u0131 zamanda do\u011fru tat ve baharat kar\u0131\u015f\u0131m\u0131yla da ilgilidir. \u0130\u015fte <strong>S\u0131ra Adana Kebap Kar\u0131\u015f\u0131m\u0131<\/strong> burada devreye giriyor. Birinci s\u0131n\u0131f malzemelerin benzersiz bir kombinasyonuyla \u00f6zenle haz\u0131rlanan bu kar\u0131\u015f\u0131m, ev yap\u0131m\u0131 kebab\u0131n\u0131z\u0131n arzu etti\u011finiz otantik, a\u011f\u0131z suland\u0131ran lezzete ula\u015fmas\u0131n\u0131 sa\u011flar.<\/p>\n<p>\u0130ster deneyimli bir \u015fef ister yeni ba\u015flayan biri olun, bu kar\u0131\u015f\u0131m masan\u0131zdaki herkesi etkileyecek lezzetli, sulu bir Adana Kebab\u0131 haz\u0131rlamay\u0131 kolayla\u015ft\u0131r\u0131r. S\u0131ra Adana Kebap Kar\u0131\u015f\u0131m\u0131, ger\u00e7ekten unutulmaz kebap deneyimleri yaratmak i\u00e7in gizli malzemeniz olsun.<\/p>\n","protected":false},"featured_media":20759,"template":"","meta":[],"product_brand":[2907],"product_cat":[439],"product_tag":[],"class_list":{"0":"post-20850","1":"product","2":"type-product","3":"status-publish","4":"has-post-thumbnail","6":"product_brand-sekeroglu-tr","7":"product_cat-diger","8":"pa_barcode-8695820017097-tr","9":"pa_brand-sekeroglu-tr","10":"pa_inbox-52-tr","11":"pa_pallet-75-tr","12":"pa_shelf-life-24-ay","13":"pa_weight-2-70-gr-tr","15":"first","16":"instock","17":"shipping-taxable","18":"product-type-simple"},"_links":{"self":[{"href":"https:\/\/effafood.com\/tr\/wp-json\/wp\/v2\/product\/20850","targetHints":{"allow":["GET"]}}],"collection":[{"href":"https:\/\/effafood.com\/tr\/wp-json\/wp\/v2\/product"}],"about":[{"href":"https:\/\/effafood.com\/tr\/wp-json\/wp\/v2\/types\/product"}],"version-history":[{"count":1,"href":"https:\/\/effafood.com\/tr\/wp-json\/wp\/v2\/product\/20850\/revisions"}],"predecessor-version":[{"id":20931,"href":"https:\/\/effafood.com\/tr\/wp-json\/wp\/v2\/product\/20850\/revisions\/20931"}],"wp:featuredmedia":[{"embeddable":true,"href":"https:\/\/effafood.com\/tr\/wp-json\/wp\/v2\/media\/20759"}],"wp:attachment":[{"href":"https:\/\/effafood.com\/tr\/wp-json\/wp\/v2\/media?parent=20850"}],"wp:term":[{"taxonomy":"product_brand","embeddable":true,"href":"https:\/\/effafood.com\/tr\/wp-json\/wp\/v2\/product_brand?post=20850"},{"taxonomy":"product_cat","embeddable":true,"href":"https:\/\/effafood.com\/tr\/wp-json\/wp\/v2\/product_cat?post=20850"},{"taxonomy":"product_tag","embeddable":true,"href":"https:\/\/effafood.com\/tr\/wp-json\/wp\/v2\/product_tag?post=20850"}],"curies":[{"name":"wp","href":"https:\/\/api.w.org\/{rel}","templated":true}]}}