{"id":20849,"date":"2024-12-28T23:10:51","date_gmt":"2024-12-28T23:10:51","guid":{"rendered":"https:\/\/effafood.com\/product\/bal-kaplamali-findik-tatlisi-buyuk\/"},"modified":"2025-01-12T13:44:15","modified_gmt":"2025-01-12T13:44:15","slug":"bal-kaplamali-findik-tatlisi-buyuk","status":"publish","type":"product","link":"https:\/\/effafood.com\/tr\/product\/bal-kaplamali-findik-tatlisi-buyuk\/","title":{"rendered":"Bal Kaplamal\u0131 \u00c7erez Tatl\u0131s\u0131 (B\u00fcy\u00fck)"},"content":{"rendered":"","protected":false},"excerpt":{"rendered":"<p>T\u00fcrk k\u00fclt\u00fcr\u00fcnde yemek misafirperverli\u011fin, gelene\u011fin ve kutlaman\u0131n bir yans\u0131mas\u0131d\u0131r. Bal Kapl\u0131 Kuruyemi\u015f Tatl\u0131m\u0131z da bir istisna de\u011fildir. \u00d6zenle se\u00e7ilmi\u015f, y\u00fcksek kaliteli kuruyemi\u015flerin saf balla kaplanmas\u0131yla yap\u0131lan bu tatl\u0131, bereket, s\u0131cakl\u0131k ve iyi \u015fans\u0131n sembol\u00fcd\u00fcr.<\/p>\n<p>Geleneksel olarak bayramlarda, aile toplant\u0131lar\u0131nda ve dini kutlamalarda servis edilen bu tatl\u0131, T\u00fcrk mutfak geleneklerinin kalbinde \u00f6zel bir yer edinmi\u015ftir.<\/p>\n","protected":false},"featured_media":20678,"template":"","meta":[],"product_brand":[2907],"product_cat":[439],"product_tag":[],"class_list":{"0":"post-20849","1":"product","2":"type-product","3":"status-publish","4":"has-post-thumbnail","6":"product_brand-sekeroglu-tr","7":"product_cat-diger","8":"pa_barcode-8695820007210-tr","9":"pa_brand-sekeroglu-tr","10":"pa_inbox-12-tr","11":"pa_pallet-80-tr","12":"pa_shelf-life-24-ay","13":"pa_weight-2-720-gr-tr","15":"first","16":"instock","17":"shipping-taxable","18":"product-type-simple"},"_links":{"self":[{"href":"https:\/\/effafood.com\/tr\/wp-json\/wp\/v2\/product\/20849","targetHints":{"allow":["GET"]}}],"collection":[{"href":"https:\/\/effafood.com\/tr\/wp-json\/wp\/v2\/product"}],"about":[{"href":"https:\/\/effafood.com\/tr\/wp-json\/wp\/v2\/types\/product"}],"version-history":[{"count":2,"href":"https:\/\/effafood.com\/tr\/wp-json\/wp\/v2\/product\/20849\/revisions"}],"predecessor-version":[{"id":20939,"href":"https:\/\/effafood.com\/tr\/wp-json\/wp\/v2\/product\/20849\/revisions\/20939"}],"wp:featuredmedia":[{"embeddable":true,"href":"https:\/\/effafood.com\/tr\/wp-json\/wp\/v2\/media\/20678"}],"wp:attachment":[{"href":"https:\/\/effafood.com\/tr\/wp-json\/wp\/v2\/media?parent=20849"}],"wp:term":[{"taxonomy":"product_brand","embeddable":true,"href":"https:\/\/effafood.com\/tr\/wp-json\/wp\/v2\/product_brand?post=20849"},{"taxonomy":"product_cat","embeddable":true,"href":"https:\/\/effafood.com\/tr\/wp-json\/wp\/v2\/product_cat?post=20849"},{"taxonomy":"product_tag","embeddable":true,"href":"https:\/\/effafood.com\/tr\/wp-json\/wp\/v2\/product_tag?post=20849"}],"curies":[{"name":"wp","href":"https:\/\/api.w.org\/{rel}","templated":true}]}}