{"id":20841,"date":"2024-12-28T22:34:54","date_gmt":"2024-12-28T22:34:54","guid":{"rendered":"https:\/\/effafood.com\/product\/minnettar-turk-kahvesi-2\/"},"modified":"2025-01-12T13:44:40","modified_gmt":"2025-01-12T13:44:40","slug":"minnettar-turk-kahvesi-2","status":"publish","type":"product","link":"https:\/\/effafood.com\/tr\/product\/minnettar-turk-kahvesi-2\/","title":{"rendered":"Minnettar T\u00fcrk Kahvesi"},"content":{"rendered":"","protected":false},"excerpt":{"rendered":"<p>T\u00fcrk k\u00fclt\u00fcr\u00fcnde \u00f6nemli bir yere sahip olan T\u00fcrk Kahvesi, Osmanl\u0131 \u0130mparatorlu\u011fu&#8217;ndan g\u00fcn\u00fcm\u00fcze ula\u015fan en eski kahve haz\u0131rlama ve pi\u015firme y\u00f6ntemlerinden biridir. Kendine has tad\u0131, k\u00f6p\u00fc\u011f\u00fc, kokusu ve sunum \u015fekli ile \u00f6zg\u00fcn bir kimli\u011fe ve gelene\u011fe sahiptir.<\/p>\n<p>UNESCO&#8217;nun Somut Olmayan K\u00fclt\u00fcrel Miras Listesi&#8217;ne 2013 y\u0131l\u0131nda dahil edilen T\u00fcrk kahvesi k\u00fclt\u00fcr\u00fc ve gelene\u011fi canl\u0131l\u0131\u011f\u0131n\u0131 korumaktad\u0131r. \u00d6\u011f\u00fct\u00fclm\u00fc\u015f kahve ile servis edilen tek kahve t\u00fcr\u00fc olan T\u00fcrk Kahvesi, en g\u00fczel anlar\u0131n\u0131z i\u00e7in \u00f6zel ambalaj\u0131nda sizleri bekliyor.<\/p>\n","protected":false},"featured_media":20717,"template":"","meta":[],"product_brand":[2907],"product_cat":[902],"product_tag":[],"class_list":{"0":"post-20841","1":"product","2":"type-product","3":"status-publish","4":"has-post-thumbnail","6":"product_brand-sekeroglu-tr","7":"product_cat-kahve","8":"pa_barcode-8695820017226-tr","9":"pa_brand-sekeroglu-tr","10":"pa_inbox-24-tr","11":"pa_pallet-150-tr","12":"pa_shelf-life-18-ay","13":"pa_weight-2-100-gr-tr","15":"first","16":"instock","17":"shipping-taxable","18":"product-type-simple"},"_links":{"self":[{"href":"https:\/\/effafood.com\/tr\/wp-json\/wp\/v2\/product\/20841","targetHints":{"allow":["GET"]}}],"collection":[{"href":"https:\/\/effafood.com\/tr\/wp-json\/wp\/v2\/product"}],"about":[{"href":"https:\/\/effafood.com\/tr\/wp-json\/wp\/v2\/types\/product"}],"version-history":[{"count":1,"href":"https:\/\/effafood.com\/tr\/wp-json\/wp\/v2\/product\/20841\/revisions"}],"predecessor-version":[{"id":20940,"href":"https:\/\/effafood.com\/tr\/wp-json\/wp\/v2\/product\/20841\/revisions\/20940"}],"wp:featuredmedia":[{"embeddable":true,"href":"https:\/\/effafood.com\/tr\/wp-json\/wp\/v2\/media\/20717"}],"wp:attachment":[{"href":"https:\/\/effafood.com\/tr\/wp-json\/wp\/v2\/media?parent=20841"}],"wp:term":[{"taxonomy":"product_brand","embeddable":true,"href":"https:\/\/effafood.com\/tr\/wp-json\/wp\/v2\/product_brand?post=20841"},{"taxonomy":"product_cat","embeddable":true,"href":"https:\/\/effafood.com\/tr\/wp-json\/wp\/v2\/product_cat?post=20841"},{"taxonomy":"product_tag","embeddable":true,"href":"https:\/\/effafood.com\/tr\/wp-json\/wp\/v2\/product_tag?post=20841"}],"curies":[{"name":"wp","href":"https:\/\/api.w.org\/{rel}","templated":true}]}}