{"id":20661,"date":"2024-12-28T22:11:12","date_gmt":"2024-12-28T22:11:12","guid":{"rendered":"https:\/\/effafood.com\/product\/minnettar-menengic-kahve\/"},"modified":"2025-01-12T13:45:00","modified_gmt":"2025-01-12T13:45:00","slug":"minnettar-menengic-kahve","status":"publish","type":"product","link":"https:\/\/effafood.com\/tr\/product\/minnettar-menengic-kahve\/","title":{"rendered":"Minnettar Menengi\u00e7 Kahve"},"content":{"rendered":"","protected":false},"excerpt":{"rendered":"<p>Sak\u0131z a\u011fac\u0131giller familyas\u0131ndan bir a\u011fa\u00e7 olan Menengi\u00e7 (\u00c7itlembik) a\u011fac\u0131n\u0131n meyvelerinin kurutulup \u00f6\u011f\u00fct\u00fclmesiyle \u00fcretilen Menengi\u00e7 Kahvesi, etkileyici kokusu, aromas\u0131 ve kafeinsiz yumu\u015fak i\u00e7imiyle a\u011f\u0131zda ho\u015f bir tat b\u0131rak\u0131yor.<\/p>\n<p>Odunsu baharatl\u0131 tad\u0131yla farkl\u0131 bir lezzet ya\u015famak isteyenlerin tercih etti\u011fi Memenengi\u00e7 Kahvesi, halk dilinde \u00c7itlembik, \u00c7edene, \u00c7\u0131tl\u0131k olarak da adland\u0131r\u0131l\u0131yor. A\u011f\u0131zda f\u0131st\u0131k tad\u0131 b\u0131rakan Menengi\u00e7 Kahvesi, en do\u011fal ye\u015fil mercimek tanelerinden \u00fcretiliyor.<\/p>\n<div class=\"health\"><\/div>\n","protected":false},"featured_media":20658,"template":"","meta":[],"product_brand":[2907],"product_cat":[902],"product_tag":[],"class_list":{"0":"post-20661","1":"product","2":"type-product","3":"status-publish","4":"has-post-thumbnail","6":"product_brand-sekeroglu-tr","7":"product_cat-kahve","8":"pa_barcode-8695820017332-tr","9":"pa_brand-sekeroglu-tr","10":"pa_inbox-12-tr","11":"pa_pallet-224-tr","12":"pa_shelf-life-24-ay","13":"pa_weight-2-165-gr-tr","15":"first","16":"instock","17":"shipping-taxable","18":"product-type-simple"},"_links":{"self":[{"href":"https:\/\/effafood.com\/tr\/wp-json\/wp\/v2\/product\/20661","targetHints":{"allow":["GET"]}}],"collection":[{"href":"https:\/\/effafood.com\/tr\/wp-json\/wp\/v2\/product"}],"about":[{"href":"https:\/\/effafood.com\/tr\/wp-json\/wp\/v2\/types\/product"}],"version-history":[{"count":1,"href":"https:\/\/effafood.com\/tr\/wp-json\/wp\/v2\/product\/20661\/revisions"}],"predecessor-version":[{"id":20941,"href":"https:\/\/effafood.com\/tr\/wp-json\/wp\/v2\/product\/20661\/revisions\/20941"}],"wp:featuredmedia":[{"embeddable":true,"href":"https:\/\/effafood.com\/tr\/wp-json\/wp\/v2\/media\/20658"}],"wp:attachment":[{"href":"https:\/\/effafood.com\/tr\/wp-json\/wp\/v2\/media?parent=20661"}],"wp:term":[{"taxonomy":"product_brand","embeddable":true,"href":"https:\/\/effafood.com\/tr\/wp-json\/wp\/v2\/product_brand?post=20661"},{"taxonomy":"product_cat","embeddable":true,"href":"https:\/\/effafood.com\/tr\/wp-json\/wp\/v2\/product_cat?post=20661"},{"taxonomy":"product_tag","embeddable":true,"href":"https:\/\/effafood.com\/tr\/wp-json\/wp\/v2\/product_tag?post=20661"}],"curies":[{"name":"wp","href":"https:\/\/api.w.org\/{rel}","templated":true}]}}