{"id":20651,"date":"2024-12-28T22:03:46","date_gmt":"2024-12-28T22:03:46","guid":{"rendered":"https:\/\/effafood.com\/product\/minnettar-dibek-kahve\/"},"modified":"2025-01-12T13:45:32","modified_gmt":"2025-01-12T13:45:32","slug":"minnettar-dibek-kahve","status":"publish","type":"product","link":"https:\/\/effafood.com\/tr\/product\/minnettar-dibek-kahve\/","title":{"rendered":"Minnettar Dibek Kahve"},"content":{"rendered":"","protected":false},"excerpt":{"rendered":"<p>T\u00fcrk kahvesi ve \u00e7e\u015fitli otlar\u0131n kar\u0131\u015f\u0131m\u0131n\u0131n \u00f6\u011f\u00fct\u00fclmesiyle haz\u0131rlanan Dibek Kahvesi, yumu\u015fak i\u00e7imi ve a\u011f\u0131zda b\u0131rakt\u0131\u011f\u0131 ho\u015f tad\u0131yla s\u0131k\u00e7a tercih edilen y\u00f6resel kahvelerimizden biridir. Osmanl\u0131 d\u00f6neminden bu yana varl\u0131\u011f\u0131n\u0131 s\u00fcrd\u00fcren Dibek Kahvesi, T\u00fcrk kahvesine g\u00f6re daha yumu\u015fak bir tada sahiptir ve i\u00e7indeki kar\u0131\u015f\u0131m sayesinde i\u00e7imi daha kolayd\u0131r.<\/p>\n<p>Ke\u00e7iboynuzu, salep, zahter, kakao ve menengi\u00e7 i\u00e7eren Minnettar Dibek Kahvesi, tarihten gelen bu muhte\u015fem lezzeti dama\u011f\u0131n\u0131zda ya\u015fat\u0131yor.<\/p>\n<div class=\"health\"><\/div>\n","protected":false},"featured_media":20618,"template":"","meta":[],"product_brand":[2907],"product_cat":[902],"product_tag":[],"class_list":{"0":"post-20651","1":"product","2":"type-product","3":"status-publish","4":"has-post-thumbnail","6":"product_brand-sekeroglu-tr","7":"product_cat-kahve","8":"pa_barcode-8695820017349-tr","9":"pa_brand-sekeroglu-tr","10":"pa_inbox-12-tr","11":"pa_pallet-224-tr","12":"pa_shelf-life-24-ay","13":"pa_weight-2-165-gr-tr","15":"first","16":"instock","17":"shipping-taxable","18":"product-type-simple"},"_links":{"self":[{"href":"https:\/\/effafood.com\/tr\/wp-json\/wp\/v2\/product\/20651","targetHints":{"allow":["GET"]}}],"collection":[{"href":"https:\/\/effafood.com\/tr\/wp-json\/wp\/v2\/product"}],"about":[{"href":"https:\/\/effafood.com\/tr\/wp-json\/wp\/v2\/types\/product"}],"version-history":[{"count":1,"href":"https:\/\/effafood.com\/tr\/wp-json\/wp\/v2\/product\/20651\/revisions"}],"predecessor-version":[{"id":20942,"href":"https:\/\/effafood.com\/tr\/wp-json\/wp\/v2\/product\/20651\/revisions\/20942"}],"wp:featuredmedia":[{"embeddable":true,"href":"https:\/\/effafood.com\/tr\/wp-json\/wp\/v2\/media\/20618"}],"wp:attachment":[{"href":"https:\/\/effafood.com\/tr\/wp-json\/wp\/v2\/media?parent=20651"}],"wp:term":[{"taxonomy":"product_brand","embeddable":true,"href":"https:\/\/effafood.com\/tr\/wp-json\/wp\/v2\/product_brand?post=20651"},{"taxonomy":"product_cat","embeddable":true,"href":"https:\/\/effafood.com\/tr\/wp-json\/wp\/v2\/product_cat?post=20651"},{"taxonomy":"product_tag","embeddable":true,"href":"https:\/\/effafood.com\/tr\/wp-json\/wp\/v2\/product_tag?post=20651"}],"curies":[{"name":"wp","href":"https:\/\/api.w.org\/{rel}","templated":true}]}}