{"id":20647,"date":"2024-12-28T22:00:27","date_gmt":"2024-12-28T22:00:27","guid":{"rendered":"https:\/\/effafood.com\/product\/minnettar-antep-fistigi-aromali-kahve\/"},"modified":"2025-01-12T13:45:58","modified_gmt":"2025-01-12T13:45:58","slug":"minnettar-antep-fistigi-aromali-kahve","status":"publish","type":"product","link":"https:\/\/effafood.com\/tr\/product\/minnettar-antep-fistigi-aromali-kahve\/","title":{"rendered":"Minnettar Antep F\u0131st\u0131\u011f\u0131 Aromal\u0131 Kahve"},"content":{"rendered":"","protected":false},"excerpt":{"rendered":"<p>T\u00fcrk kahvesi \u00e7ekirdekleri ve Antep F\u0131st\u0131\u011f\u0131 taneleri kendi ya\u011f\u0131nda \u00f6zenle kavrulur ve ta\u015f de\u011firmenlerde \u00f6\u011f\u00fct\u00fcl\u00fcr. Minnettar F\u0131st\u0131kl\u0131 Kahve, di\u011fer kahvelere g\u00f6re daha k\u0131vaml\u0131, yumu\u015fak ve aromatiktir.<\/p>\n<p>Ayr\u0131ca i\u00e7im s\u0131ras\u0131nda hissedilen lezzetli f\u0131st\u0131k par\u00e7ac\u0131klar\u0131 tad\u0131n\u0131 ta\u00e7land\u0131r\u0131r. Hem kahvenin hem de Antep f\u0131st\u0131\u011f\u0131n\u0131n a\u011fz\u0131n\u0131zda b\u0131rakt\u0131\u011f\u0131 muazzam tad\u0131 ayn\u0131 anda seveceksiniz.<\/p>\n<div class=\"health\"><\/div>\n","protected":false},"featured_media":20711,"template":"","meta":[],"product_brand":[2907],"product_cat":[902],"product_tag":[],"class_list":{"0":"post-20647","1":"product","2":"type-product","3":"status-publish","4":"has-post-thumbnail","6":"product_brand-sekeroglu-tr","7":"product_cat-kahve","8":"pa_barcode-8695820019923-tr","9":"pa_brand-sekeroglu-tr","10":"pa_inbox-12-tr","11":"pa_pallet-224-tr","12":"pa_shelf-life-24-ay","13":"pa_weight-2-165-gr-tr","15":"first","16":"instock","17":"shipping-taxable","18":"product-type-simple"},"_links":{"self":[{"href":"https:\/\/effafood.com\/tr\/wp-json\/wp\/v2\/product\/20647","targetHints":{"allow":["GET"]}}],"collection":[{"href":"https:\/\/effafood.com\/tr\/wp-json\/wp\/v2\/product"}],"about":[{"href":"https:\/\/effafood.com\/tr\/wp-json\/wp\/v2\/types\/product"}],"version-history":[{"count":2,"href":"https:\/\/effafood.com\/tr\/wp-json\/wp\/v2\/product\/20647\/revisions"}],"predecessor-version":[{"id":20943,"href":"https:\/\/effafood.com\/tr\/wp-json\/wp\/v2\/product\/20647\/revisions\/20943"}],"wp:featuredmedia":[{"embeddable":true,"href":"https:\/\/effafood.com\/tr\/wp-json\/wp\/v2\/media\/20711"}],"wp:attachment":[{"href":"https:\/\/effafood.com\/tr\/wp-json\/wp\/v2\/media?parent=20647"}],"wp:term":[{"taxonomy":"product_brand","embeddable":true,"href":"https:\/\/effafood.com\/tr\/wp-json\/wp\/v2\/product_brand?post=20647"},{"taxonomy":"product_cat","embeddable":true,"href":"https:\/\/effafood.com\/tr\/wp-json\/wp\/v2\/product_cat?post=20647"},{"taxonomy":"product_tag","embeddable":true,"href":"https:\/\/effafood.com\/tr\/wp-json\/wp\/v2\/product_tag?post=20647"}],"curies":[{"name":"wp","href":"https:\/\/api.w.org\/{rel}","templated":true}]}}