{"id":20634,"date":"2024-12-28T21:45:42","date_gmt":"2024-12-28T21:45:42","guid":{"rendered":"https:\/\/effafood.com\/product\/minnettar-salep\/"},"modified":"2025-01-12T13:46:53","modified_gmt":"2025-01-12T13:46:53","slug":"minnettar-salep","status":"publish","type":"product","link":"https:\/\/effafood.com\/tr\/product\/minnettar-salep\/","title":{"rendered":"Minnettar Salep"},"content":{"rendered":"","protected":false},"excerpt":{"rendered":"<div class=\"woocommerce-product-details__short-description\">\n<p>Yumu\u015fak tad\u0131 ve ho\u015f kokusuyla k\u0131\u015f aylar\u0131n\u0131n vazge\u00e7ilmezlerinden biri olan S\u00fctl\u00fc Sahlep, orkide ailesinin bir\u00e7ok t\u00fcr\u00fcn\u00fcn toprak alt\u0131 yumrular\u0131n\u0131n tozundan elde ediliyor.<\/p>\n<p>Minnettar S\u00fctl\u00fc Sahleplerimizde sadece salep tozu ve s\u00fct bulunmaktad\u0131r. Do\u011fal sahlep k\u00f6klerinin \u00f6\u011f\u00fct\u00fclmesiyle elde edilen sahlepimiz, so\u011fuk k\u0131\u015f g\u00fcnlerinde i\u00e7inizi \u0131s\u0131tmak i\u00e7in paketlendi.<\/p>\n<\/div>\n","protected":false},"featured_media":20714,"template":"","meta":[],"product_brand":[2907],"product_cat":[902],"product_tag":[],"class_list":{"0":"post-20634","1":"product","2":"type-product","3":"status-publish","4":"has-post-thumbnail","6":"product_brand-sekeroglu-tr","7":"product_cat-kahve","8":"pa_barcode-8695820018278-tr-2","9":"pa_brand-sekeroglu-tr","10":"pa_inbox-12-tr","11":"pa_pallet-224-tr","12":"pa_shelf-life-24-ay","13":"pa_weight-2-200-gr-tr","15":"first","16":"instock","17":"shipping-taxable","18":"product-type-simple"},"_links":{"self":[{"href":"https:\/\/effafood.com\/tr\/wp-json\/wp\/v2\/product\/20634","targetHints":{"allow":["GET"]}}],"collection":[{"href":"https:\/\/effafood.com\/tr\/wp-json\/wp\/v2\/product"}],"about":[{"href":"https:\/\/effafood.com\/tr\/wp-json\/wp\/v2\/types\/product"}],"version-history":[{"count":2,"href":"https:\/\/effafood.com\/tr\/wp-json\/wp\/v2\/product\/20634\/revisions"}],"predecessor-version":[{"id":20945,"href":"https:\/\/effafood.com\/tr\/wp-json\/wp\/v2\/product\/20634\/revisions\/20945"}],"wp:featuredmedia":[{"embeddable":true,"href":"https:\/\/effafood.com\/tr\/wp-json\/wp\/v2\/media\/20714"}],"wp:attachment":[{"href":"https:\/\/effafood.com\/tr\/wp-json\/wp\/v2\/media?parent=20634"}],"wp:term":[{"taxonomy":"product_brand","embeddable":true,"href":"https:\/\/effafood.com\/tr\/wp-json\/wp\/v2\/product_brand?post=20634"},{"taxonomy":"product_cat","embeddable":true,"href":"https:\/\/effafood.com\/tr\/wp-json\/wp\/v2\/product_cat?post=20634"},{"taxonomy":"product_tag","embeddable":true,"href":"https:\/\/effafood.com\/tr\/wp-json\/wp\/v2\/product_tag?post=20634"}],"curies":[{"name":"wp","href":"https:\/\/api.w.org\/{rel}","templated":true}]}}