{"id":24277,"date":"2025-02-19T16:43:31","date_gmt":"2025-02-19T16:43:31","guid":{"rendered":"https:\/\/effafood.com\/insan-kaynaklari\/"},"modified":"2025-02-19T17:17:25","modified_gmt":"2025-02-19T17:17:25","slug":"insan-kaynaklari","status":"publish","type":"page","link":"https:\/\/effafood.com\/tr\/insan-kaynaklari\/","title":{"rendered":"\u0130nsan Kaynaklar\u0131"},"content":{"rendered":"\t\t<div data-elementor-type=\"wp-page\" data-elementor-id=\"24277\" class=\"elementor elementor-24277 elementor-24262\">\n\t\t\t\t\t\t<section class=\"elementor-section elementor-top-section elementor-element elementor-element-25845fd elementor-section-boxed elementor-section-height-default elementor-section-height-default\" data-id=\"25845fd\" data-element_type=\"section\">\n\t\t\t\t\t\t<div class=\"elementor-container elementor-column-gap-default\">\n\t\t\t\t\t<div class=\"elementor-column elementor-col-100 elementor-top-column elementor-element elementor-element-8f059c4\" data-id=\"8f059c4\" data-element_type=\"column\">\n\t\t\t<div class=\"elementor-widget-wrap elementor-element-populated\">\n\t\t\t\t\t\t<div class=\"elementor-element elementor-element-a77cca1 wd-width-100 elementor-widget elementor-widget-wd_title\" data-id=\"a77cca1\" data-element_type=\"widget\" data-widget_type=\"wd_title.default\">\n\t\t\t\t<div class=\"elementor-widget-container\">\n\t\t\t\t\t\t\t<div class=\"title-wrapper wd-set-mb reset-last-child wd-title-color-primary wd-title-style-simple wd-title-size-extra-large text-left\">\n\n\t\t\t\n\t\t\t<div class=\"liner-continer\">\n\t\t\t\t<h4 class=\"woodmart-title-container title wd-fontsize-xxxl\">\u0130nsan Kaynaklar\u0131<\/h4> \n\t\t\t\t\t\t\t<\/div>\n\n\t\t\t\t\t<\/div>\n\t\t\t\t\t\t<\/div>\n\t\t\t\t<\/div>\n\t\t\t\t<div class=\"elementor-element elementor-element-be0d192 color-scheme-inherit text-left elementor-widget elementor-widget-text-editor\" data-id=\"be0d192\" data-element_type=\"widget\" data-widget_type=\"text-editor.default\">\n\t\t\t\t<div class=\"elementor-widget-container\">\n\t\t\t\t\t\t\t\t\t<p><strong>Effa Food&#8217;da, \u00e7al\u0131\u015fanlar\u0131m\u0131z\u0131n ba\u015far\u0131m\u0131z\u0131n kalbi oldu\u011funa inan\u0131yoruz. Tutku, i\u015fbirli\u011fi ve yenili\u011fin geli\u015fti\u011fi bir \u00e7al\u0131\u015fma ortam\u0131n\u0131 te\u015fvik etmeye kendimizi adad\u0131k. Kaliteye olan ba\u011fl\u0131l\u0131\u011f\u0131m\u0131z sadece yaratt\u0131\u011f\u0131m\u0131z \u00fcr\u00fcnler i\u00e7in ge\u00e7erli de\u011fildir; ekip \u00fcyelerimize davran\u0131\u015f bi\u00e7imimizi de kapsar.    <\/strong><\/p>\n<p><strong>Ailemizin ayr\u0131lmaz bir par\u00e7as\u0131 olarak, \u00e7al\u0131\u015fanlar\u0131m\u0131z hem ki\u015fisel hem de profesyonel olarak b\u00fcy\u00fcmeye te\u015fvik edilmektedir. E\u011fitim, ilerleme ve yeni fikir ve katk\u0131lara de\u011fer verilen destekleyici bir ortam i\u00e7in f\u0131rsatlar sunarak onlar\u0131n geli\u015fimine yat\u0131r\u0131m yap\u0131yoruz.   <\/strong><\/p>\n<p><strong>\u0130ster kariyerinize yeni ba\u015fl\u0131yor ister yolculu\u011funuzda bir sonraki ad\u0131m\u0131 ar\u0131yor olun, Effa Food \u00fcretimden pazarlamaya, lojisti\u011fe ve \u00f6tesine kadar \u00e7e\u015fitli alanlarda \u00e7ok \u00e7e\u015fitli kariyer f\u0131rsatlar\u0131 sunmaktad\u0131r. Her zaman de\u011ferlerimizi ve m\u00fckemmellik sunma tutkumuzu payla\u015fan yetenekli bireyler ar\u0131yoruz.   <\/strong><\/p>\n<p><strong>\u00c7e\u015fitlili\u011fin kutland\u0131\u011f\u0131 ve kapsay\u0131c\u0131l\u0131\u011f\u0131n yapt\u0131\u011f\u0131m\u0131z her \u015feyin merkezinde yer ald\u0131\u011f\u0131, f\u0131rsat e\u015fitli\u011fine sahip bir i\u015fveren olmaktan gurur duyuyoruz. Effa Food&#8217;da, toplumlar\u0131m\u0131zda olumlu bir etki yaratmaya ve \u00e7evremizdeki \u00e7e\u015fitli d\u00fcnyay\u0131 yans\u0131tan bir i\u015fyeri yaratmaya kararl\u0131y\u0131z.   <\/strong><\/p>\n<p><strong>S\u0131k\u0131 \u00e7al\u0131\u015fmaya, yarat\u0131c\u0131l\u0131\u011fa ve d\u00fcr\u00fcstl\u00fc\u011fe de\u011fer veren dinamik bir ekibe kat\u0131lmaya haz\u0131rsan\u0131z, mevcut i\u015f ilanlar\u0131m\u0131z\u0131 incelemenizi ve bug\u00fcn ba\u015fvurman\u0131z\u0131 \u00f6neririz. Birlikte Effa Food&#8217;un gelece\u011fini in\u015fa etmeye devam edebilir ve sekt\u00f6r\u00fc daha iyiye do\u011fru \u015fekillendirebiliriz.   <\/strong><\/p>\n<p><strong>Effa Food&#8217;da kariyer yapmay\u0131 d\u00fc\u015f\u00fcnd\u00fc\u011f\u00fcn\u00fcz i\u00e7in te\u015fekk\u00fcr ederiz. Sizinle tan\u0131\u015fmak i\u00e7in sab\u0131rs\u0131zlan\u0131yoruz!   <\/strong><\/p>\n<p><strong>Sayg\u0131lar\u0131mla,  <\/strong><\/p>\n<p><strong>Effa G\u0131da \u0130nsan Kaynaklar\u0131 Ekibi  <\/strong><\/p>\n\t\t\t\t\t\t\t\t<\/div>\n\t\t\t\t<\/div>\n\t\t\t\t<section class=\"wd-negative-gap elementor-section elementor-inner-section elementor-element elementor-element-97cad31 elementor-section-content-middle elementor-section-boxed elementor-section-height-default elementor-section-height-default\" data-id=\"97cad31\" data-element_type=\"section\">\n\t\t\t\t\t\t<div class=\"elementor-container elementor-column-gap-default\">\n\t\t\t\t\t<div class=\"elementor-column elementor-col-100 elementor-inner-column elementor-element elementor-element-7eef6ea\" data-id=\"7eef6ea\" data-element_type=\"column\">\n\t\t\t<div class=\"elementor-widget-wrap elementor-element-populated\">\n\t\t\t\t\t\t<div class=\"elementor-element elementor-element-2196179 elementor-widget__width-auto elementor-widget elementor-widget-wd_social_buttons\" data-id=\"2196179\" data-element_type=\"widget\" data-widget_type=\"wd_social_buttons.default\">\n\t\t\t\t<div class=\"elementor-widget-container\">\n\t\t\t\t\t\t\t\t<div\n\t\t\t\t\t\tclass=\" wd-social-icons wd-style-bordered wd-size-small social-follow wd-shape-circle color-scheme-dark text-right\">\n\t\t\t\t\n\t\t\t\t\n\t\t\t\t\n\t\t\t\t\n\t\t\t\t\n\t\t\t\t\n\t\t\t\t\t\t\t\t\t<a rel=\"noopener noreferrer nofollow\" href=\"https:\/\/www.instagram.com\/effafood\/\" target=\"_blank\" class=\" wd-social-icon social-instagram\" aria-label=\"Instagram social link\">\n\t\t\t\t\t\t<span class=\"wd-icon\"><\/span>\n\t\t\t\t\t\t\t\t\t\t\t<\/a>\n\t\t\t\t\n\t\t\t\t\n\t\t\t\t\n\t\t\t\t\n\t\t\t\t\n\t\t\t\t\t\t\t\t\t<a rel=\"noopener noreferrer nofollow\" href=\"https:\/\/linkedin.com\/company\/effa-food-gmbh\" target=\"_blank\" class=\" wd-social-icon social-linkedin\" aria-label=\"Linkedin social link\">\n\t\t\t\t\t\t<span class=\"wd-icon\"><\/span>\n\t\t\t\t\t\t\t\t\t\t\t<\/a>\n\t\t\t\t\n\t\t\t\t\n\t\t\t\t\n\t\t\t\t\n\t\t\t\t\n\t\t\t\t\n\t\t\t\t\n\t\t\t\t\n\t\t\t\t\n\t\t\t\t\t\t\t\t\t<a rel=\"noopener noreferrer nofollow\" href=\"https:\/\/wa.me\/491728521910\" target=\"_blank\" class=\"wd-hide-md  wd-social-icon social-whatsapp\" aria-label=\"WhatsApp social link\">\n\t\t\t\t\t\t<span class=\"wd-icon\"><\/span>\n\t\t\t\t\t\t\t\t\t\t\t<\/a>\n\n\t\t\t\t\t<a rel=\"noopener noreferrer nofollow\" href=\"https:\/\/wa.me\/491728521910\" target=\"_blank\" class=\"wd-hide-lg  wd-social-icon social-whatsapp\" aria-label=\"WhatsApp social link\">\n\t\t\t\t\t\t<span class=\"wd-icon\"><\/span>\n\t\t\t\t\t\t\t\t\t\t\t<\/a>\n\t\t\t\t\n\t\t\t\t\n\t\t\t\t\n\t\t\t\t\n\t\t\t\t\n\t\t\t\t\n\t\t\t\t\n\t\t\t\t\n\t\t\t<\/div>\n\n\t\t\t\t\t\t<\/div>\n\t\t\t\t<\/div>\n\t\t\t\t\t<\/div>\n\t\t<\/div>\n\t\t\t\t\t<\/div>\n\t\t<\/section>\n\t\t\t\t\t<\/div>\n\t\t<\/div>\n\t\t\t\t\t<\/div>\n\t\t<\/section>\n\t\t\t\t<\/div>\n\t\t","protected":false},"excerpt":{"rendered":"<p>\u0130nsan Kaynaklar\u0131 Effa Food&#8217;da, \u00e7al\u0131\u015fanlar\u0131m\u0131z\u0131n ba\u015far\u0131m\u0131z\u0131n kalbi oldu\u011funa inan\u0131yoruz. Tutku, i\u015fbirli\u011fi ve yenili\u011fin geli\u015fti\u011fi bir \u00e7al\u0131\u015fma ortam\u0131n\u0131 te\u015fvik etmeye kendimizi<\/p>\n","protected":false},"author":1,"featured_media":0,"parent":0,"menu_order":0,"comment_status":"closed","ping_status":"closed","template":"","meta":{"footnotes":""},"class_list":["post-24277","page","type-page","status-publish","hentry"],"_links":{"self":[{"href":"https:\/\/effafood.com\/tr\/wp-json\/wp\/v2\/pages\/24277","targetHints":{"allow":["GET"]}}],"collection":[{"href":"https:\/\/effafood.com\/tr\/wp-json\/wp\/v2\/pages"}],"about":[{"href":"https:\/\/effafood.com\/tr\/wp-json\/wp\/v2\/types\/page"}],"author":[{"embeddable":true,"href":"https:\/\/effafood.com\/tr\/wp-json\/wp\/v2\/users\/1"}],"replies":[{"embeddable":true,"href":"https:\/\/effafood.com\/tr\/wp-json\/wp\/v2\/comments?post=24277"}],"version-history":[{"count":1,"href":"https:\/\/effafood.com\/tr\/wp-json\/wp\/v2\/pages\/24277\/revisions"}],"predecessor-version":[{"id":24278,"href":"https:\/\/effafood.com\/tr\/wp-json\/wp\/v2\/pages\/24277\/revisions\/24278"}],"wp:attachment":[{"href":"https:\/\/effafood.com\/tr\/wp-json\/wp\/v2\/media?parent=24277"}],"curies":[{"name":"wp","href":"https:\/\/api.w.org\/{rel}","templated":true}]}}