{"id":20385,"date":"2021-10-12T16:27:24","date_gmt":"2021-10-12T16:27:24","guid":{"rendered":"https:\/\/effafood.com\/bize-ulasin\/"},"modified":"2025-09-07T21:06:57","modified_gmt":"2025-09-07T21:06:57","slug":"bize-ulasin","status":"publish","type":"page","link":"https:\/\/effafood.com\/tr\/bize-ulasin\/","title":{"rendered":"Bize ula\u015f\u0131n"},"content":{"rendered":"\t\t<div data-elementor-type=\"wp-page\" data-elementor-id=\"20385\" class=\"elementor elementor-20385 elementor-4439\">\n\t\t\t\t\t\t<section class=\"wd-negative-gap elementor-section elementor-top-section elementor-element elementor-element-55a6ae58 elementor-section-boxed elementor-section-height-default elementor-section-height-default\" data-id=\"55a6ae58\" data-element_type=\"section\">\n\t\t\t\t\t\t<div class=\"elementor-container elementor-column-gap-default\">\n\t\t\t\t\t<div class=\"elementor-column elementor-col-100 elementor-top-column elementor-element elementor-element-73db68f8\" data-id=\"73db68f8\" data-element_type=\"column\">\n\t\t\t<div class=\"elementor-widget-wrap elementor-element-populated\">\n\t\t\t\t\t\t<div class=\"elementor-element elementor-element-65edcdd0 wd-width-100 elementor-widget elementor-widget-wd_title\" data-id=\"65edcdd0\" data-element_type=\"widget\" data-widget_type=\"wd_title.default\">\n\t\t\t\t<div class=\"elementor-widget-container\">\n\t\t\t\t\t\t\t<div class=\"title-wrapper wd-set-mb reset-last-child wd-title-color-primary wd-title-style-simple wd-title-size-extra-large text-center\">\n\n\t\t\t\n\t\t\t<div class=\"liner-continer\">\n\t\t\t\t<h4 class=\"woodmart-title-container title wd-fontsize-xxxl\">Bize Ula\u015f\u0131n<\/h4> \n\t\t\t\t\t\t\t<\/div>\n\n\t\t\t\t\t\t\t<div class=\"title-after_title reset-last-child wd-fontsize-s\">\n\t\t\t\t\t<p>Sorular\u0131n\u0131z, geri bildirimleriniz veya i\u015fbirli\u011fi f\u0131rsatlar\u0131n\u0131z i\u00e7in bize ula\u015fmaktan \u00e7ekinmeyin. Size yard\u0131mc\u0131 olmaktan mutluluk duyar\u0131z <\/p>\t\t\t\t<\/div>\n\t\t\t\t\t<\/div>\n\t\t\t\t\t\t<\/div>\n\t\t\t\t<\/div>\n\t\t\t\t\t<\/div>\n\t\t<\/div>\n\t\t\t\t\t<\/div>\n\t\t<\/section>\n\t\t\t\t<section class=\"wd-negative-gap elementor-section elementor-top-section elementor-element elementor-element-2da4bbae elementor-section-boxed elementor-section-height-default elementor-section-height-default\" data-id=\"2da4bbae\" data-element_type=\"section\">\n\t\t\t\t\t\t<div class=\"elementor-container elementor-column-gap-extended\">\n\t\t\t\t\t<div class=\"elementor-column elementor-col-25 elementor-top-column elementor-element elementor-element-14341b97\" data-id=\"14341b97\" data-element_type=\"column\">\n\t\t\t<div class=\"elementor-widget-wrap elementor-element-populated\">\n\t\t\t\t\t\t<div class=\"elementor-element elementor-element-6a5f5749 elementor-widget elementor-widget-wd_infobox\" data-id=\"6a5f5749\" data-element_type=\"widget\" data-widget_type=\"wd_infobox.default\">\n\t\t\t\t<div class=\"elementor-widget-container\">\n\t\t\t\t\t\t\t<div class=\"info-box-wrapper\">\n\t\t\t<div class=\"wd-info-box text-left box-icon-align-top box-style-base color-scheme-\">\n\t\t\t\t\n\t\t\t\t<div class=\"info-box-content\">\n\t\t\t\t\t\n\t\t\t\t\t\t\t\t\t\t\t<h4\t\t\t\t\t\tclass=\"info-box-title title box-title-style-underlined wd-fontsize-s\" data-elementor-setting-key=\"title\">\n\t\t\t\t\t\t\t\tADRES\t\t\t\t\t\t<\/h4>\n\t\t\t\t\t\n\t\t\t\t\t<div class=\"info-box-inner reset-last-child\"data-elementor-setting-key=\"content\"><p>Am Holzhafen 12, D-28217 Bremen<\/p>\n<\/div>\n\n\t\t\t\t\t\t\t\t\t<\/div>\n\n\t\t\t\t\t\t\t<\/div>\n\t\t<\/div>\n\t\t\t\t\t\t<\/div>\n\t\t\t\t<\/div>\n\t\t\t\t\t<\/div>\n\t\t<\/div>\n\t\t\t\t<div class=\"elementor-column elementor-col-25 elementor-top-column elementor-element elementor-element-1374b62c\" data-id=\"1374b62c\" data-element_type=\"column\">\n\t\t\t<div class=\"elementor-widget-wrap elementor-element-populated\">\n\t\t\t\t\t\t<div class=\"elementor-element elementor-element-17b71d7e elementor-widget elementor-widget-wd_infobox\" data-id=\"17b71d7e\" data-element_type=\"widget\" data-widget_type=\"wd_infobox.default\">\n\t\t\t\t<div class=\"elementor-widget-container\">\n\t\t\t\t\t\t\t<div class=\"info-box-wrapper\">\n\t\t\t<div class=\"wd-info-box text-left box-icon-align-top box-style-base color-scheme-\">\n\t\t\t\t\n\t\t\t\t<div class=\"info-box-content\">\n\t\t\t\t\t\n\t\t\t\t\t\t\t\t\t\t\t<h4\t\t\t\t\t\tclass=\"info-box-title title box-title-style-underlined wd-fontsize-s\" data-elementor-setting-key=\"title\">\n\t\t\t\t\t\t\t\tTELEFON\t\t\t\t\t\t<\/h4>\n\t\t\t\t\t\n\t\t\t\t\t<div class=\"info-box-inner reset-last-child\"data-elementor-setting-key=\"content\"><p><span class=\"elementor-icon-list-text\">+49 172 8521910<\/span><\/p>\n<\/div>\n\n\t\t\t\t\t\t\t\t\t<\/div>\n\n\t\t\t\t\t\t\t<\/div>\n\t\t<\/div>\n\t\t\t\t\t\t<\/div>\n\t\t\t\t<\/div>\n\t\t\t\t\t<\/div>\n\t\t<\/div>\n\t\t\t\t<div class=\"elementor-column elementor-col-25 elementor-top-column elementor-element elementor-element-6fb6dd1\" data-id=\"6fb6dd1\" data-element_type=\"column\">\n\t\t\t<div class=\"elementor-widget-wrap elementor-element-populated\">\n\t\t\t\t\t\t<div class=\"elementor-element elementor-element-1095bf55 elementor-widget elementor-widget-wd_infobox\" data-id=\"1095bf55\" data-element_type=\"widget\" data-widget_type=\"wd_infobox.default\">\n\t\t\t\t<div class=\"elementor-widget-container\">\n\t\t\t\t\t\t\t<div class=\"info-box-wrapper\">\n\t\t\t<div class=\"wd-info-box text-left box-icon-align-top box-style-base color-scheme-\">\n\t\t\t\t\n\t\t\t\t<div class=\"info-box-content\">\n\t\t\t\t\t\n\t\t\t\t\t\t\t\t\t\t\t<h4\t\t\t\t\t\tclass=\"info-box-title title box-title-style-underlined wd-fontsize-s\" data-elementor-setting-key=\"title\">\n\t\t\t\t\t\t\t\tEMA\u0130L\t\t\t\t\t\t<\/h4>\n\t\t\t\t\t\n\t\t\t\t\t<div class=\"info-box-inner reset-last-child\"data-elementor-setting-key=\"content\"><p>sales@effafood.de<\/p>\n<\/div>\n\n\t\t\t\t\t\t\t\t\t<\/div>\n\n\t\t\t\t\t\t\t<\/div>\n\t\t<\/div>\n\t\t\t\t\t\t<\/div>\n\t\t\t\t<\/div>\n\t\t\t\t\t<\/div>\n\t\t<\/div>\n\t\t\t\t<div class=\"elementor-column elementor-col-25 elementor-top-column elementor-element elementor-element-43a95be\" data-id=\"43a95be\" data-element_type=\"column\">\n\t\t\t<div class=\"elementor-widget-wrap elementor-element-populated\">\n\t\t\t\t\t\t<div class=\"elementor-element elementor-element-7932390 elementor-widget elementor-widget-wd_infobox\" data-id=\"7932390\" data-element_type=\"widget\" data-widget_type=\"wd_infobox.default\">\n\t\t\t\t<div class=\"elementor-widget-container\">\n\t\t\t\t\t\t\t<div class=\"info-box-wrapper\">\n\t\t\t<div class=\"wd-info-box text-left box-icon-align-top box-style-base color-scheme-\">\n\t\t\t\t\n\t\t\t\t<div class=\"info-box-content\">\n\t\t\t\t\t\n\t\t\t\t\t\t\t\t\t\t\t<h4\t\t\t\t\t\tclass=\"info-box-title title box-title-style-underlined wd-fontsize-s\" data-elementor-setting-key=\"title\">\n\t\t\t\t\t\t\t\tWEB S\u0130TES\u0130\t\t\t\t\t\t<\/h4>\n\t\t\t\t\t\n\t\t\t\t\t<div class=\"info-box-inner reset-last-child\"data-elementor-setting-key=\"content\"><p>effafood.com<\/p>\n<\/div>\n\n\t\t\t\t\t\t\t\t\t<\/div>\n\n\t\t\t\t\t\t\t<\/div>\n\t\t<\/div>\n\t\t\t\t\t\t<\/div>\n\t\t\t\t<\/div>\n\t\t\t\t\t<\/div>\n\t\t<\/div>\n\t\t\t\t\t<\/div>\n\t\t<\/section>\n\t\t<div class=\"wd-negative-gap elementor-element elementor-element-096b5a8 e-flex e-con-boxed e-con e-parent\" data-id=\"096b5a8\" data-element_type=\"container\">\n\t\t\t\t\t<div class=\"e-con-inner\">\n\t\t\t\t<div class=\"elementor-element elementor-element-5f022ae elementor-widget elementor-widget-google_maps\" data-id=\"5f022ae\" data-element_type=\"widget\" data-widget_type=\"google_maps.default\">\n\t\t\t\t<div class=\"elementor-widget-container\">\n\t\t\t\t\t\t\t<div class=\"elementor-custom-embed\">\n\t\t\t<iframe loading=\"lazy\"\n\t\t\t\t\tsrc=\"https:\/\/maps.google.com\/maps?q=Am%20Holzhafen%2012%2C%2028217%20Bremen&#038;t=m&#038;z=10&#038;output=embed&#038;iwloc=near\"\n\t\t\t\t\ttitle=\"Am Holzhafen 12, 28217 Bremen\"\n\t\t\t\t\taria-label=\"Am Holzhafen 12, 28217 Bremen\"\n\t\t\t><\/iframe>\n\t\t<\/div>\n\t\t\t\t\t\t<\/div>\n\t\t\t\t<\/div>\n\t\t\t\t\t<\/div>\n\t\t\t\t<\/div>\n\t\t<div class=\"wd-negative-gap elementor-element elementor-element-0c7e11a e-flex e-con-boxed e-con e-parent\" data-id=\"0c7e11a\" data-element_type=\"container\">\n\t\t\t\t\t<div class=\"e-con-inner\">\n\t\t\t\t<div class=\"elementor-element elementor-element-3aa1bd9 elementor-widget elementor-widget-wd_infobox\" data-id=\"3aa1bd9\" data-element_type=\"widget\" data-widget_type=\"wd_infobox.default\">\n\t\t\t\t<div class=\"elementor-widget-container\">\n\t\t\t\t\t\t\t<div class=\"info-box-wrapper\">\n\t\t\t<div class=\"wd-info-box text-center box-icon-align-top box-style-base color-scheme- with-btn box-btn-static\">\n\t\t\t\t\t\t\t\t\t<div class=\"box-icon-wrapper  box-with-icon box-icon-with-bg\">\n\t\t\t\t\t\t<div class=\"info-box-icon\">\n\t\t\t\t\t\t\t\t\t\t\t\t\t\t\t<img decoding=\"async\" width=\"50\" height=\"50\" src=\"https:\/\/effafood.com\/wp-content\/uploads\/2024\/10\/mail-3-50x50.png\" class=\"attachment-50x50 size-50x50\" alt=\"\" srcset=\"https:\/\/effafood.com\/wp-content\/uploads\/2024\/10\/mail-3-50x50.png 50w, https:\/\/effafood.com\/wp-content\/uploads\/2024\/10\/mail-3-150x150.png 150w, https:\/\/effafood.com\/wp-content\/uploads\/2024\/10\/mail-3.png 256w\" sizes=\"(max-width: 50px) 100vw, 50px\" \/>\t\t\t\t\t\t\t\t\t\t\t\t\t<\/div>\n\t\t\t\t\t<\/div>\n\t\t\t\t\n\t\t\t\t<div class=\"info-box-content\">\n\t\t\t\t\t\t\t\t\t\t\t\n\t\t\t\t\t\t<div class=\"info-box-subtitle subtitle-color-default subtitle-style-default wd-fontsize-xs\"\n\t\t\t\t\t\t\t  data-elementor-setting-key=\"subtitle\">\n\t\t\t\t\t\t\tE-posta\t\t\t\t\t\t<\/div>\n\t\t\t\t\t\n\t\t\t\t\t\t\t\t\t\t\t<h4\t\t\t\t\t\tclass=\"info-box-title title box-title-style-default wd-fontsize-s\" data-elementor-setting-key=\"title\">\n\t\t\t\t\t\t\t\tE-Posta ile \u0130leti\u015fime Ge\u00e7in\t\t\t\t\t\t<\/h4>\n\t\t\t\t\t\n\t\t\t\t\t<div class=\"info-box-inner reset-last-child\"data-elementor-setting-key=\"content\"><p>Herhangi bir sorunuz veya i\u015fbirli\u011fi teklifiniz varsa, sizden haber almaktan mutluluk duyar\u0131z.<\/p>\n<\/div>\n\n\t\t\t\t\t\t\t\t\t\t\t<div class=\"info-btn-wrapper\">\n\t\t\t\t\t\t\t\t\t<div class=\"wd-button-wrapper text-center\" >\n\t\t\t<a class=\"btn btn-style-default btn-shape-semi-round btn-size-small btn-color-primary btn-icon-pos-right\"  href=\"mailto:sales@effafood.de\">\n\t\t\t\t<span class=\"wd-btn-text\" data-elementor-setting-key=\"text\">\n\t\t\t\t\tE-posta G\u00f6nder\t\t\t\t<\/span>\n\n\t\t\t\t\t\t\t<\/a>\n\t\t<\/div>\n\t\t\t\t\t\t\t\t<\/div>\n\t\t\t\t\t\t\t\t\t<\/div>\n\n\t\t\t\t\t\t\t<\/div>\n\t\t<\/div>\n\t\t\t\t\t\t<\/div>\n\t\t\t\t<\/div>\n\t\t\t\t<div class=\"elementor-element elementor-element-8a6e17e elementor-widget elementor-widget-wd_infobox\" data-id=\"8a6e17e\" data-element_type=\"widget\" data-widget_type=\"wd_infobox.default\">\n\t\t\t\t<div class=\"elementor-widget-container\">\n\t\t\t\t\t\t\t<div class=\"info-box-wrapper\">\n\t\t\t<div class=\"wd-info-box text-center box-icon-align-top box-style-base color-scheme- with-btn box-btn-static\">\n\t\t\t\t\t\t\t\t\t<div class=\"box-icon-wrapper  box-with-icon box-icon-with-bg\">\n\t\t\t\t\t\t<div class=\"info-box-icon\">\n\t\t\t\t\t\t\t\t\t\t\t\t\t\t\t<img decoding=\"async\" width=\"50\" height=\"50\" src=\"https:\/\/effafood.com\/wp-content\/uploads\/2024\/10\/whatsapp-4-50x50.png\" class=\"attachment-50x50 size-50x50\" alt=\"\" srcset=\"https:\/\/effafood.com\/wp-content\/uploads\/2024\/10\/whatsapp-4-50x50.png 50w, https:\/\/effafood.com\/wp-content\/uploads\/2024\/10\/whatsapp-4-150x150.png 150w, https:\/\/effafood.com\/wp-content\/uploads\/2024\/10\/whatsapp-4.png 256w\" sizes=\"(max-width: 50px) 100vw, 50px\" \/>\t\t\t\t\t\t\t\t\t\t\t\t\t<\/div>\n\t\t\t\t\t<\/div>\n\t\t\t\t\n\t\t\t\t<div class=\"info-box-content\">\n\t\t\t\t\t\t\t\t\t\t\t\n\t\t\t\t\t\t<div class=\"info-box-subtitle subtitle-color-default subtitle-style-default wd-fontsize-xs\"\n\t\t\t\t\t\t\t  data-elementor-setting-key=\"subtitle\">\n\t\t\t\t\t\t\tWhatsApp\t\t\t\t\t\t<\/div>\n\t\t\t\t\t\n\t\t\t\t\t\t\t\t\t\t\t<h4\t\t\t\t\t\tclass=\"info-box-title title box-title-style-default wd-fontsize-s\" data-elementor-setting-key=\"title\">\n\t\t\t\t\t\t\t\tWhatsApp \u00dczerinden \u0130leti\u015fime Ge\u00e7in\t\t\t\t\t\t<\/h4>\n\t\t\t\t\t\n\t\t\t\t\t<div class=\"info-box-inner reset-last-child\"data-elementor-setting-key=\"content\"><p>Sorular\u0131n\u0131z veya i\u015fbirli\u011fi talepleriniz i\u00e7in bize WhatsApp \u00fczerinden ula\u015fmaktan \u00e7ekinmeyin<\/p>\n<\/div>\n\n\t\t\t\t\t\t\t\t\t\t\t<div class=\"info-btn-wrapper\">\n\t\t\t\t\t\t\t\t\t<div class=\"wd-button-wrapper text-center\" >\n\t\t\t<a class=\"btn btn-style-default btn-shape-semi-round btn-size-small btn-color-primary btn-icon-pos-right\"  href=\"https:\/\/wa.me\/491728521910\">\n\t\t\t\t<span class=\"wd-btn-text\" data-elementor-setting-key=\"text\">\n\t\t\t\t\tMesaj G\u00f6nder\t\t\t\t<\/span>\n\n\t\t\t\t\t\t\t<\/a>\n\t\t<\/div>\n\t\t\t\t\t\t\t\t<\/div>\n\t\t\t\t\t\t\t\t\t<\/div>\n\n\t\t\t\t\t\t\t<\/div>\n\t\t<\/div>\n\t\t\t\t\t\t<\/div>\n\t\t\t\t<\/div>\n\t\t\t\t\t<\/div>\n\t\t\t\t<\/div>\n\t\t\t\t<\/div>\n\t\t","protected":false},"excerpt":{"rendered":"<p>Bize Ula\u015f\u0131n Sorular\u0131n\u0131z, geri bildirimleriniz veya i\u015fbirli\u011fi f\u0131rsatlar\u0131n\u0131z i\u00e7in bize ula\u015fmaktan \u00e7ekinmeyin. Size yard\u0131mc\u0131 olmaktan mutluluk duyar\u0131z ADRES Am Holzhafen<\/p>\n","protected":false},"author":1,"featured_media":0,"parent":0,"menu_order":0,"comment_status":"closed","ping_status":"closed","template":"","meta":{"footnotes":""},"class_list":["post-20385","page","type-page","status-publish","hentry"],"_links":{"self":[{"href":"https:\/\/effafood.com\/tr\/wp-json\/wp\/v2\/pages\/20385","targetHints":{"allow":["GET"]}}],"collection":[{"href":"https:\/\/effafood.com\/tr\/wp-json\/wp\/v2\/pages"}],"about":[{"href":"https:\/\/effafood.com\/tr\/wp-json\/wp\/v2\/types\/page"}],"author":[{"embeddable":true,"href":"https:\/\/effafood.com\/tr\/wp-json\/wp\/v2\/users\/1"}],"replies":[{"embeddable":true,"href":"https:\/\/effafood.com\/tr\/wp-json\/wp\/v2\/comments?post=20385"}],"version-history":[{"count":5,"href":"https:\/\/effafood.com\/tr\/wp-json\/wp\/v2\/pages\/20385\/revisions"}],"predecessor-version":[{"id":25365,"href":"https:\/\/effafood.com\/tr\/wp-json\/wp\/v2\/pages\/20385\/revisions\/25365"}],"wp:attachment":[{"href":"https:\/\/effafood.com\/tr\/wp-json\/wp\/v2\/media?parent=20385"}],"curies":[{"name":"wp","href":"https:\/\/api.w.org\/{rel}","templated":true}]}}