{"id":20372,"date":"2021-10-12T15:51:09","date_gmt":"2021-10-12T15:51:09","guid":{"rendered":"https:\/\/effafood.com\/hakkimizda\/"},"modified":"2024-10-30T00:02:54","modified_gmt":"2024-10-30T00:02:54","slug":"hakkimizda","status":"publish","type":"page","link":"https:\/\/effafood.com\/tr\/hakkimizda\/","title":{"rendered":"Hakk\u0131m\u0131zda"},"content":{"rendered":"\t\t<div data-elementor-type=\"wp-page\" data-elementor-id=\"20372\" class=\"elementor elementor-20372 elementor-4400\">\n\t\t\t\t\t\t<section class=\"wd-negative-gap elementor-section elementor-top-section elementor-element elementor-element-12e4d6e8 elementor-section-content-middle elementor-section-boxed elementor-section-height-default elementor-section-height-default\" data-id=\"12e4d6e8\" data-element_type=\"section\">\n\t\t\t\t\t\t<div class=\"elementor-container elementor-column-gap-wide\">\n\t\t\t\t\t<div class=\"elementor-column elementor-col-50 elementor-top-column elementor-element elementor-element-489a2ee\" data-id=\"489a2ee\" data-element_type=\"column\" data-settings=\"{&quot;background_background&quot;:&quot;classic&quot;}\">\n\t\t\t<div class=\"elementor-widget-wrap elementor-element-populated\">\n\t\t\t\t\t\t<div class=\"elementor-element elementor-element-51a6af19 elementor-widget elementor-widget-image\" data-id=\"51a6af19\" data-element_type=\"widget\" data-widget_type=\"image.default\">\n\t\t\t\t<div class=\"elementor-widget-container\">\n\t\t\t\t\t\t\t\t\t\t\t\t\t\t\t<img fetchpriority=\"high\" decoding=\"async\" width=\"3565\" height=\"2278\" src=\"https:\/\/effafood.com\/wp-content\/uploads\/2024\/10\/Effa-GmbH.png\" class=\"attachment-full size-full wp-image-20167\" alt=\"\" srcset=\"https:\/\/effafood.com\/wp-content\/uploads\/2024\/10\/Effa-GmbH.png 3565w, https:\/\/effafood.com\/wp-content\/uploads\/2024\/10\/Effa-GmbH-150x96.png 150w, https:\/\/effafood.com\/wp-content\/uploads\/2024\/10\/Effa-GmbH-700x447.png 700w, https:\/\/effafood.com\/wp-content\/uploads\/2024\/10\/Effa-GmbH-400x256.png 400w, https:\/\/effafood.com\/wp-content\/uploads\/2024\/10\/Effa-GmbH-1252x800.png 1252w, https:\/\/effafood.com\/wp-content\/uploads\/2024\/10\/Effa-GmbH-768x491.png 768w, https:\/\/effafood.com\/wp-content\/uploads\/2024\/10\/Effa-GmbH-1536x981.png 1536w, https:\/\/effafood.com\/wp-content\/uploads\/2024\/10\/Effa-GmbH-2048x1309.png 2048w\" sizes=\"(max-width: 3565px) 100vw, 3565px\" \/>\t\t\t\t\t\t\t\t\t\t\t\t\t\t\t<\/div>\n\t\t\t\t<\/div>\n\t\t\t\t\t<\/div>\n\t\t<\/div>\n\t\t\t\t<div class=\"elementor-column elementor-col-50 elementor-top-column elementor-element elementor-element-6537d45\" data-id=\"6537d45\" data-element_type=\"column\" data-settings=\"{&quot;background_background&quot;:&quot;classic&quot;}\">\n\t\t\t<div class=\"elementor-widget-wrap elementor-element-populated\">\n\t\t\t\t\t\t<div class=\"elementor-element elementor-element-430aa62 elementor-widget__width-initial wd-width-100 elementor-widget elementor-widget-wd_title\" data-id=\"430aa62\" data-element_type=\"widget\" data-widget_type=\"wd_title.default\">\n\t\t\t\t<div class=\"elementor-widget-container\">\n\t\t\t\t\t\t\t<div class=\"title-wrapper wd-set-mb reset-last-child wd-title-color-primary wd-title-style-simple wd-title-size-large text-left\">\n\n\t\t\t\t\t\t\t\t\t\t\t<div class=\"title-subtitle subtitle-color-primary subtitle-style-default wd-fontsize-xs\">\n\t\t\t\t\tG\u00dcVENILIR GIDA TEDARIK\u00c7ISI\t\t\t\t<\/div>\n\t\t\t\n\t\t\t<div class=\"liner-continer\">\n\t\t\t\t<h4 class=\"woodmart-title-container title wd-fontsize-xxl\">Effa Food GmbH Hakk\u0131nda<br \/>\n<\/h4> \n\t\t\t\t\t\t\t<\/div>\n\n\t\t\t\t\t<\/div>\n\t\t\t\t\t\t<\/div>\n\t\t\t\t<\/div>\n\t\t\t\t<div class=\"elementor-element elementor-element-df8af3b elementor-widget elementor-widget-wd_text_block\" data-id=\"df8af3b\" data-element_type=\"widget\" data-widget_type=\"wd_text_block.default\">\n\t\t\t\t<div class=\"elementor-widget-container\">\n\t\t\t\t\t\t\t<div class=\"wd-text-block reset-last-child text-left\">\n\t\t\t\n\t\t\t<p>Bremen, Almanya merkezli g\u00fcvenilir g\u0131da toptanc\u0131n\u0131z Effa Food GmbH'ye ho\u015f geldiniz. Hem geleneksel hem de modern kanallara hizmet vererek Almanya ve Bat\u0131 Avrupa genelinde \u00e7ok \u00e7e\u015fitli y\u00fcksek kaliteli yiyecek ve i\u00e7ecek \u00fcr\u00fcnleri tedarik etmekten gurur duyuyoruz. <\/p><p>Effa Food GmbH olarak, ola\u011fan\u00fcst\u00fc \u00fcr\u00fcnleri ve hizmeti adil bir fiyata sunmay\u0131 taahh\u00fct ediyoruz. Fini Jelly, Hell Energy Beverage, KBF Biscuits, Koylu S\u00fct \u00dcr\u00fcnleri, Toren \u00c7ikolata, K\u00f6y Sefasi Zeytin, Sekeroglu, Kucharek ve Sealed Nature Organik Meyve Suyu gibi tan\u0131nm\u0131\u015f markalar\u0131n da\u011f\u0131t\u0131m\u0131n\u0131 gururla yap\u0131yoruz. \u0130ster perakendeci, ister restoran veya catering hizmeti veriyor olun, en y\u00fcksek kalite standartlar\u0131n\u0131 kar\u015f\u0131layan birinci s\u0131n\u0131f \u00fcr\u00fcnler i\u00e7in bize g\u00fcvenebilirsiniz.  <\/p><h5>Misyonumuz \u00e7ok basit:<\/h5><p>Se\u00e7kin uluslararas\u0131 markalar ile \u00fcst\u00fcn \u00fcr\u00fcnler arayan m\u00fc\u015fteriler aras\u0131ndaki bo\u015flu\u011fu doldurmak. G\u00fcvenilirlik, \u015feffafl\u0131k ve m\u00fc\u015fteri memnuniyetine olan ba\u011fl\u0131l\u0131\u011f\u0131m\u0131z sayesinde uzun vadeli ili\u015fkiler geli\u015ftirmeye inan\u0131yoruz. <\/p><p>B\u00fcy\u00fcmeye devam ederken, temel de\u011ferlerimize odaklanmaya devam ediyoruz - raflar\u0131n\u0131za en \u00fcst d\u00fczey yiyecek ve i\u00e7ecek \u00fcr\u00fcnlerini getirirken, ola\u011fan\u00fcst\u00fc hizmet ve rekabet\u00e7i fiyatland\u0131rma sa\u011fl\u0131yoruz.<\/p><p>Effa Food GmbH'yi se\u00e7ti\u011finiz i\u00e7in te\u015fekk\u00fcr ederiz. Birlikte, i\u015f ba\u015far\u0131n\u0131z\u0131 beslemek i\u00e7in sab\u0131rs\u0131zlan\u0131yoruz. <\/p><p>Bu versiyon misyonunuzu, da\u011f\u0131t\u0131m\u0131n\u0131 yapt\u0131\u011f\u0131n\u0131z markalar\u0131 ve \u015firketinizin savundu\u011fu de\u011ferleri vurgularken, ortakl\u0131\u011fa davet eden samimi ve profesyonel bir tonu korur.<\/p>\n\t\t\t\t\t<\/div>\n\t\t\t\t\t\t<\/div>\n\t\t\t\t<\/div>\n\t\t<div class=\"elementor-element elementor-element-b1c0419 e-con-full e-flex e-con e-child\" data-id=\"b1c0419\" data-element_type=\"container\">\n\t\t\t\t<div class=\"elementor-element elementor-element-29fbaea elementor-widget elementor-widget-wd_social_buttons\" data-id=\"29fbaea\" data-element_type=\"widget\" data-widget_type=\"wd_social_buttons.default\">\n\t\t\t\t<div class=\"elementor-widget-container\">\n\t\t\t\t\t\t\t\t<div\n\t\t\t\t\t\tclass=\" wd-social-icons wd-style-simple wd-size-default social-follow wd-shape-rounded color-scheme-dark text-center\">\n\t\t\t\t\n\t\t\t\t\n\t\t\t\t\n\t\t\t\t\n\t\t\t\t\n\t\t\t\t\n\t\t\t\t\t\t\t\t\t<a rel=\"noopener noreferrer nofollow\" href=\"https:\/\/www.instagram.com\/effafood\/\" target=\"_blank\" class=\" wd-social-icon social-instagram\" aria-label=\"Instagram social link\">\n\t\t\t\t\t\t<span class=\"wd-icon\"><\/span>\n\t\t\t\t\t\t\t\t\t\t\t<\/a>\n\t\t\t\t\n\t\t\t\t\n\t\t\t\t\n\t\t\t\t\n\t\t\t\t\n\t\t\t\t\t\t\t\t\t<a rel=\"noopener noreferrer nofollow\" href=\"https:\/\/linkedin.com\/company\/effa-food-gmbh\" target=\"_blank\" class=\" wd-social-icon social-linkedin\" aria-label=\"Linkedin social link\">\n\t\t\t\t\t\t<span class=\"wd-icon\"><\/span>\n\t\t\t\t\t\t\t\t\t\t\t<\/a>\n\t\t\t\t\n\t\t\t\t\n\t\t\t\t\n\t\t\t\t\n\t\t\t\t\n\t\t\t\t\n\t\t\t\t\n\t\t\t\t\n\t\t\t\t\n\t\t\t\t\t\t\t\t\t<a rel=\"noopener noreferrer nofollow\" href=\"https:\/\/wa.me\/491728521910\" target=\"_blank\" class=\"wd-hide-md  wd-social-icon social-whatsapp\" aria-label=\"WhatsApp social link\">\n\t\t\t\t\t\t<span class=\"wd-icon\"><\/span>\n\t\t\t\t\t\t\t\t\t\t\t<\/a>\n\n\t\t\t\t\t<a rel=\"noopener noreferrer nofollow\" href=\"https:\/\/wa.me\/491728521910\" target=\"_blank\" class=\"wd-hide-lg  wd-social-icon social-whatsapp\" aria-label=\"WhatsApp social link\">\n\t\t\t\t\t\t<span class=\"wd-icon\"><\/span>\n\t\t\t\t\t\t\t\t\t\t\t<\/a>\n\t\t\t\t\n\t\t\t\t\n\t\t\t\t\n\t\t\t\t\n\t\t\t\t\n\t\t\t\t\n\t\t\t\t\n\t\t\t\t\n\t\t\t<\/div>\n\n\t\t\t\t\t\t<\/div>\n\t\t\t\t<\/div>\n\t\t\t\t<\/div>\n\t\t\t\t\t<\/div>\n\t\t<\/div>\n\t\t\t\t\t<\/div>\n\t\t<\/section>\n\t\t\t\t<\/div>\n\t\t","protected":false},"excerpt":{"rendered":"<p>G\u00dcVENILIR GIDA TEDARIK\u00c7ISI Effa Food GmbH Hakk\u0131nda Bremen, Almanya merkezli g\u00fcvenilir g\u0131da toptanc\u0131n\u0131z Effa Food GmbH&#8217;ye ho\u015f geldiniz. Hem geleneksel<\/p>\n","protected":false},"author":1,"featured_media":0,"parent":0,"menu_order":0,"comment_status":"closed","ping_status":"closed","template":"","meta":{"footnotes":""},"class_list":["post-20372","page","type-page","status-publish","hentry"],"_links":{"self":[{"href":"https:\/\/effafood.com\/tr\/wp-json\/wp\/v2\/pages\/20372","targetHints":{"allow":["GET"]}}],"collection":[{"href":"https:\/\/effafood.com\/tr\/wp-json\/wp\/v2\/pages"}],"about":[{"href":"https:\/\/effafood.com\/tr\/wp-json\/wp\/v2\/types\/page"}],"author":[{"embeddable":true,"href":"https:\/\/effafood.com\/tr\/wp-json\/wp\/v2\/users\/1"}],"replies":[{"embeddable":true,"href":"https:\/\/effafood.com\/tr\/wp-json\/wp\/v2\/comments?post=20372"}],"version-history":[{"count":1,"href":"https:\/\/effafood.com\/tr\/wp-json\/wp\/v2\/pages\/20372\/revisions"}],"predecessor-version":[{"id":20373,"href":"https:\/\/effafood.com\/tr\/wp-json\/wp\/v2\/pages\/20372\/revisions\/20373"}],"wp:attachment":[{"href":"https:\/\/effafood.com\/tr\/wp-json\/wp\/v2\/media?parent=20372"}],"curies":[{"name":"wp","href":"https:\/\/api.w.org\/{rel}","templated":true}]}}