{"id":20365,"date":"2024-10-26T23:54:14","date_gmt":"2024-10-26T23:54:14","guid":{"rendered":"https:\/\/effafood.com\/gizlilik-politikasi\/"},"modified":"2025-02-19T17:06:39","modified_gmt":"2025-02-19T17:06:39","slug":"gizlilik-politikasi","status":"publish","type":"page","link":"https:\/\/effafood.com\/tr\/gizlilik-politikasi\/","title":{"rendered":"Gizlilik Politikas\u0131"},"content":{"rendered":"\t\t<div data-elementor-type=\"wp-page\" data-elementor-id=\"20365\" class=\"elementor elementor-20365 elementor-19832\">\n\t\t\t\t\t\t<section class=\"elementor-section elementor-top-section elementor-element elementor-element-73e2386 elementor-section-boxed elementor-section-height-default elementor-section-height-default\" data-id=\"73e2386\" data-element_type=\"section\">\n\t\t\t\t\t\t<div class=\"elementor-container elementor-column-gap-default\">\n\t\t\t\t\t<div class=\"elementor-column elementor-col-100 elementor-top-column elementor-element elementor-element-c093699\" data-id=\"c093699\" data-element_type=\"column\">\n\t\t\t<div class=\"elementor-widget-wrap elementor-element-populated\">\n\t\t\t\t\t\t<div class=\"elementor-element elementor-element-e36818a wd-width-100 elementor-widget elementor-widget-wd_title\" data-id=\"e36818a\" data-element_type=\"widget\" data-widget_type=\"wd_title.default\">\n\t\t\t\t<div class=\"elementor-widget-container\">\n\t\t\t\t\t\t\t<div class=\"title-wrapper wd-set-mb reset-last-child wd-title-color-primary wd-title-style-simple wd-title-size-extra-large text-left\">\n\n\t\t\t\n\t\t\t<div class=\"liner-continer\">\n\t\t\t\t<h4 class=\"woodmart-title-container title wd-fontsize-xxxl\">Gizlilik Politikas\u0131  <\/h4> \n\t\t\t\t\t\t\t<\/div>\n\n\t\t\t\t\t<\/div>\n\t\t\t\t\t\t<\/div>\n\t\t\t\t<\/div>\n\t\t\t\t<div class=\"elementor-element elementor-element-101ec46 color-scheme-inherit text-left elementor-widget elementor-widget-text-editor\" data-id=\"101ec46\" data-element_type=\"widget\" data-widget_type=\"text-editor.default\">\n\t\t\t\t<div class=\"elementor-widget-container\">\n\t\t\t\t\t\t\t\t\t<p><strong>Y\u00fcr\u00fcrl\u00fck Tarihi: 01.01.2025  <\/strong><\/p>\n<p><strong>Effa Food olarak, gizlili\u011finizi korumay\u0131 taahh\u00fct ediyoruz. Bu Gizlilik Politikas\u0131, web sitemizi ziyaret etti\u011finizde veya hizmetlerimizi kulland\u0131\u011f\u0131n\u0131zda ki\u015fisel bilgilerinizi nas\u0131l toplad\u0131\u011f\u0131m\u0131z\u0131, kulland\u0131\u011f\u0131m\u0131z\u0131 ve korudu\u011fumuzu \u00f6zetlemektedir.   <\/strong><\/p>\n<p><strong>1. Toplad\u0131\u011f\u0131m\u0131z Bilgiler &#8211; Ki\u015fisel Bilgiler: Sat\u0131n alma i\u015flemi yapt\u0131\u011f\u0131n\u0131zda ad, e-posta, telefon numaras\u0131, adres ve \u00f6deme bilgileri. &#8211; Ki\u015fisel Olmayan Bilgiler: Taray\u0131c\u0131 t\u00fcr\u00fc, IP adresi ve kullan\u0131m istatistikleri gibi veriler. &#8211; \u00c7erezler: Web sitesi i\u015flevselli\u011fi ve deneyiminizi geli\u015ftirmek i\u00e7in \u00e7erezler kullan\u0131yoruz.    <\/strong><\/p>\n<p><strong>2. Bilgilerinizi Nas\u0131l Kullan\u0131yoruz &#8211; Sipari\u015fleri i\u015fleme koymak, hizmetleri sunmak ve sizinle ileti\u015fim kurmak i\u00e7in. &#8211; Web sitemizi geli\u015ftirmek ve doland\u0131r\u0131c\u0131l\u0131\u011fa kar\u015f\u0131 korumak i\u00e7in.   <\/strong><\/p>\n<p><strong>3. Veri G\u00fcvenli\u011fi Verilerinizi yetkisiz eri\u015fime veya if\u015faya kar\u015f\u0131 korumak i\u00e7in g\u00fcvenli sistemler kullan\u0131yoruz.  <\/strong><\/p>\n<p><strong>4. Bilgilerinizin Payla\u015f\u0131lmas\u0131 Ki\u015fisel verilerinizi satm\u0131yoruz. Bilgilerinizi sipari\u015f i\u015fleme ve pazarlama amac\u0131yla g\u00fcvenilir hizmet sa\u011flay\u0131c\u0131larla payla\u015fabiliriz.   <\/strong><\/p>\n<p><strong>5. Haklar\u0131n\u0131z &#8211; Eri\u015fim: Ki\u015fisel verilerinizin bir kopyas\u0131n\u0131 talep edebilirsiniz. &#8211; G\u00fcncelleme veya Silme: Bilgilerinizin d\u00fczeltilmesini veya silinmesini talep edebilirsiniz. &#8211; Opt-Out: Pazarlama e-postalar\u0131 aboneli\u011finizi istedi\u011finiz zaman iptal edebilirsiniz.    <\/strong><\/p>\n<p><strong>6. \u00dc\u00e7\u00fcnc\u00fc Taraf Ba\u011flant\u0131lar\u0131 Web sitemiz di\u011fer sitelere ba\u011flant\u0131lar i\u00e7erebilir. Onlar\u0131n gizlilik uygulamalar\u0131ndan sorumlu de\u011filiz.   <\/strong><\/p>\n<p><strong>7. \u00c7ocuklar\u0131n Gizlili\u011fi 13 ya\u015f\u0131n alt\u0131ndaki \u00e7ocuklardan bilerek ki\u015fisel bilgi toplam\u0131yoruz.  <\/strong><\/p>\n<p><strong>8. Bu Gizlilik Politikas\u0131ndaki De\u011fi\u015fiklikler Bu politikay\u0131 g\u00fcncelleyebiliriz. L\u00fctfen de\u011fi\u015fiklikler i\u00e7in bu sayfay\u0131 periyodik olarak kontrol edin. <\/strong><\/p>\n<p><strong>  9. Bize Ula\u015f\u0131n Sorular\u0131n\u0131z i\u00e7in bizimle ileti\u015fime ge\u00e7in: E-posta:   <\/strong><\/p>\n<p><a href=\"mailto:info@effafood.com\"><strong>info@effafood.com  <\/strong><\/a><\/p>\n\t\t\t\t\t\t\t\t<\/div>\n\t\t\t\t<\/div>\n\t\t\t\t<section class=\"wd-negative-gap elementor-section elementor-inner-section elementor-element elementor-element-3c15979 elementor-section-content-middle elementor-section-boxed elementor-section-height-default elementor-section-height-default\" data-id=\"3c15979\" data-element_type=\"section\">\n\t\t\t\t\t\t<div class=\"elementor-container elementor-column-gap-default\">\n\t\t\t\t\t<div class=\"elementor-column elementor-col-100 elementor-inner-column elementor-element elementor-element-e7555d9\" data-id=\"e7555d9\" data-element_type=\"column\">\n\t\t\t<div class=\"elementor-widget-wrap elementor-element-populated\">\n\t\t\t\t\t\t<div class=\"elementor-element elementor-element-b4f202d elementor-widget__width-auto elementor-widget elementor-widget-wd_social_buttons\" data-id=\"b4f202d\" data-element_type=\"widget\" data-widget_type=\"wd_social_buttons.default\">\n\t\t\t\t<div class=\"elementor-widget-container\">\n\t\t\t\t\t\t\t\t<div\n\t\t\t\t\t\tclass=\" wd-social-icons wd-style-bordered wd-size-small social-follow wd-shape-circle color-scheme-dark text-right\">\n\t\t\t\t\n\t\t\t\t\n\t\t\t\t\n\t\t\t\t\n\t\t\t\t\n\t\t\t\t\n\t\t\t\t\t\t\t\t\t<a rel=\"noopener noreferrer nofollow\" href=\"https:\/\/www.instagram.com\/effafood\/\" target=\"_blank\" class=\" wd-social-icon social-instagram\" aria-label=\"Instagram social link\">\n\t\t\t\t\t\t<span class=\"wd-icon\"><\/span>\n\t\t\t\t\t\t\t\t\t\t\t<\/a>\n\t\t\t\t\n\t\t\t\t\n\t\t\t\t\n\t\t\t\t\n\t\t\t\t\n\t\t\t\t\t\t\t\t\t<a rel=\"noopener noreferrer nofollow\" href=\"https:\/\/linkedin.com\/company\/effa-food-gmbh\" target=\"_blank\" class=\" wd-social-icon social-linkedin\" aria-label=\"Linkedin social link\">\n\t\t\t\t\t\t<span class=\"wd-icon\"><\/span>\n\t\t\t\t\t\t\t\t\t\t\t<\/a>\n\t\t\t\t\n\t\t\t\t\n\t\t\t\t\n\t\t\t\t\n\t\t\t\t\n\t\t\t\t\n\t\t\t\t\n\t\t\t\t\n\t\t\t\t\n\t\t\t\t\t\t\t\t\t<a rel=\"noopener noreferrer nofollow\" href=\"https:\/\/wa.me\/491728521910\" target=\"_blank\" class=\"wd-hide-md  wd-social-icon social-whatsapp\" aria-label=\"WhatsApp social link\">\n\t\t\t\t\t\t<span class=\"wd-icon\"><\/span>\n\t\t\t\t\t\t\t\t\t\t\t<\/a>\n\n\t\t\t\t\t<a rel=\"noopener noreferrer nofollow\" href=\"https:\/\/wa.me\/491728521910\" target=\"_blank\" class=\"wd-hide-lg  wd-social-icon social-whatsapp\" aria-label=\"WhatsApp social link\">\n\t\t\t\t\t\t<span class=\"wd-icon\"><\/span>\n\t\t\t\t\t\t\t\t\t\t\t<\/a>\n\t\t\t\t\n\t\t\t\t\n\t\t\t\t\n\t\t\t\t\n\t\t\t\t\n\t\t\t\t\n\t\t\t\t\n\t\t\t\t\n\t\t\t<\/div>\n\n\t\t\t\t\t\t<\/div>\n\t\t\t\t<\/div>\n\t\t\t\t\t<\/div>\n\t\t<\/div>\n\t\t\t\t\t<\/div>\n\t\t<\/section>\n\t\t\t\t\t<\/div>\n\t\t<\/div>\n\t\t\t\t\t<\/div>\n\t\t<\/section>\n\t\t\t\t<\/div>\n\t\t","protected":false},"excerpt":{"rendered":"<p>Gizlilik Politikas\u0131 Y\u00fcr\u00fcrl\u00fck Tarihi: 01.01.2025 Effa Food olarak, gizlili\u011finizi korumay\u0131 taahh\u00fct ediyoruz. Bu Gizlilik Politikas\u0131, web sitemizi ziyaret etti\u011finizde veya<\/p>\n","protected":false},"author":1,"featured_media":0,"parent":0,"menu_order":0,"comment_status":"closed","ping_status":"closed","template":"","meta":{"footnotes":""},"class_list":["post-20365","page","type-page","status-publish","hentry"],"_links":{"self":[{"href":"https:\/\/effafood.com\/tr\/wp-json\/wp\/v2\/pages\/20365","targetHints":{"allow":["GET"]}}],"collection":[{"href":"https:\/\/effafood.com\/tr\/wp-json\/wp\/v2\/pages"}],"about":[{"href":"https:\/\/effafood.com\/tr\/wp-json\/wp\/v2\/types\/page"}],"author":[{"embeddable":true,"href":"https:\/\/effafood.com\/tr\/wp-json\/wp\/v2\/users\/1"}],"replies":[{"embeddable":true,"href":"https:\/\/effafood.com\/tr\/wp-json\/wp\/v2\/comments?post=20365"}],"version-history":[{"count":2,"href":"https:\/\/effafood.com\/tr\/wp-json\/wp\/v2\/pages\/20365\/revisions"}],"predecessor-version":[{"id":24275,"href":"https:\/\/effafood.com\/tr\/wp-json\/wp\/v2\/pages\/20365\/revisions\/24275"}],"wp:attachment":[{"href":"https:\/\/effafood.com\/tr\/wp-json\/wp\/v2\/media?parent=20365"}],"curies":[{"name":"wp","href":"https:\/\/api.w.org\/{rel}","templated":true}]}}