{"id":20361,"date":"2024-10-26T23:55:44","date_gmt":"2024-10-26T23:55:44","guid":{"rendered":"https:\/\/effafood.com\/hizmet-kosullari\/"},"modified":"2025-02-19T17:06:39","modified_gmt":"2025-02-19T17:06:39","slug":"hizmet-kosullari","status":"publish","type":"page","link":"https:\/\/effafood.com\/tr\/hizmet-kosullari\/","title":{"rendered":"Hizmet Ko\u015fullar\u0131"},"content":{"rendered":"\t\t<div data-elementor-type=\"wp-page\" data-elementor-id=\"20361\" class=\"elementor elementor-20361 elementor-19834\">\n\t\t\t\t\t\t<section class=\"elementor-section elementor-top-section elementor-element elementor-element-5becab98 elementor-section-boxed elementor-section-height-default elementor-section-height-default\" data-id=\"5becab98\" data-element_type=\"section\">\n\t\t\t\t\t\t<div class=\"elementor-container elementor-column-gap-default\">\n\t\t\t\t\t<div class=\"elementor-column elementor-col-100 elementor-top-column elementor-element elementor-element-1802d400\" data-id=\"1802d400\" data-element_type=\"column\">\n\t\t\t<div class=\"elementor-widget-wrap elementor-element-populated\">\n\t\t\t\t\t\t<div class=\"elementor-element elementor-element-dabb08 wd-width-100 elementor-widget elementor-widget-wd_title\" data-id=\"dabb08\" data-element_type=\"widget\" data-widget_type=\"wd_title.default\">\n\t\t\t\t<div class=\"elementor-widget-container\">\n\t\t\t\t\t\t\t<div class=\"title-wrapper wd-set-mb reset-last-child wd-title-color-primary wd-title-style-simple wd-title-size-extra-large text-left\">\n\n\t\t\t\n\t\t\t<div class=\"liner-continer\">\n\t\t\t\t<h4 class=\"woodmart-title-container title wd-fontsize-xxxl\">Hizmet Ko\u015fullar\u0131<\/h4> \n\t\t\t\t\t\t\t<\/div>\n\n\t\t\t\t\t<\/div>\n\t\t\t\t\t\t<\/div>\n\t\t\t\t<\/div>\n\t\t\t\t<div class=\"elementor-element elementor-element-2c862081 color-scheme-inherit text-left elementor-widget elementor-widget-text-editor\" data-id=\"2c862081\" data-element_type=\"widget\" data-widget_type=\"text-editor.default\">\n\t\t\t\t<div class=\"elementor-widget-container\">\n\t\t\t\t\t\t\t\t\t<p><strong>Y\u00fcr\u00fcrl\u00fck Tarihi: 01.01.2025  <\/strong><\/p>\n<p><strong>Effa Food web sitesine (&#8220;Site&#8221;) ho\u015f geldiniz. Bu Hizmet \u015eartlar\u0131 (&#8220;\u015eartlar&#8221;) Siteye eri\u015fiminizi ve Siteyi kullan\u0131m\u0131n\u0131z\u0131 y\u00f6netir ve Siteyi kullanarak bu \u015eartlara uymay\u0131 ve bunlara ba\u011fl\u0131 kalmay\u0131 kabul edersiniz. Bu \u015eartlar\u0131 kabul etmiyorsan\u0131z, Siteyi kullanmamal\u0131s\u0131n\u0131z.    <\/strong><\/p>\n<p><strong>1. \u015eartlar\u0131n Kabul\u00fc Siteye eri\u015ferek veya Siteyi kullanarak, bu \u015eartlara ve Gizlilik Politikam\u0131za tabi olmay\u0131 kabul edersiniz. Bu \u015eartlar\u0131 kabul etmiyorsan\u0131z, Siteye eri\u015fmeyin veya Siteyi kullanmay\u0131n. Effa Food, bu \u015eartlar\u0131 \u00f6nceden haber vermeksizin istedi\u011fi zaman de\u011fi\u015ftirme veya g\u00fcncelleme hakk\u0131n\u0131 sakl\u0131 tutar. De\u011fi\u015fiklikler i\u00e7in bu \u015eartlar\u0131 periyodik olarak g\u00f6zden ge\u00e7irmek sizin sorumlulu\u011funuzdad\u0131r.     <\/strong><\/p>\n<p><strong>2. Web Sitesinin Kullan\u0131m\u0131 Siteyi yaln\u0131zca yasal ama\u00e7lar i\u00e7in kullanabilirsiniz. Siteyi a\u015fa\u011f\u0131dakiler dahil ancak bunlarla s\u0131n\u0131rl\u0131 olmamak \u00fczere herhangi bir yasad\u0131\u015f\u0131 faaliyet i\u00e7in kullanmamay\u0131 kabul edersiniz: &#8211; Doland\u0131r\u0131c\u0131l\u0131k faaliyetlerinde bulunmak &#8211; Herhangi bir yasa veya y\u00f6netmeli\u011fi ihlal etmek &#8211; Zararl\u0131 veya k\u00f6t\u00fc ama\u00e7l\u0131 yaz\u0131l\u0131m y\u00fcklemek &#8211; Siteye veya ilgili sistemlerinden herhangi birine yetkisiz eri\u015fim sa\u011flamaya \u00e7al\u0131\u015fmak Effa Food, bu \u015eartlar\u0131n ihlal edilmesi durumunda kendi takdirine ba\u011fl\u0131 olarak Siteye eri\u015fimi k\u0131s\u0131tlama veya sona erdirme hakk\u0131n\u0131 sakl\u0131 tutar.   <\/strong><\/p>\n<p><strong>3. Hesap Kayd\u0131 Sitenin belirli \u00f6zellikleri bir hesap i\u00e7in kaydolman\u0131z\u0131 gerektirebilir. Kay\u0131t i\u015flemi s\u0131ras\u0131nda do\u011fru, eksiksiz ve g\u00fcncel bilgiler vermeyi kabul edersiniz. Hesap kimlik bilgilerinizin gizlili\u011fini korumaktan siz sorumlusunuz ve hesab\u0131n\u0131z\u0131n yetkisiz kullan\u0131m\u0131n\u0131 derhal bize bildirmeyi kabul ediyorsunuz.    <\/strong><\/p>\n<p><strong>4. Fikri M\u00fclkiyet Metin, resim, logo ve yaz\u0131l\u0131m dahil olmak \u00fczere Sitedeki t\u00fcm i\u00e7erik Effa Food&#8217;un m\u00fclkiyetindedir ve telif hakk\u0131, ticari marka ve di\u011fer fikri m\u00fclkiyet yasalar\u0131 ile korunmaktad\u0131r. A\u00e7\u0131k yaz\u0131l\u0131 iznimiz olmadan i\u00e7eri\u011fi \u00e7o\u011faltamaz, de\u011fi\u015ftiremez, da\u011f\u0131tamaz veya i\u00e7erikten t\u00fcrev \u00e7al\u0131\u015fmalar olu\u015fturamazs\u0131n\u0131z.   <\/strong><\/p>\n<p><strong>5. Sorumlulu\u011fun S\u0131n\u0131rland\u0131r\u0131lmas\u0131 Effa Food, Siteyi kullan\u0131m\u0131n\u0131zdan kaynaklanan do\u011frudan, dolayl\u0131, ar\u0131zi, \u00f6zel veya sonu\u00e7 olarak ortaya \u00e7\u0131kan zararlardan sorumlu de\u011fildir. Bu, bunlarla s\u0131n\u0131rl\u0131 olmamak \u00fczere, Sitenin \u00e7al\u0131\u015fmas\u0131ndaki hatalar\u0131, eksiklikleri veya kesintileri veya Siteye eri\u015fememeyi i\u00e7erir. <\/strong><\/p>\n<p><strong>6. \u00dc\u00e7\u00fcnc\u00fc Taraf Ba\u011flant\u0131lar\u0131 Site, \u00fc\u00e7\u00fcnc\u00fc taraf web sitelerine ba\u011flant\u0131lar i\u00e7erebilir. Bu ba\u011flant\u0131lar size kolayl\u0131k sa\u011flamak i\u00e7in verilmi\u015ftir ve Effa Food bu harici sitelerin i\u00e7eri\u011finden veya kullan\u0131labilirli\u011finden sorumlu de\u011fildir. Herhangi bir ba\u011flant\u0131n\u0131n dahil edilmesi, Effa Food taraf\u0131ndan onayland\u0131\u011f\u0131 anlam\u0131na gelmez.    <\/strong><\/p>\n<p><strong>7. Gizlilik Politikas\u0131 Siteyi kullan\u0131m\u0131n\u0131z, [here] adresinde (gizlilik politikas\u0131na ba\u011flant\u0131) bulabilece\u011finiz Gizlilik Politikam\u0131z taraf\u0131ndan da y\u00f6netilmektedir. Siteyi kullanarak, Gizlilik Politikas\u0131na uygun olarak ki\u015fisel verileri toplamam\u0131z\u0131 ve kullanmam\u0131z\u0131 kabul etmi\u015f olursunuz. <\/strong><\/p>\n<p><strong>  8. Ge\u00e7erli Yasa Bu Ko\u015fullar [insert jurisdiction\/country] yasalar\u0131na g\u00f6re y\u00f6netilir ve yorumlan\u0131r. Bu Ko\u015fullarla ilgili her t\u00fcrl\u00fc ihtilaf [insert jurisdiction\/country] mahkemelerinde \u00e7\u00f6z\u00fclecektir.  <\/strong><\/p>\n<p><strong>  9. Fesih Effa Food, tamamen kendi takdirine ba\u011fl\u0131 olarak, bu \u015eartlar\u0131n ihlali veya gerekli g\u00f6rd\u00fc\u011f\u00fc ba\u015fka herhangi bir nedenle Siteye eri\u015fiminizi bildirimde bulunmaks\u0131z\u0131n ask\u0131ya alabilir veya sonland\u0131rabilir.   <\/strong><\/p>\n<p><strong>10. \u0130leti\u015fim Bilgileri Bu \u015eartlarla ilgili herhangi bir sorunuz veya endi\u015feniz varsa, l\u00fctfen bizimle \u015fu adresten ileti\u015fime ge\u00e7in: Effa Food GmbH<\/strong><\/p>\n\t\t\t\t\t\t\t\t<\/div>\n\t\t\t\t<\/div>\n\t\t\t\t<section class=\"wd-negative-gap elementor-section elementor-inner-section elementor-element elementor-element-6b9a6b8e elementor-section-content-middle elementor-section-boxed elementor-section-height-default elementor-section-height-default\" data-id=\"6b9a6b8e\" data-element_type=\"section\">\n\t\t\t\t\t\t<div class=\"elementor-container elementor-column-gap-default\">\n\t\t\t\t\t<div class=\"elementor-column elementor-col-100 elementor-inner-column elementor-element elementor-element-350e9de0\" data-id=\"350e9de0\" data-element_type=\"column\">\n\t\t\t<div class=\"elementor-widget-wrap elementor-element-populated\">\n\t\t\t\t\t\t<div class=\"elementor-element elementor-element-544e6c8f elementor-widget__width-auto elementor-widget elementor-widget-wd_social_buttons\" data-id=\"544e6c8f\" data-element_type=\"widget\" data-widget_type=\"wd_social_buttons.default\">\n\t\t\t\t<div class=\"elementor-widget-container\">\n\t\t\t\t\t\t\t\t<div\n\t\t\t\t\t\tclass=\" wd-social-icons wd-style-bordered wd-size-small social-follow wd-shape-circle color-scheme-dark text-right\">\n\t\t\t\t\n\t\t\t\t\n\t\t\t\t\n\t\t\t\t\n\t\t\t\t\n\t\t\t\t\n\t\t\t\t\t\t\t\t\t<a rel=\"noopener noreferrer nofollow\" href=\"https:\/\/www.instagram.com\/effafood\/\" target=\"_blank\" class=\" wd-social-icon social-instagram\" aria-label=\"Instagram social link\">\n\t\t\t\t\t\t<span class=\"wd-icon\"><\/span>\n\t\t\t\t\t\t\t\t\t\t\t<\/a>\n\t\t\t\t\n\t\t\t\t\n\t\t\t\t\n\t\t\t\t\n\t\t\t\t\n\t\t\t\t\t\t\t\t\t<a rel=\"noopener noreferrer nofollow\" href=\"https:\/\/linkedin.com\/company\/effa-food-gmbh\" target=\"_blank\" class=\" wd-social-icon social-linkedin\" aria-label=\"Linkedin social link\">\n\t\t\t\t\t\t<span class=\"wd-icon\"><\/span>\n\t\t\t\t\t\t\t\t\t\t\t<\/a>\n\t\t\t\t\n\t\t\t\t\n\t\t\t\t\n\t\t\t\t\n\t\t\t\t\n\t\t\t\t\n\t\t\t\t\n\t\t\t\t\n\t\t\t\t\n\t\t\t\t\t\t\t\t\t<a rel=\"noopener noreferrer nofollow\" href=\"https:\/\/wa.me\/491728521910\" target=\"_blank\" class=\"wd-hide-md  wd-social-icon social-whatsapp\" aria-label=\"WhatsApp social link\">\n\t\t\t\t\t\t<span class=\"wd-icon\"><\/span>\n\t\t\t\t\t\t\t\t\t\t\t<\/a>\n\n\t\t\t\t\t<a rel=\"noopener noreferrer nofollow\" href=\"https:\/\/wa.me\/491728521910\" target=\"_blank\" class=\"wd-hide-lg  wd-social-icon social-whatsapp\" aria-label=\"WhatsApp social link\">\n\t\t\t\t\t\t<span class=\"wd-icon\"><\/span>\n\t\t\t\t\t\t\t\t\t\t\t<\/a>\n\t\t\t\t\n\t\t\t\t\n\t\t\t\t\n\t\t\t\t\n\t\t\t\t\n\t\t\t\t\n\t\t\t\t\n\t\t\t\t\n\t\t\t<\/div>\n\n\t\t\t\t\t\t<\/div>\n\t\t\t\t<\/div>\n\t\t\t\t\t<\/div>\n\t\t<\/div>\n\t\t\t\t\t<\/div>\n\t\t<\/section>\n\t\t\t\t\t<\/div>\n\t\t<\/div>\n\t\t\t\t\t<\/div>\n\t\t<\/section>\n\t\t\t\t<\/div>\n\t\t","protected":false},"excerpt":{"rendered":"<p>Hizmet Ko\u015fullar\u0131 Y\u00fcr\u00fcrl\u00fck Tarihi: 01.01.2025 Effa Food web sitesine (&#8220;Site&#8221;) ho\u015f geldiniz. Bu Hizmet \u015eartlar\u0131 (&#8220;\u015eartlar&#8221;) Siteye eri\u015fiminizi ve Siteyi<\/p>\n","protected":false},"author":1,"featured_media":0,"parent":0,"menu_order":0,"comment_status":"closed","ping_status":"closed","template":"","meta":{"footnotes":""},"class_list":["post-20361","page","type-page","status-publish","hentry"],"_links":{"self":[{"href":"https:\/\/effafood.com\/tr\/wp-json\/wp\/v2\/pages\/20361","targetHints":{"allow":["GET"]}}],"collection":[{"href":"https:\/\/effafood.com\/tr\/wp-json\/wp\/v2\/pages"}],"about":[{"href":"https:\/\/effafood.com\/tr\/wp-json\/wp\/v2\/types\/page"}],"author":[{"embeddable":true,"href":"https:\/\/effafood.com\/tr\/wp-json\/wp\/v2\/users\/1"}],"replies":[{"embeddable":true,"href":"https:\/\/effafood.com\/tr\/wp-json\/wp\/v2\/comments?post=20361"}],"version-history":[{"count":2,"href":"https:\/\/effafood.com\/tr\/wp-json\/wp\/v2\/pages\/20361\/revisions"}],"predecessor-version":[{"id":24272,"href":"https:\/\/effafood.com\/tr\/wp-json\/wp\/v2\/pages\/20361\/revisions\/24272"}],"wp:attachment":[{"href":"https:\/\/effafood.com\/tr\/wp-json\/wp\/v2\/media?parent=20361"}],"curies":[{"name":"wp","href":"https:\/\/api.w.org\/{rel}","templated":true}]}}