{"id":25201,"date":"2025-03-08T23:23:20","date_gmt":"2025-03-08T23:23:20","guid":{"rendered":"https:\/\/effafood.com\/product\/hell-ice-doppelter-espresso\/"},"modified":"2025-03-09T04:05:47","modified_gmt":"2025-03-09T04:05:47","slug":"hell-ice-doppelter-espresso","status":"publish","type":"product","link":"https:\/\/effafood.com\/de\/product\/hell-ice-doppelter-espresso\/","title":{"rendered":"Hell Ice Doppelter Espresso"},"content":{"rendered":"","protected":false},"excerpt":{"rendered":"<p data-start=\"86\" data-end=\"144\">Hell Ice Coffee Erfrischend frech, perfekt gek\u00fchlt<\/p>\n<p data-start=\"146\" data-end=\"243\">Suchen Sie einen Eiskaffee, der es in sich hat? Hell Ice Coffee bietet Ihnen zwei unschlagbare M\u00f6glichkeiten: <\/p>\n<ul data-start=\"245\" data-end=\"462\">\n<li data-start=\"245\" data-end=\"353\">Cappuccino &#8211; Reichhaltiger Espresso, kombiniert mit cremigem Schaum, perfekt gek\u00fchlt f\u00fcr einen k\u00fchnen, schaumigen Abschluss.<\/li>\n<li data-start=\"354\" data-end=\"462\">Latte &#8211; Weiche, seidige Milch mit kr\u00e4ftigem Espresso, kalt serviert f\u00fcr einen perfekt ausgewogenen, erfrischenden Geschmack.<\/li>\n<\/ul>\n<p data-start=\"464\" data-end=\"698\">Unsere Eiskaffees werden aus erstklassigen Bohnen hergestellt und sind so konzipiert, dass sie Sie abk\u00fchlen und gleichzeitig einen kr\u00e4ftigen, erfrischenden Geschmack bieten. Egal, ob Sie Ihren Tag beginnen oder eine Pause einlegen, Hell Ice Coffee ist Ihre erste Wahl f\u00fcr ein wirklich befriedigendes Getr\u00e4nk. <\/p>\n","protected":false},"featured_media":25188,"template":"","meta":[],"product_brand":[2893],"product_cat":[382],"product_tag":[],"class_list":{"0":"post-25201","1":"product","2":"type-product","3":"status-publish","4":"has-post-thumbnail","6":"product_brand-hellenergy-de","7":"product_cat-getranke","8":"pa_barcode-933-de","9":"pa_brand-hellenergy-de","10":"pa_inbox-24-de","11":"pa_pallet-120-de","12":"pa_shelf-life-12-monat","13":"pa_weight-2-250-ml-de","15":"first","16":"instock","17":"shipping-taxable","18":"product-type-simple"},"_links":{"self":[{"href":"https:\/\/effafood.com\/de\/wp-json\/wp\/v2\/product\/25201","targetHints":{"allow":["GET"]}}],"collection":[{"href":"https:\/\/effafood.com\/de\/wp-json\/wp\/v2\/product"}],"about":[{"href":"https:\/\/effafood.com\/de\/wp-json\/wp\/v2\/types\/product"}],"version-history":[{"count":1,"href":"https:\/\/effafood.com\/de\/wp-json\/wp\/v2\/product\/25201\/revisions"}],"predecessor-version":[{"id":25203,"href":"https:\/\/effafood.com\/de\/wp-json\/wp\/v2\/product\/25201\/revisions\/25203"}],"wp:featuredmedia":[{"embeddable":true,"href":"https:\/\/effafood.com\/de\/wp-json\/wp\/v2\/media\/25188"}],"wp:attachment":[{"href":"https:\/\/effafood.com\/de\/wp-json\/wp\/v2\/media?parent=25201"}],"wp:term":[{"taxonomy":"product_brand","embeddable":true,"href":"https:\/\/effafood.com\/de\/wp-json\/wp\/v2\/product_brand?post=25201"},{"taxonomy":"product_cat","embeddable":true,"href":"https:\/\/effafood.com\/de\/wp-json\/wp\/v2\/product_cat?post=25201"},{"taxonomy":"product_tag","embeddable":true,"href":"https:\/\/effafood.com\/de\/wp-json\/wp\/v2\/product_tag?post=25201"}],"curies":[{"name":"wp","href":"https:\/\/api.w.org\/{rel}","templated":true}]}}