{"id":25012,"date":"2025-03-02T14:38:07","date_gmt":"2025-03-02T14:38:07","guid":{"rendered":"https:\/\/effafood.com\/product\/hell-energy-rote-traube\/"},"modified":"2025-03-02T14:39:35","modified_gmt":"2025-03-02T14:39:35","slug":"hell-energy-rote-traube","status":"publish","type":"product","link":"https:\/\/effafood.com\/de\/product\/hell-energy-rote-traube\/","title":{"rendered":"Hell Energy Rote Traube"},"content":{"rendered":"","protected":false},"excerpt":{"rendered":"<p data-start=\"149\" data-end=\"218\">HELL STRONG Red Grape &#8211; Der ultimative Energieschub f\u00fcr Ihren Tag<\/p>\n<p data-start=\"220\" data-end=\"442\">HELL STRONG Red Grape wurde entwickelt, um Ihr perfekter t\u00e4glicher Begleiter zu sein. Mit 32 mg Koffein pro 100 ml und zus\u00e4tzlich 20 % mehr Koffein liefert es einen kr\u00e4ftigen Energieschub, wenn Sie ihn am meisten brauchen.<\/p>\n<p data-start=\"444\" data-end=\"778\">HELL STRONG Red Grape ist vollgepackt mit f\u00fcnf essentiellen B-Vitaminen und frei von Konservierungsstoffen. Es bietet sowohl belebende Energie als auch erfrischenden Geschmack. All dies kommt in einer recycelbaren Verpackung, was es zu einer umweltfreundlichen Wahl f\u00fcr alle macht, die sowohl Leistung als auch Nachhaltigkeit fordern.<\/p>\n","protected":false},"featured_media":25009,"template":"","meta":[],"product_brand":[2893],"product_cat":[382],"product_tag":[],"class_list":{"0":"post-25012","1":"product","2":"type-product","3":"status-publish","4":"has-post-thumbnail","6":"product_brand-hellenergy-de","7":"product_cat-getranke","8":"pa_barcode-933-de","9":"pa_brand-hellenergy-de","10":"pa_inbox-24-de","11":"pa_pallet-120-de","12":"pa_shelf-life-12-monat","13":"pa_weight-2-250-ml-de","15":"first","16":"instock","17":"shipping-taxable","18":"product-type-simple"},"_links":{"self":[{"href":"https:\/\/effafood.com\/de\/wp-json\/wp\/v2\/product\/25012","targetHints":{"allow":["GET"]}}],"collection":[{"href":"https:\/\/effafood.com\/de\/wp-json\/wp\/v2\/product"}],"about":[{"href":"https:\/\/effafood.com\/de\/wp-json\/wp\/v2\/types\/product"}],"version-history":[{"count":1,"href":"https:\/\/effafood.com\/de\/wp-json\/wp\/v2\/product\/25012\/revisions"}],"predecessor-version":[{"id":25014,"href":"https:\/\/effafood.com\/de\/wp-json\/wp\/v2\/product\/25012\/revisions\/25014"}],"wp:featuredmedia":[{"embeddable":true,"href":"https:\/\/effafood.com\/de\/wp-json\/wp\/v2\/media\/25009"}],"wp:attachment":[{"href":"https:\/\/effafood.com\/de\/wp-json\/wp\/v2\/media?parent=25012"}],"wp:term":[{"taxonomy":"product_brand","embeddable":true,"href":"https:\/\/effafood.com\/de\/wp-json\/wp\/v2\/product_brand?post=25012"},{"taxonomy":"product_cat","embeddable":true,"href":"https:\/\/effafood.com\/de\/wp-json\/wp\/v2\/product_cat?post=25012"},{"taxonomy":"product_tag","embeddable":true,"href":"https:\/\/effafood.com\/de\/wp-json\/wp\/v2\/product_tag?post=25012"}],"curies":[{"name":"wp","href":"https:\/\/api.w.org\/{rel}","templated":true}]}}