{"id":24574,"date":"2025-03-02T09:44:39","date_gmt":"2025-03-02T09:44:39","guid":{"rendered":"https:\/\/effafood.com\/product\/grand-kaffee-200-gr\/"},"modified":"2025-03-02T14:16:39","modified_gmt":"2025-03-02T14:16:39","slug":"grand-kaffee-200-gr","status":"publish","type":"product","link":"https:\/\/effafood.com\/de\/product\/grand-kaffee-200-gr\/","title":{"rendered":"Grand Kaffee 200 gr"},"content":{"rendered":"","protected":false},"excerpt":{"rendered":"<p data-start=\"152\" data-end=\"169\">Gro\u00dfer Kaffee<\/p>\n<p data-start=\"171\" data-end=\"447\">Bei Grand Coffee dreht sich alles um au\u00dfergew\u00f6hnlichen Geschmack in jeder Tasse. Unsere Premium-Bohnen werden sorgf\u00e4ltig von den besten Kaffeefarmen der Welt bezogen und bis zur Perfektion ger\u00f6stet, um Ihnen ein sanftes, kr\u00e4ftiges und unvergessliches Kaffeeerlebnis zu bieten.<\/p>\n<p data-start=\"449\" data-end=\"676\">Wenn Sie Grand Coffee einmal probiert haben, wird es nicht lange dauern, bis Sie in jedem Gesch\u00e4ft danach suchen. Sind Sie bereit f\u00fcr einen neuen Favoriten? Es ist an der Zeit, Ihren Kaffeegenuss mit Grand Coffee zu verfeinern.<\/p>\n<p data-start=\"678\" data-end=\"707\">Genie\u00dfen Sie den Unterschied.<\/p>\n<p data-start=\"623\" data-end=\"672\">Genie\u00dfen Sie den Unterschied<\/p>\n","protected":false},"featured_media":24491,"template":"","meta":[],"product_brand":[2903],"product_cat":[901],"product_tag":[],"class_list":{"0":"post-24574","1":"product","2":"type-product","3":"status-publish","4":"has-post-thumbnail","6":"product_brand-natura-de","7":"product_cat-kaffee-de","8":"pa_barcode-8600103056021-de","9":"pa_brand-natura-de","10":"pa_inbox-30-de","11":"pa_pallet-72-de","12":"pa_shelf-life-18-monat","13":"pa_weight-2-200-gr-de","15":"first","16":"instock","17":"shipping-taxable","18":"product-type-simple"},"_links":{"self":[{"href":"https:\/\/effafood.com\/de\/wp-json\/wp\/v2\/product\/24574","targetHints":{"allow":["GET"]}}],"collection":[{"href":"https:\/\/effafood.com\/de\/wp-json\/wp\/v2\/product"}],"about":[{"href":"https:\/\/effafood.com\/de\/wp-json\/wp\/v2\/types\/product"}],"version-history":[{"count":2,"href":"https:\/\/effafood.com\/de\/wp-json\/wp\/v2\/product\/24574\/revisions"}],"predecessor-version":[{"id":24965,"href":"https:\/\/effafood.com\/de\/wp-json\/wp\/v2\/product\/24574\/revisions\/24965"}],"wp:featuredmedia":[{"embeddable":true,"href":"https:\/\/effafood.com\/de\/wp-json\/wp\/v2\/media\/24491"}],"wp:attachment":[{"href":"https:\/\/effafood.com\/de\/wp-json\/wp\/v2\/media?parent=24574"}],"wp:term":[{"taxonomy":"product_brand","embeddable":true,"href":"https:\/\/effafood.com\/de\/wp-json\/wp\/v2\/product_brand?post=24574"},{"taxonomy":"product_cat","embeddable":true,"href":"https:\/\/effafood.com\/de\/wp-json\/wp\/v2\/product_cat?post=24574"},{"taxonomy":"product_tag","embeddable":true,"href":"https:\/\/effafood.com\/de\/wp-json\/wp\/v2\/product_tag?post=24574"}],"curies":[{"name":"wp","href":"https:\/\/api.w.org\/{rel}","templated":true}]}}