{"id":24571,"date":"2025-03-02T09:54:53","date_gmt":"2025-03-02T09:54:53","guid":{"rendered":"https:\/\/effafood.com\/product\/prinz-kaffee-250-gr\/"},"modified":"2025-03-02T14:15:55","modified_gmt":"2025-03-02T14:15:55","slug":"prinz-kaffee-250-gr","status":"publish","type":"product","link":"https:\/\/effafood.com\/de\/product\/prinz-kaffee-250-gr\/","title":{"rendered":"Prinz Kaffee 250 gr"},"content":{"rendered":"","protected":false},"excerpt":{"rendered":"<p data-start=\"137\" data-end=\"154\">Prince Kaffee<\/p>\n<p data-start=\"156\" data-end=\"674\">G\u00f6nnen Sie sich das k\u00f6nigliche Erlebnis von Prince Coffee (Fantastic Aroma), bei dem jede Tasse eine Reise zu der perfekten Mischung aus reichhaltigem Geschmack und fesselnden Aromen ist. Unsere Bohnen werden von den besten Farmen handverlesen, perfekt ger\u00f6stet und mit Leidenschaft aufgebr\u00fcht, um Ihnen einen Geschmack zu bieten, der k\u00f6niglich ist. Ganz gleich, ob Sie Ihren Tag beginnen oder eine wohlverdiente Pause einlegen \u2013 Prince Coffee garantiert Ihnen eine k\u00fchne, aromatische Flucht, die Ihre Sinne befl\u00fcgelt.<\/p>\n<p data-start=\"676\" data-end=\"753\">Erleben Sie die Essenz des Luxus in jedem Schluck. Schmecken Sie die Royalty.<\/p>\n","protected":false},"featured_media":24531,"template":"","meta":[],"product_brand":[2903],"product_cat":[901],"product_tag":[],"class_list":{"0":"post-24571","1":"product","2":"type-product","3":"status-publish","4":"has-post-thumbnail","6":"product_brand-natura-de","7":"product_cat-kaffee-de","8":"pa_barcode-3904750910909-de","9":"pa_brand-natura-de","10":"pa_inbox-16-de","11":"pa_pallet-120-de","12":"pa_shelf-life-18-monat","13":"pa_weight-2-500-gr-de","15":"first","16":"instock","17":"shipping-taxable","18":"product-type-simple"},"_links":{"self":[{"href":"https:\/\/effafood.com\/de\/wp-json\/wp\/v2\/product\/24571","targetHints":{"allow":["GET"]}}],"collection":[{"href":"https:\/\/effafood.com\/de\/wp-json\/wp\/v2\/product"}],"about":[{"href":"https:\/\/effafood.com\/de\/wp-json\/wp\/v2\/types\/product"}],"version-history":[{"count":2,"href":"https:\/\/effafood.com\/de\/wp-json\/wp\/v2\/product\/24571\/revisions"}],"predecessor-version":[{"id":24963,"href":"https:\/\/effafood.com\/de\/wp-json\/wp\/v2\/product\/24571\/revisions\/24963"}],"wp:featuredmedia":[{"embeddable":true,"href":"https:\/\/effafood.com\/de\/wp-json\/wp\/v2\/media\/24531"}],"wp:attachment":[{"href":"https:\/\/effafood.com\/de\/wp-json\/wp\/v2\/media?parent=24571"}],"wp:term":[{"taxonomy":"product_brand","embeddable":true,"href":"https:\/\/effafood.com\/de\/wp-json\/wp\/v2\/product_brand?post=24571"},{"taxonomy":"product_cat","embeddable":true,"href":"https:\/\/effafood.com\/de\/wp-json\/wp\/v2\/product_cat?post=24571"},{"taxonomy":"product_tag","embeddable":true,"href":"https:\/\/effafood.com\/de\/wp-json\/wp\/v2\/product_tag?post=24571"}],"curies":[{"name":"wp","href":"https:\/\/api.w.org\/{rel}","templated":true}]}}