{"id":24394,"date":"2025-03-02T08:26:53","date_gmt":"2025-03-02T08:26:53","guid":{"rendered":"https:\/\/effafood.com\/product\/gezuckerte-geroestete-kichererbsen-farbig\/"},"modified":"2025-03-02T13:28:42","modified_gmt":"2025-03-02T13:28:42","slug":"gezuckerte-geroestete-kichererbsen-farbig","status":"publish","type":"product","link":"https:\/\/effafood.com\/de\/product\/gezuckerte-geroestete-kichererbsen-farbig\/","title":{"rendered":"Gezuckerte ger\u00f6stete Kichererbsen (farbig)"},"content":{"rendered":"","protected":false},"excerpt":{"rendered":"<p>Malatya Pazar\u0131 N\u00fcsse<\/p>\n<p>Malatya Pazar\u0131 N\u00fcsse bieten einen k\u00f6stlichen Geschmack von Premiumqualit\u00e4t, direkt aus dem Herzen von Malatya, T\u00fcrkei. Diese Region ist bekannt f\u00fcr ihren reichen Boden und ihr ideales Klima und produziert einige der besten N\u00fcsse der Welt. Von knackigen Pistazien bis zu s\u00fc\u00dfen Haseln\u00fcssen wird jedes Produkt von Malatya Pazar\u0131 sorgf\u00e4ltig ausgew\u00e4hlt und verpackt, um seine Frische und seinen Geschmack zu erhalten.  <\/p>\n<p>Effa Food ist stolz darauf, diese gesunden, nat\u00fcrlichen Snacks anbieten zu k\u00f6nnen, die perfekt f\u00fcr jede Gelegenheit sind. G\u00f6nnen Sie sich ein k\u00f6stliches, nahrhaftes Erlebnis mit Malatya Pazar\u0131 N\u00fcssen! <\/p>\n","protected":false},"featured_media":24391,"template":"","meta":[],"product_brand":[2902],"product_cat":[441],"product_tag":[],"class_list":{"0":"post-24394","1":"product","2":"type-product","3":"status-publish","4":"has-post-thumbnail","6":"product_brand-malatya-pazari-de","7":"product_cat-snacks-de","8":"pa_barcode-8690985174135-de","9":"pa_brand-malatya-pazari-de","10":"pa_inbox-24-de","11":"pa_pallet-917","12":"pa_shelf-life-12-monat","13":"pa_weight-2-200-gr-de","15":"first","16":"instock","17":"shipping-taxable","18":"product-type-simple"},"_links":{"self":[{"href":"https:\/\/effafood.com\/de\/wp-json\/wp\/v2\/product\/24394","targetHints":{"allow":["GET"]}}],"collection":[{"href":"https:\/\/effafood.com\/de\/wp-json\/wp\/v2\/product"}],"about":[{"href":"https:\/\/effafood.com\/de\/wp-json\/wp\/v2\/types\/product"}],"version-history":[{"count":1,"href":"https:\/\/effafood.com\/de\/wp-json\/wp\/v2\/product\/24394\/revisions"}],"predecessor-version":[{"id":24397,"href":"https:\/\/effafood.com\/de\/wp-json\/wp\/v2\/product\/24394\/revisions\/24397"}],"wp:featuredmedia":[{"embeddable":true,"href":"https:\/\/effafood.com\/de\/wp-json\/wp\/v2\/media\/24391"}],"wp:attachment":[{"href":"https:\/\/effafood.com\/de\/wp-json\/wp\/v2\/media?parent=24394"}],"wp:term":[{"taxonomy":"product_brand","embeddable":true,"href":"https:\/\/effafood.com\/de\/wp-json\/wp\/v2\/product_brand?post=24394"},{"taxonomy":"product_cat","embeddable":true,"href":"https:\/\/effafood.com\/de\/wp-json\/wp\/v2\/product_cat?post=24394"},{"taxonomy":"product_tag","embeddable":true,"href":"https:\/\/effafood.com\/de\/wp-json\/wp\/v2\/product_tag?post=24394"}],"curies":[{"name":"wp","href":"https:\/\/api.w.org\/{rel}","templated":true}]}}