{"id":24072,"date":"2025-02-09T10:42:08","date_gmt":"2025-02-09T10:42:08","guid":{"rendered":"https:\/\/effafood.com\/product\/barbie-ueberraschungseier\/"},"modified":"2025-03-02T13:26:32","modified_gmt":"2025-03-02T13:26:32","slug":"barbie-ueberraschungseier","status":"publish","type":"product","link":"https:\/\/effafood.com\/de\/product\/barbie-ueberraschungseier\/","title":{"rendered":"Barbie \u00dcberraschungseier"},"content":{"rendered":"","protected":false},"excerpt":{"rendered":"<p>YAVUZ EUROPE \u00dcBERRASCHUNGSEIER IN ZEICHENTRICK-LIZENZEN<\/p>\n<p>Yavuz Europe bietet \u00dcberraschungseier mit beliebten Zeichentrickfiguren, gef\u00fcllt mit Sammelspielzeug, Figuren und Zubeh\u00f6r. Jedes Ei sorgt f\u00fcr Spannung und Spa\u00df, wenn Kinder ihre Lieblingscharaktere aus bekannten Zeichentricklizenzen entdecken. <\/p>\n<p>Die aus hochwertigen, ungiftigen Materialien hergestellten Yavuz Europe \u00dcberraschungseier sind sicher und langlebig und bieten Kindern endlose Unterhaltung und fantasievolles Spiel.<\/p>\n","protected":false},"featured_media":23768,"template":"","meta":[],"product_brand":[2911],"product_cat":[443],"product_tag":[],"class_list":{"0":"post-24072","1":"product","2":"type-product","3":"status-publish","4":"has-post-thumbnail","6":"product_brand-yavuzeurope-de","7":"product_cat-spielzeug","8":"pa_barcode-933-de","9":"pa_brand-yavuzeurope-de","10":"pa_pallet-917","12":"first","13":"instock","14":"shipping-taxable","15":"product-type-simple"},"_links":{"self":[{"href":"https:\/\/effafood.com\/de\/wp-json\/wp\/v2\/product\/24072","targetHints":{"allow":["GET"]}}],"collection":[{"href":"https:\/\/effafood.com\/de\/wp-json\/wp\/v2\/product"}],"about":[{"href":"https:\/\/effafood.com\/de\/wp-json\/wp\/v2\/types\/product"}],"version-history":[{"count":1,"href":"https:\/\/effafood.com\/de\/wp-json\/wp\/v2\/product\/24072\/revisions"}],"predecessor-version":[{"id":24837,"href":"https:\/\/effafood.com\/de\/wp-json\/wp\/v2\/product\/24072\/revisions\/24837"}],"wp:featuredmedia":[{"embeddable":true,"href":"https:\/\/effafood.com\/de\/wp-json\/wp\/v2\/media\/23768"}],"wp:attachment":[{"href":"https:\/\/effafood.com\/de\/wp-json\/wp\/v2\/media?parent=24072"}],"wp:term":[{"taxonomy":"product_brand","embeddable":true,"href":"https:\/\/effafood.com\/de\/wp-json\/wp\/v2\/product_brand?post=24072"},{"taxonomy":"product_cat","embeddable":true,"href":"https:\/\/effafood.com\/de\/wp-json\/wp\/v2\/product_cat?post=24072"},{"taxonomy":"product_tag","embeddable":true,"href":"https:\/\/effafood.com\/de\/wp-json\/wp\/v2\/product_tag?post=24072"}],"curies":[{"name":"wp","href":"https:\/\/api.w.org\/{rel}","templated":true}]}}