{"id":24051,"date":"2025-02-09T11:14:06","date_gmt":"2025-02-09T11:14:06","guid":{"rendered":"https:\/\/effafood.com\/product\/aloe-vera-granatapfel-saft\/"},"modified":"2025-03-02T12:48:25","modified_gmt":"2025-03-02T12:48:25","slug":"aloe-vera-granatapfel-saft","status":"publish","type":"product","link":"https:\/\/effafood.com\/de\/product\/aloe-vera-granatapfel-saft\/","title":{"rendered":"Aloe Vera Traubensaft"},"content":{"rendered":"","protected":false},"excerpt":{"rendered":"<p>Lotte Aloe Vera S\u00e4fte<\/p>\n<p>Entdecken Sie Lotte Aloe Vera S\u00e4fte, ein feuchtigkeitsspendendes und gesundes Getr\u00e4nk, das in praktischen Dosen und Plastikflaschen erh\u00e4ltlich ist. Unsere S\u00e4fte sind mit nat\u00fcrlicher Aloe Vera angereichert und bieten einen erfrischenden Geschmack mit zus\u00e4tzlichen Wellness-Vorteilen. Die Lotte Aloe Vera S\u00e4fte sind perfekt f\u00fcr jede Tageszeit geeignet und bieten Ihnen die n\u00f6tige Fl\u00fcssigkeitszufuhr und die Qualit\u00e4t, der Sie vertrauen k\u00f6nnen.  <\/p>\n<p>Genie\u00dfen Sie die nat\u00fcrliche G\u00fcte in jedem Schluck!<\/p>\n","protected":false},"featured_media":24451,"template":"","meta":[],"product_brand":[2903],"product_cat":[382],"product_tag":[],"class_list":{"0":"post-24051","1":"product","2":"type-product","3":"status-publish","4":"has-post-thumbnail","6":"product_brand-natura-de","7":"product_cat-getranke","8":"pa_barcode-8801056038281-de","9":"pa_brand-natura-de","10":"pa_inbox-30-de","11":"pa_pallet-90-de","12":"pa_shelf-life-12-monat","13":"pa_weight-2-240-ml-de","15":"first","16":"instock","17":"shipping-taxable","18":"product-type-simple"},"_links":{"self":[{"href":"https:\/\/effafood.com\/de\/wp-json\/wp\/v2\/product\/24051","targetHints":{"allow":["GET"]}}],"collection":[{"href":"https:\/\/effafood.com\/de\/wp-json\/wp\/v2\/product"}],"about":[{"href":"https:\/\/effafood.com\/de\/wp-json\/wp\/v2\/types\/product"}],"version-history":[{"count":1,"href":"https:\/\/effafood.com\/de\/wp-json\/wp\/v2\/product\/24051\/revisions"}],"predecessor-version":[{"id":24546,"href":"https:\/\/effafood.com\/de\/wp-json\/wp\/v2\/product\/24051\/revisions\/24546"}],"wp:featuredmedia":[{"embeddable":true,"href":"https:\/\/effafood.com\/de\/wp-json\/wp\/v2\/media\/24451"}],"wp:attachment":[{"href":"https:\/\/effafood.com\/de\/wp-json\/wp\/v2\/media?parent=24051"}],"wp:term":[{"taxonomy":"product_brand","embeddable":true,"href":"https:\/\/effafood.com\/de\/wp-json\/wp\/v2\/product_brand?post=24051"},{"taxonomy":"product_cat","embeddable":true,"href":"https:\/\/effafood.com\/de\/wp-json\/wp\/v2\/product_cat?post=24051"},{"taxonomy":"product_tag","embeddable":true,"href":"https:\/\/effafood.com\/de\/wp-json\/wp\/v2\/product_tag?post=24051"}],"curies":[{"name":"wp","href":"https:\/\/api.w.org\/{rel}","templated":true}]}}