{"id":24042,"date":"2025-02-09T08:54:05","date_gmt":"2025-02-09T08:54:05","guid":{"rendered":"https:\/\/effafood.com\/product\/gehirnlecker-kugeln\/"},"modified":"2025-03-02T13:26:11","modified_gmt":"2025-03-02T13:26:11","slug":"gehirnlecker-kugeln","status":"publish","type":"product","link":"https:\/\/effafood.com\/de\/product\/gehirnlecker-kugeln\/","title":{"rendered":"Gehirnlecker-Kugeln"},"content":{"rendered":"","protected":false},"excerpt":{"rendered":"<p>YAVUZ EUROPA SPIELZEUG<\/p>\n<p>Yavuz Europe bietet eine gro\u00dfe Auswahl an hochwertigem Spielzeug, das Spa\u00df macht und zum Lernen einl\u00e4dt. Von Lernspielzeug bis hin zu fantasievollen Spielsets &#8211; unsere Kollektion f\u00f6rdert die Kreativit\u00e4t und die Entwicklung von F\u00e4higkeiten bei Kindern jeden Alters. <\/p>\n<p>Die Spielzeuge von Yavuz Europe bestehen aus ungiftigen Materialien, die f\u00fcr Sicherheit und Langlebigkeit sorgen. Sie sind perfekt, um Freude und Neugier zu wecken. Unser Spielzeug verbindet Unterhaltung mit Bildung und gibt Kindern die Werkzeuge an die Hand, die sie f\u00fcr Wachstum und Entwicklung brauchen. <\/p>\n","protected":false},"featured_media":23594,"template":"","meta":[],"product_brand":[2911],"product_cat":[443],"product_tag":[],"class_list":{"0":"post-24042","1":"product","2":"type-product","3":"status-publish","4":"has-post-thumbnail","6":"product_brand-yavuzeurope-de","7":"product_cat-spielzeug","8":"pa_barcode-933-de","9":"pa_brand-yavuzeurope-de","10":"pa_inbox-12-x-8-de","11":"pa_pallet-80-de","12":"pa_weight-2-60-ml-de","14":"first","15":"instock","16":"shipping-taxable","17":"product-type-simple"},"_links":{"self":[{"href":"https:\/\/effafood.com\/de\/wp-json\/wp\/v2\/product\/24042","targetHints":{"allow":["GET"]}}],"collection":[{"href":"https:\/\/effafood.com\/de\/wp-json\/wp\/v2\/product"}],"about":[{"href":"https:\/\/effafood.com\/de\/wp-json\/wp\/v2\/types\/product"}],"version-history":[{"count":1,"href":"https:\/\/effafood.com\/de\/wp-json\/wp\/v2\/product\/24042\/revisions"}],"predecessor-version":[{"id":24779,"href":"https:\/\/effafood.com\/de\/wp-json\/wp\/v2\/product\/24042\/revisions\/24779"}],"wp:featuredmedia":[{"embeddable":true,"href":"https:\/\/effafood.com\/de\/wp-json\/wp\/v2\/media\/23594"}],"wp:attachment":[{"href":"https:\/\/effafood.com\/de\/wp-json\/wp\/v2\/media?parent=24042"}],"wp:term":[{"taxonomy":"product_brand","embeddable":true,"href":"https:\/\/effafood.com\/de\/wp-json\/wp\/v2\/product_brand?post=24042"},{"taxonomy":"product_cat","embeddable":true,"href":"https:\/\/effafood.com\/de\/wp-json\/wp\/v2\/product_cat?post=24042"},{"taxonomy":"product_tag","embeddable":true,"href":"https:\/\/effafood.com\/de\/wp-json\/wp\/v2\/product_tag?post=24042"}],"curies":[{"name":"wp","href":"https:\/\/api.w.org\/{rel}","templated":true}]}}