{"id":23990,"date":"2025-02-09T08:11:01","date_gmt":"2025-02-09T08:11:01","guid":{"rendered":"https:\/\/effafood.com\/product\/koeylue-joghurt-1000-gr-4-fet\/"},"modified":"2025-03-02T13:26:07","modified_gmt":"2025-03-02T13:26:07","slug":"koeylue-joghurt-1000-gr-4-fet","status":"publish","type":"product","link":"https:\/\/effafood.com\/de\/product\/koeylue-joghurt-1000-gr-4-fet\/","title":{"rendered":"K\u00f6yl\u00fc Joghurt 1000 gr %4 Fet"},"content":{"rendered":"","protected":false},"excerpt":{"rendered":"<p>K\u00d6YL\u00dc YOGHURT<\/p>\n<p>K\u00f6yl\u00fc bietet eine Vielzahl an k\u00f6stlichen Joghurts, die mit den besten Zutaten und lebenden Kulturen hergestellt werden. Ob Sie cremigen Naturjoghurt oder fruchtige Geschmacksrichtungen bevorzugen, unser Sortiment ist perfekt f\u00fcr Fr\u00fchst\u00fcck, Snacks oder Desserts. <\/p>\n<p>K\u00f6yl\u00fc Joghurt wird aus hochwertiger Milch hergestellt und bietet einen frischen, gesunden Geschmack, frei von k\u00fcnstlichen Zusatzstoffen. Genie\u00dfen Sie die nat\u00fcrliche G\u00fcte von K\u00f6yl\u00fc mit jedem L\u00f6ffel. <\/p>\n","protected":false},"featured_media":23557,"template":"","meta":[],"product_brand":[2900],"product_cat":[435],"product_tag":[],"class_list":{"0":"post-23990","1":"product","2":"type-product","3":"status-publish","4":"has-post-thumbnail","6":"product_brand-koylu-de","7":"product_cat-milch-produkte","8":"pa_barcode-933-de","9":"pa_brand-koylu-de","10":"pa_pallet-917","11":"pa_shelf-life-1-monat","12":"pa_weight-2-1000-gr-de","14":"first","15":"instock","16":"shipping-taxable","17":"product-type-simple"},"_links":{"self":[{"href":"https:\/\/effafood.com\/de\/wp-json\/wp\/v2\/product\/23990","targetHints":{"allow":["GET"]}}],"collection":[{"href":"https:\/\/effafood.com\/de\/wp-json\/wp\/v2\/product"}],"about":[{"href":"https:\/\/effafood.com\/de\/wp-json\/wp\/v2\/types\/product"}],"version-history":[{"count":1,"href":"https:\/\/effafood.com\/de\/wp-json\/wp\/v2\/product\/23990\/revisions"}],"predecessor-version":[{"id":24767,"href":"https:\/\/effafood.com\/de\/wp-json\/wp\/v2\/product\/23990\/revisions\/24767"}],"wp:featuredmedia":[{"embeddable":true,"href":"https:\/\/effafood.com\/de\/wp-json\/wp\/v2\/media\/23557"}],"wp:attachment":[{"href":"https:\/\/effafood.com\/de\/wp-json\/wp\/v2\/media?parent=23990"}],"wp:term":[{"taxonomy":"product_brand","embeddable":true,"href":"https:\/\/effafood.com\/de\/wp-json\/wp\/v2\/product_brand?post=23990"},{"taxonomy":"product_cat","embeddable":true,"href":"https:\/\/effafood.com\/de\/wp-json\/wp\/v2\/product_cat?post=23990"},{"taxonomy":"product_tag","embeddable":true,"href":"https:\/\/effafood.com\/de\/wp-json\/wp\/v2\/product_tag?post=23990"}],"curies":[{"name":"wp","href":"https:\/\/api.w.org\/{rel}","templated":true}]}}