{"id":23984,"date":"2025-02-09T07:59:43","date_gmt":"2025-02-09T07:59:43","guid":{"rendered":"https:\/\/effafood.com\/product\/koeylue-ayran\/"},"modified":"2025-03-02T13:26:03","modified_gmt":"2025-03-02T13:26:03","slug":"koeylue-ayran","status":"publish","type":"product","link":"https:\/\/effafood.com\/de\/product\/koeylue-ayran\/","title":{"rendered":"K\u00f6yl\u00fc Ayran"},"content":{"rendered":"","protected":false},"excerpt":{"rendered":"<p>K\u00d6YL\u00dc MILCHPRODUKTE<\/p>\n<p>K\u00f6yl\u00fc bietet ein vielf\u00e4ltiges Sortiment an hochwertigen Milchprodukten, die mit Sorgfalt hergestellt werden, um sowohl Geschmack als auch Tradition auf Ihren Tisch zu bringen. Unsere Kollektion bietet reichhaltigen, cremigen K\u00f6yl\u00fc-K\u00e4se, der sich perfekt f\u00fcr Sandwiches, Snacks oder zum Verfeinern von Gerichten eignet. <\/p>\n<p>Neben unseren K\u00e4sesorten bieten wir auch K\u00f6yl\u00fc Ayran an, ein erfrischendes Getr\u00e4nk auf Joghurtbasis, das wunderbar zu Ihren Mahlzeiten passt oder auch pur genossen werden kann. Unser Sortiment an Molkereiprodukten umfasst auch Joghurt, Butter und mehr, die alle aus nat\u00fcrlichen Zutaten hergestellt werden und Ihre t\u00e4glichen Mahlzeiten bereichern. <\/p>\n<p>Erleben Sie den \u00fcberragenden Geschmack und die Qualit\u00e4t der K\u00f6yl\u00fc-Molkereiprodukte, wo Tradition und Geschmack in jedem Bissen zusammenkommen.<\/p>\n","protected":false},"featured_media":23530,"template":"","meta":[],"product_brand":[2900],"product_cat":[435],"product_tag":[],"class_list":{"0":"post-23984","1":"product","2":"type-product","3":"status-publish","4":"has-post-thumbnail","6":"product_brand-koylu-de","7":"product_cat-milch-produkte","8":"pa_barcode-933-de","9":"pa_brand-koylu-de","10":"pa_pallet-917","11":"pa_shelf-life-6-monat","12":"pa_weight-2-1000-ml-de","14":"first","15":"instock","16":"shipping-taxable","17":"product-type-simple"},"_links":{"self":[{"href":"https:\/\/effafood.com\/de\/wp-json\/wp\/v2\/product\/23984","targetHints":{"allow":["GET"]}}],"collection":[{"href":"https:\/\/effafood.com\/de\/wp-json\/wp\/v2\/product"}],"about":[{"href":"https:\/\/effafood.com\/de\/wp-json\/wp\/v2\/types\/product"}],"version-history":[{"count":1,"href":"https:\/\/effafood.com\/de\/wp-json\/wp\/v2\/product\/23984\/revisions"}],"predecessor-version":[{"id":24756,"href":"https:\/\/effafood.com\/de\/wp-json\/wp\/v2\/product\/23984\/revisions\/24756"}],"wp:featuredmedia":[{"embeddable":true,"href":"https:\/\/effafood.com\/de\/wp-json\/wp\/v2\/media\/23530"}],"wp:attachment":[{"href":"https:\/\/effafood.com\/de\/wp-json\/wp\/v2\/media?parent=23984"}],"wp:term":[{"taxonomy":"product_brand","embeddable":true,"href":"https:\/\/effafood.com\/de\/wp-json\/wp\/v2\/product_brand?post=23984"},{"taxonomy":"product_cat","embeddable":true,"href":"https:\/\/effafood.com\/de\/wp-json\/wp\/v2\/product_cat?post=23984"},{"taxonomy":"product_tag","embeddable":true,"href":"https:\/\/effafood.com\/de\/wp-json\/wp\/v2\/product_tag?post=23984"}],"curies":[{"name":"wp","href":"https:\/\/api.w.org\/{rel}","templated":true}]}}