{"id":22926,"date":"2025-01-20T18:15:31","date_gmt":"2025-01-20T18:15:31","guid":{"rendered":"https:\/\/effafood.com\/product\/c-soda-mit-zitronengeschmack\/"},"modified":"2025-03-02T13:24:28","modified_gmt":"2025-03-02T13:24:28","slug":"c-soda-mit-zitronengeschmack","status":"publish","type":"product","link":"https:\/\/effafood.com\/de\/product\/c-soda-mit-zitronengeschmack\/","title":{"rendered":"C+ Soda mit Zitronengeschmack"},"content":{"rendered":"","protected":false},"excerpt":{"rendered":"<div class=\"flex-shrink-0 flex flex-col relative items-end\">\n<div>\n<div class=\"pt-0\">\n<div class=\"gizmo-bot-avatar flex h-8 w-8 items-center justify-center overflow-hidden rounded-full\">\n<div class=\"relative p-1 rounded-sm flex items-center justify-center bg-token-main-surface-primary text-token-text-primary h-8 w-8\">Beypazar\u0131 Nat\u00fcrliches Mineralwasser<\/div>\n<div><\/div>\n<div class=\"relative p-1 rounded-sm flex items-center justify-center bg-token-main-surface-primary text-token-text-primary h-8 w-8\">Der reinste und frischeste Geschmack, den die Natur zu bieten hat, kombiniert mit den Vorteilen der Gesundheit. Angereichert mit nat\u00fcrlichen Mineralien sorgt dieses Mineralwasser f\u00fcr Frische und Vitalit\u00e4t bei jedem Schluck.  Mit seinen klassischen und fruchtigen Geschmacksrichtungen trifft Beypazar\u0131 Mineralwasser genau Ihren Geschmack und hilft Ihnen, den ganzen Tag \u00fcber mit Energie versorgt zu sein. Als perfekter Begleiter f\u00fcr einen gesunden Lebensstil bietet Beypazar\u0131 die G\u00fcte der Natur ohne Kompromisse, f\u00fcr jeden Moment Ihres Tages! <\/div>\n<\/div>\n<\/div>\n<\/div>\n<\/div>\n","protected":false},"featured_media":22657,"template":"","meta":[],"product_brand":[2889],"product_cat":[382],"product_tag":[],"class_list":{"0":"post-22926","1":"product","2":"type-product","3":"status-publish","4":"has-post-thumbnail","6":"product_brand-beypazari-de","7":"product_cat-getranke","8":"pa_barcode-8691381000264-de","9":"pa_brand-beypazari-de","10":"pa_inbox-24-de","11":"pa_pallet-96-de","12":"pa_shelf-life-12-monat","13":"pa_weight-2-200-ml-de","15":"first","16":"instock","17":"shipping-taxable","18":"product-type-simple"},"_links":{"self":[{"href":"https:\/\/effafood.com\/de\/wp-json\/wp\/v2\/product\/22926","targetHints":{"allow":["GET"]}}],"collection":[{"href":"https:\/\/effafood.com\/de\/wp-json\/wp\/v2\/product"}],"about":[{"href":"https:\/\/effafood.com\/de\/wp-json\/wp\/v2\/types\/product"}],"version-history":[{"count":1,"href":"https:\/\/effafood.com\/de\/wp-json\/wp\/v2\/product\/22926\/revisions"}],"predecessor-version":[{"id":24641,"href":"https:\/\/effafood.com\/de\/wp-json\/wp\/v2\/product\/22926\/revisions\/24641"}],"wp:featuredmedia":[{"embeddable":true,"href":"https:\/\/effafood.com\/de\/wp-json\/wp\/v2\/media\/22657"}],"wp:attachment":[{"href":"https:\/\/effafood.com\/de\/wp-json\/wp\/v2\/media?parent=22926"}],"wp:term":[{"taxonomy":"product_brand","embeddable":true,"href":"https:\/\/effafood.com\/de\/wp-json\/wp\/v2\/product_brand?post=22926"},{"taxonomy":"product_cat","embeddable":true,"href":"https:\/\/effafood.com\/de\/wp-json\/wp\/v2\/product_cat?post=22926"},{"taxonomy":"product_tag","embeddable":true,"href":"https:\/\/effafood.com\/de\/wp-json\/wp\/v2\/product_tag?post=22926"}],"curies":[{"name":"wp","href":"https:\/\/api.w.org\/{rel}","templated":true}]}}