{"id":22918,"date":"2025-01-19T15:59:18","date_gmt":"2025-01-19T15:59:18","guid":{"rendered":"https:\/\/effafood.com\/product\/premium-waffeln-milch-sahne\/"},"modified":"2025-02-08T12:27:53","modified_gmt":"2025-02-08T12:27:53","slug":"premium-waffeln-milch-sahne","status":"publish","type":"product","link":"https:\/\/effafood.com\/de\/product\/premium-waffeln-milch-sahne\/","title":{"rendered":"Premium Waffeln Milch-Sahne"},"content":{"rendered":"","protected":false},"excerpt":{"rendered":"<p>PREMIUM WAFERS MILCHCREME<\/p>\n<p>Genie\u00dfen Sie den reichen und samtigen Geschmack der Premium Wafers mit einer k\u00f6stlichen Milchcremef\u00fcllung. Jede knusprige Waffel wird perfekt durch eine weiche, cremige Milchf\u00fcllung erg\u00e4nzt und bietet mit jedem Bissen einen k\u00f6stlichen und beruhigenden Genuss. Ein zeitloser Snack, der perfekt f\u00fcr jede Gelegenheit ist!<\/p>\n","protected":false},"featured_media":22149,"template":"","meta":[],"product_brand":[2909],"product_cat":[441],"product_tag":[],"class_list":{"0":"post-22918","1":"product","2":"type-product","3":"status-publish","4":"has-post-thumbnail","6":"product_brand-tore-de","7":"product_cat-snacks-de","8":"pa_barcode-8697439300256-de","9":"pa_brand-tore-de","10":"pa_inbox-24-x-6-de","11":"pa_pallet-917","12":"pa_shelf-life-12-monat","13":"pa_weight-2-52-gr-de","15":"first","16":"instock","17":"shipping-taxable","18":"product-type-simple"},"_links":{"self":[{"href":"https:\/\/effafood.com\/de\/wp-json\/wp\/v2\/product\/22918","targetHints":{"allow":["GET"]}}],"collection":[{"href":"https:\/\/effafood.com\/de\/wp-json\/wp\/v2\/product"}],"about":[{"href":"https:\/\/effafood.com\/de\/wp-json\/wp\/v2\/types\/product"}],"version-history":[{"count":1,"href":"https:\/\/effafood.com\/de\/wp-json\/wp\/v2\/product\/22918\/revisions"}],"predecessor-version":[{"id":23129,"href":"https:\/\/effafood.com\/de\/wp-json\/wp\/v2\/product\/22918\/revisions\/23129"}],"wp:featuredmedia":[{"embeddable":true,"href":"https:\/\/effafood.com\/de\/wp-json\/wp\/v2\/media\/22149"}],"wp:attachment":[{"href":"https:\/\/effafood.com\/de\/wp-json\/wp\/v2\/media?parent=22918"}],"wp:term":[{"taxonomy":"product_brand","embeddable":true,"href":"https:\/\/effafood.com\/de\/wp-json\/wp\/v2\/product_brand?post=22918"},{"taxonomy":"product_cat","embeddable":true,"href":"https:\/\/effafood.com\/de\/wp-json\/wp\/v2\/product_cat?post=22918"},{"taxonomy":"product_tag","embeddable":true,"href":"https:\/\/effafood.com\/de\/wp-json\/wp\/v2\/product_tag?post=22918"}],"curies":[{"name":"wp","href":"https:\/\/api.w.org\/{rel}","templated":true}]}}