{"id":22917,"date":"2025-01-19T16:53:02","date_gmt":"2025-01-19T16:53:02","guid":{"rendered":"https:\/\/effafood.com\/product\/premium-waffeln-kirschsahne\/"},"modified":"2025-02-08T12:26:57","modified_gmt":"2025-02-08T12:26:57","slug":"premium-waffeln-kirschsahne","status":"publish","type":"product","link":"https:\/\/effafood.com\/de\/product\/premium-waffeln-kirschsahne\/","title":{"rendered":"Premium Waffeln Kirschsahne"},"content":{"rendered":"","protected":false},"excerpt":{"rendered":"<p>PREMIUM WAFERS KIRSCHCREME<\/p>\n<p>Genie\u00dfen Sie die unwiderstehliche Kombination aus knusprigen Waffeln und k\u00f6stlicher Kirschcremef\u00fcllung in Premium Wafers Kirschcreme. Die spritzige S\u00fc\u00dfe der Kirschcreme erg\u00e4nzt wunderbar die zarten Waffelschichten und bietet einen erfrischenden und befriedigenden Geschmack. Ein perfekter Leckerbissen f\u00fcr alle, die fruchtige Gen\u00fcsse lieben.<\/p>\n","protected":false},"featured_media":22159,"template":"","meta":[],"product_brand":[2909],"product_cat":[441],"product_tag":[],"class_list":{"0":"post-22917","1":"product","2":"type-product","3":"status-publish","4":"has-post-thumbnail","6":"product_brand-tore-de","7":"product_cat-snacks-de","8":"pa_barcode-8697439300133-de","9":"pa_brand-tore-de","10":"pa_inbox-24-x-6-de","11":"pa_pallet-917","12":"pa_shelf-life-12-monat","13":"pa_weight-2-52-gr-de","15":"first","16":"instock","17":"shipping-taxable","18":"product-type-simple"},"_links":{"self":[{"href":"https:\/\/effafood.com\/de\/wp-json\/wp\/v2\/product\/22917","targetHints":{"allow":["GET"]}}],"collection":[{"href":"https:\/\/effafood.com\/de\/wp-json\/wp\/v2\/product"}],"about":[{"href":"https:\/\/effafood.com\/de\/wp-json\/wp\/v2\/types\/product"}],"version-history":[{"count":1,"href":"https:\/\/effafood.com\/de\/wp-json\/wp\/v2\/product\/22917\/revisions"}],"predecessor-version":[{"id":23127,"href":"https:\/\/effafood.com\/de\/wp-json\/wp\/v2\/product\/22917\/revisions\/23127"}],"wp:featuredmedia":[{"embeddable":true,"href":"https:\/\/effafood.com\/de\/wp-json\/wp\/v2\/media\/22159"}],"wp:attachment":[{"href":"https:\/\/effafood.com\/de\/wp-json\/wp\/v2\/media?parent=22917"}],"wp:term":[{"taxonomy":"product_brand","embeddable":true,"href":"https:\/\/effafood.com\/de\/wp-json\/wp\/v2\/product_brand?post=22917"},{"taxonomy":"product_cat","embeddable":true,"href":"https:\/\/effafood.com\/de\/wp-json\/wp\/v2\/product_cat?post=22917"},{"taxonomy":"product_tag","embeddable":true,"href":"https:\/\/effafood.com\/de\/wp-json\/wp\/v2\/product_tag?post=22917"}],"curies":[{"name":"wp","href":"https:\/\/api.w.org\/{rel}","templated":true}]}}