{"id":22914,"date":"2025-01-19T15:56:41","date_gmt":"2025-01-19T15:56:41","guid":{"rendered":"https:\/\/effafood.com\/product\/premium-waffeln-bananencreme\/"},"modified":"2025-02-08T12:28:21","modified_gmt":"2025-02-08T12:28:21","slug":"premium-waffeln-bananencreme","status":"publish","type":"product","link":"https:\/\/effafood.com\/de\/product\/premium-waffeln-bananencreme\/","title":{"rendered":"Premium Waffeln Bananencreme"},"content":{"rendered":"","protected":false},"excerpt":{"rendered":"<p>PREMIUM WAFERS BANANENCREME<\/p>\n<p>Genie\u00dfen Sie den s\u00fc\u00dfen und cremigen Geschmack der Premium Wafers mit einer k\u00f6stlichen Bananencremef\u00fcllung. Diese knusprigen Waffeln werden durch eine weiche und reichhaltige Creme mit Bananengeschmack erg\u00e4nzt und bieten eine perfekte Mischung aus S\u00fc\u00dfe und Frische in jedem Bissen. Ein k\u00f6stlicher Genuss f\u00fcr Bananenliebhaber!<\/p>\n","protected":false},"featured_media":22144,"template":"","meta":[],"product_brand":[2909],"product_cat":[441],"product_tag":[],"class_list":{"0":"post-22914","1":"product","2":"type-product","3":"status-publish","4":"has-post-thumbnail","6":"product_brand-tore-de","7":"product_cat-snacks-de","8":"pa_barcode-8697439300317-de","9":"pa_brand-tore-de","10":"pa_inbox-24-x-6-de","11":"pa_pallet-917","12":"pa_shelf-life-12-monat","13":"pa_weight-2-52-gr-de","15":"first","16":"instock","17":"shipping-taxable","18":"product-type-simple"},"_links":{"self":[{"href":"https:\/\/effafood.com\/de\/wp-json\/wp\/v2\/product\/22914","targetHints":{"allow":["GET"]}}],"collection":[{"href":"https:\/\/effafood.com\/de\/wp-json\/wp\/v2\/product"}],"about":[{"href":"https:\/\/effafood.com\/de\/wp-json\/wp\/v2\/types\/product"}],"version-history":[{"count":1,"href":"https:\/\/effafood.com\/de\/wp-json\/wp\/v2\/product\/22914\/revisions"}],"predecessor-version":[{"id":23130,"href":"https:\/\/effafood.com\/de\/wp-json\/wp\/v2\/product\/22914\/revisions\/23130"}],"wp:featuredmedia":[{"embeddable":true,"href":"https:\/\/effafood.com\/de\/wp-json\/wp\/v2\/media\/22144"}],"wp:attachment":[{"href":"https:\/\/effafood.com\/de\/wp-json\/wp\/v2\/media?parent=22914"}],"wp:term":[{"taxonomy":"product_brand","embeddable":true,"href":"https:\/\/effafood.com\/de\/wp-json\/wp\/v2\/product_brand?post=22914"},{"taxonomy":"product_cat","embeddable":true,"href":"https:\/\/effafood.com\/de\/wp-json\/wp\/v2\/product_cat?post=22914"},{"taxonomy":"product_tag","embeddable":true,"href":"https:\/\/effafood.com\/de\/wp-json\/wp\/v2\/product_tag?post=22914"}],"curies":[{"name":"wp","href":"https:\/\/api.w.org\/{rel}","templated":true}]}}