{"id":22913,"date":"2025-01-19T16:50:45","date_gmt":"2025-01-19T16:50:45","guid":{"rendered":"https:\/\/effafood.com\/product\/premium-waffeln-vanille-sahne\/"},"modified":"2025-02-08T12:27:24","modified_gmt":"2025-02-08T12:27:24","slug":"premium-waffeln-vanille-sahne","status":"publish","type":"product","link":"https:\/\/effafood.com\/de\/product\/premium-waffeln-vanille-sahne\/","title":{"rendered":"Premium Waffeln Vanille-Sahne"},"content":{"rendered":"","protected":false},"excerpt":{"rendered":"<p>PREMIUM WAFERS VANILLECREME<\/p>\n<p>Genie\u00dfen Sie den zarten und aromatischen Geschmack von Premium Wafers, gef\u00fcllt mit reichhaltiger Vanillecreme. Jede knusprige Waffelschicht ist perfekt mit einer samtigen Vanillef\u00fcllung kombiniert, wodurch ein k\u00f6stliches Gleichgewicht von Texturen und Aromen entsteht. Ein klassischer, zeitloser Genuss, der jeden Moment vers\u00fc\u00dft.<\/p>\n","protected":false},"featured_media":22154,"template":"","meta":[],"product_brand":[2909],"product_cat":[441],"product_tag":[],"class_list":{"0":"post-22913","1":"product","2":"type-product","3":"status-publish","4":"has-post-thumbnail","6":"product_brand-tore-de","7":"product_cat-snacks-de","8":"pa_barcode-8697439300225-de","9":"pa_brand-tore-de","10":"pa_inbox-24-x-6-de","11":"pa_pallet-917","12":"pa_shelf-life-12-monat","13":"pa_weight-2-52-gr-de","15":"first","16":"instock","17":"shipping-taxable","18":"product-type-simple"},"_links":{"self":[{"href":"https:\/\/effafood.com\/de\/wp-json\/wp\/v2\/product\/22913","targetHints":{"allow":["GET"]}}],"collection":[{"href":"https:\/\/effafood.com\/de\/wp-json\/wp\/v2\/product"}],"about":[{"href":"https:\/\/effafood.com\/de\/wp-json\/wp\/v2\/types\/product"}],"version-history":[{"count":1,"href":"https:\/\/effafood.com\/de\/wp-json\/wp\/v2\/product\/22913\/revisions"}],"predecessor-version":[{"id":23128,"href":"https:\/\/effafood.com\/de\/wp-json\/wp\/v2\/product\/22913\/revisions\/23128"}],"wp:featuredmedia":[{"embeddable":true,"href":"https:\/\/effafood.com\/de\/wp-json\/wp\/v2\/media\/22154"}],"wp:attachment":[{"href":"https:\/\/effafood.com\/de\/wp-json\/wp\/v2\/media?parent=22913"}],"wp:term":[{"taxonomy":"product_brand","embeddable":true,"href":"https:\/\/effafood.com\/de\/wp-json\/wp\/v2\/product_brand?post=22913"},{"taxonomy":"product_cat","embeddable":true,"href":"https:\/\/effafood.com\/de\/wp-json\/wp\/v2\/product_cat?post=22913"},{"taxonomy":"product_tag","embeddable":true,"href":"https:\/\/effafood.com\/de\/wp-json\/wp\/v2\/product_tag?post=22913"}],"curies":[{"name":"wp","href":"https:\/\/api.w.org\/{rel}","templated":true}]}}