{"id":22908,"date":"2025-01-19T15:45:10","date_gmt":"2025-01-19T15:45:10","guid":{"rendered":"https:\/\/effafood.com\/product\/premium-waffeln-himbeer-joghurt-creme\/"},"modified":"2025-02-08T12:30:03","modified_gmt":"2025-02-08T12:30:03","slug":"premium-waffeln-himbeer-joghurt-creme","status":"publish","type":"product","link":"https:\/\/effafood.com\/de\/product\/premium-waffeln-himbeer-joghurt-creme\/","title":{"rendered":"Premium Waffeln Himbeer-Joghurt-Creme"},"content":{"rendered":"","protected":false},"excerpt":{"rendered":"<p>PREMIUM WAFERS HIMBEER-JOGHURT-CREME<\/p>\n<p>Erleben Sie die perfekte Mischung aus s\u00e4uerlicher Himbeere und cremigem Joghurt in den Premium Wafers. Diese zarten, knusprigen Waffeln sind mit einer erfrischenden Himbeer-Joghurt-Creme gef\u00fcllt und bieten eine leichte und spritzige Geschmackskombination. Eine k\u00f6stliche Leckerei, die in jedem Bissen sowohl S\u00fc\u00dfe als auch einen Hauch von fruchtiger Frische bietet.<\/p>\n","protected":false},"featured_media":22124,"template":"","meta":[],"product_brand":[2909],"product_cat":[441],"product_tag":[],"class_list":{"0":"post-22908","1":"product","2":"type-product","3":"status-publish","4":"has-post-thumbnail","6":"product_brand-tore-de","7":"product_cat-snacks-de","8":"pa_barcode-8697439300164-de","9":"pa_brand-tore-de","10":"pa_inbox-24-x-6-de","11":"pa_pallet-917","12":"pa_shelf-life-12-monat","13":"pa_weight-2-52-gr-de","15":"first","16":"instock","17":"shipping-taxable","18":"product-type-simple"},"_links":{"self":[{"href":"https:\/\/effafood.com\/de\/wp-json\/wp\/v2\/product\/22908","targetHints":{"allow":["GET"]}}],"collection":[{"href":"https:\/\/effafood.com\/de\/wp-json\/wp\/v2\/product"}],"about":[{"href":"https:\/\/effafood.com\/de\/wp-json\/wp\/v2\/types\/product"}],"version-history":[{"count":1,"href":"https:\/\/effafood.com\/de\/wp-json\/wp\/v2\/product\/22908\/revisions"}],"predecessor-version":[{"id":23134,"href":"https:\/\/effafood.com\/de\/wp-json\/wp\/v2\/product\/22908\/revisions\/23134"}],"wp:featuredmedia":[{"embeddable":true,"href":"https:\/\/effafood.com\/de\/wp-json\/wp\/v2\/media\/22124"}],"wp:attachment":[{"href":"https:\/\/effafood.com\/de\/wp-json\/wp\/v2\/media?parent=22908"}],"wp:term":[{"taxonomy":"product_brand","embeddable":true,"href":"https:\/\/effafood.com\/de\/wp-json\/wp\/v2\/product_brand?post=22908"},{"taxonomy":"product_cat","embeddable":true,"href":"https:\/\/effafood.com\/de\/wp-json\/wp\/v2\/product_cat?post=22908"},{"taxonomy":"product_tag","embeddable":true,"href":"https:\/\/effafood.com\/de\/wp-json\/wp\/v2\/product_tag?post=22908"}],"curies":[{"name":"wp","href":"https:\/\/api.w.org\/{rel}","templated":true}]}}