{"id":22907,"date":"2025-01-19T15:49:46","date_gmt":"2025-01-19T15:49:46","guid":{"rendered":"https:\/\/effafood.com\/product\/premium-waffeln-kakao-creme\/"},"modified":"2025-02-08T12:29:12","modified_gmt":"2025-02-08T12:29:12","slug":"premium-waffeln-kakao-creme","status":"publish","type":"product","link":"https:\/\/effafood.com\/de\/product\/premium-waffeln-kakao-creme\/","title":{"rendered":"Premium Waffeln Kakao Creme"},"content":{"rendered":"","protected":false},"excerpt":{"rendered":"<p>PREMIUM WAFERS KAKAOCREME<\/p>\n<p>Genie\u00dfen Sie den k\u00f6stlichen Geschmack der Premium Wafers mit einer reichhaltigen Kakaocreme-F\u00fcllung. Diese knusprigen Waffeln sind mit einer weichen, k\u00f6stlichen Kakaocreme gef\u00fcllt und bieten bei jedem Bissen ein perfektes Gleichgewicht von Texturen und Aromen. Ideal f\u00fcr Schokoladenliebhaber, die einen einfachen und doch luxuri\u00f6sen Genuss suchen.<\/p>\n","protected":false},"featured_media":22134,"template":"","meta":[],"product_brand":[2909],"product_cat":[441],"product_tag":[],"class_list":{"0":"post-22907","1":"product","2":"type-product","3":"status-publish","4":"has-post-thumbnail","6":"product_brand-tore-de","7":"product_cat-snacks-de","8":"pa_barcode-8697439300287-de","9":"pa_brand-tore-de","10":"pa_inbox-24-x-6-de","11":"pa_pallet-917","12":"pa_shelf-life-12-monat","13":"pa_weight-2-52-gr-de","15":"first","16":"instock","17":"shipping-taxable","18":"product-type-simple"},"_links":{"self":[{"href":"https:\/\/effafood.com\/de\/wp-json\/wp\/v2\/product\/22907","targetHints":{"allow":["GET"]}}],"collection":[{"href":"https:\/\/effafood.com\/de\/wp-json\/wp\/v2\/product"}],"about":[{"href":"https:\/\/effafood.com\/de\/wp-json\/wp\/v2\/types\/product"}],"version-history":[{"count":1,"href":"https:\/\/effafood.com\/de\/wp-json\/wp\/v2\/product\/22907\/revisions"}],"predecessor-version":[{"id":23132,"href":"https:\/\/effafood.com\/de\/wp-json\/wp\/v2\/product\/22907\/revisions\/23132"}],"wp:featuredmedia":[{"embeddable":true,"href":"https:\/\/effafood.com\/de\/wp-json\/wp\/v2\/media\/22134"}],"wp:attachment":[{"href":"https:\/\/effafood.com\/de\/wp-json\/wp\/v2\/media?parent=22907"}],"wp:term":[{"taxonomy":"product_brand","embeddable":true,"href":"https:\/\/effafood.com\/de\/wp-json\/wp\/v2\/product_brand?post=22907"},{"taxonomy":"product_cat","embeddable":true,"href":"https:\/\/effafood.com\/de\/wp-json\/wp\/v2\/product_cat?post=22907"},{"taxonomy":"product_tag","embeddable":true,"href":"https:\/\/effafood.com\/de\/wp-json\/wp\/v2\/product_tag?post=22907"}],"curies":[{"name":"wp","href":"https:\/\/api.w.org\/{rel}","templated":true}]}}