{"id":22904,"date":"2025-01-19T15:42:43","date_gmt":"2025-01-19T15:42:43","guid":{"rendered":"https:\/\/effafood.com\/product\/premium-waffeln-haselnusscreme\/"},"modified":"2025-02-08T12:30:27","modified_gmt":"2025-02-08T12:30:27","slug":"premium-waffeln-haselnusscreme","status":"publish","type":"product","link":"https:\/\/effafood.com\/de\/product\/premium-waffeln-haselnusscreme\/","title":{"rendered":"Premium Waffeln Haselnusscreme"},"content":{"rendered":"","protected":false},"excerpt":{"rendered":"<p>PREMIUM WAFERS HASSELNUSSCREME<\/p>\n<p>Genie\u00dfen Sie den k\u00f6stlichen Geschmack der Premium Wafers, gef\u00fcllt mit einer weichen, reichhaltigen Haselnusscreme. Diese knusprigen Waffeln sind gro\u00dfz\u00fcgig mit einer cremigen Haselnussf\u00fcllung \u00fcberzogen, die die perfekte Balance zwischen Knusprigkeit und weichem, nussigem Geschmack bietet. Ein wahrer Genuss f\u00fcr Haselnussliebhaber, der mit jedem Bissen ein befriedigendes Erlebnis liefert.<\/p>\n","protected":false},"featured_media":22119,"template":"","meta":[],"product_brand":[2909],"product_cat":[441],"product_tag":[],"class_list":{"0":"post-22904","1":"product","2":"type-product","3":"status-publish","4":"has-post-thumbnail","6":"product_brand-tore-de","7":"product_cat-snacks-de","8":"pa_barcode-8697439300195-de","9":"pa_brand-tore-de","10":"pa_inbox-24-x-6-de","11":"pa_pallet-917","12":"pa_shelf-life-12-monat","13":"pa_weight-2-52-gr-de","15":"first","16":"instock","17":"shipping-taxable","18":"product-type-simple"},"_links":{"self":[{"href":"https:\/\/effafood.com\/de\/wp-json\/wp\/v2\/product\/22904","targetHints":{"allow":["GET"]}}],"collection":[{"href":"https:\/\/effafood.com\/de\/wp-json\/wp\/v2\/product"}],"about":[{"href":"https:\/\/effafood.com\/de\/wp-json\/wp\/v2\/types\/product"}],"version-history":[{"count":1,"href":"https:\/\/effafood.com\/de\/wp-json\/wp\/v2\/product\/22904\/revisions"}],"predecessor-version":[{"id":23135,"href":"https:\/\/effafood.com\/de\/wp-json\/wp\/v2\/product\/22904\/revisions\/23135"}],"wp:featuredmedia":[{"embeddable":true,"href":"https:\/\/effafood.com\/de\/wp-json\/wp\/v2\/media\/22119"}],"wp:attachment":[{"href":"https:\/\/effafood.com\/de\/wp-json\/wp\/v2\/media?parent=22904"}],"wp:term":[{"taxonomy":"product_brand","embeddable":true,"href":"https:\/\/effafood.com\/de\/wp-json\/wp\/v2\/product_brand?post=22904"},{"taxonomy":"product_cat","embeddable":true,"href":"https:\/\/effafood.com\/de\/wp-json\/wp\/v2\/product_cat?post=22904"},{"taxonomy":"product_tag","embeddable":true,"href":"https:\/\/effafood.com\/de\/wp-json\/wp\/v2\/product_tag?post=22904"}],"curies":[{"name":"wp","href":"https:\/\/api.w.org\/{rel}","templated":true}]}}