{"id":22902,"date":"2025-01-19T15:47:23","date_gmt":"2025-01-19T15:47:23","guid":{"rendered":"https:\/\/effafood.com\/product\/premium-waffeln-feinste-kakaocreme\/"},"modified":"2025-02-08T12:29:39","modified_gmt":"2025-02-08T12:29:39","slug":"premium-waffeln-feinste-kakaocreme","status":"publish","type":"product","link":"https:\/\/effafood.com\/de\/product\/premium-waffeln-feinste-kakaocreme\/","title":{"rendered":"Premium Waffeln Feinste Kakaocreme"},"content":{"rendered":"","protected":false},"excerpt":{"rendered":"<p>PREMIUM WAFERS FINEST KAKAOCREME<\/p>\n<p>Genie\u00dfen Sie den reichen, samtigen Geschmack der Premium Wafers mit feinster Kakaocremef\u00fcllung. Diese zarten, knusprigen Waffeln werden durch eine weiche und dekadente Kakaocreme perfekt erg\u00e4nzt und bieten mit jedem Bissen einen luxuri\u00f6sen Genuss. Ideal f\u00fcr alle, die den raffinierten Geschmack von Premium-Schokolade sch\u00e4tzen.<\/p>\n","protected":false},"featured_media":22129,"template":"","meta":[],"product_brand":[2909],"product_cat":[441],"product_tag":[],"class_list":{"0":"post-22902","1":"product","2":"type-product","3":"status-publish","4":"has-post-thumbnail","6":"product_brand-tore-de","7":"product_cat-snacks-de","8":"pa_barcode-8697439300379-de","9":"pa_brand-tore-de","10":"pa_inbox-24-x-6-de","11":"pa_pallet-917","12":"pa_shelf-life-12-monat","13":"pa_weight-2-52-gr-de","15":"first","16":"instock","17":"shipping-taxable","18":"product-type-simple"},"_links":{"self":[{"href":"https:\/\/effafood.com\/de\/wp-json\/wp\/v2\/product\/22902","targetHints":{"allow":["GET"]}}],"collection":[{"href":"https:\/\/effafood.com\/de\/wp-json\/wp\/v2\/product"}],"about":[{"href":"https:\/\/effafood.com\/de\/wp-json\/wp\/v2\/types\/product"}],"version-history":[{"count":1,"href":"https:\/\/effafood.com\/de\/wp-json\/wp\/v2\/product\/22902\/revisions"}],"predecessor-version":[{"id":23133,"href":"https:\/\/effafood.com\/de\/wp-json\/wp\/v2\/product\/22902\/revisions\/23133"}],"wp:featuredmedia":[{"embeddable":true,"href":"https:\/\/effafood.com\/de\/wp-json\/wp\/v2\/media\/22129"}],"wp:attachment":[{"href":"https:\/\/effafood.com\/de\/wp-json\/wp\/v2\/media?parent=22902"}],"wp:term":[{"taxonomy":"product_brand","embeddable":true,"href":"https:\/\/effafood.com\/de\/wp-json\/wp\/v2\/product_brand?post=22902"},{"taxonomy":"product_cat","embeddable":true,"href":"https:\/\/effafood.com\/de\/wp-json\/wp\/v2\/product_cat?post=22902"},{"taxonomy":"product_tag","embeddable":true,"href":"https:\/\/effafood.com\/de\/wp-json\/wp\/v2\/product_tag?post=22902"}],"curies":[{"name":"wp","href":"https:\/\/api.w.org\/{rel}","templated":true}]}}