{"id":22901,"date":"2025-01-19T15:39:56","date_gmt":"2025-01-19T15:39:56","guid":{"rendered":"https:\/\/effafood.com\/product\/premium-waffeln-extra-sahne\/"},"modified":"2025-02-08T12:30:52","modified_gmt":"2025-02-08T12:30:52","slug":"premium-waffeln-extra-sahne","status":"publish","type":"product","link":"https:\/\/effafood.com\/de\/product\/premium-waffeln-extra-sahne\/","title":{"rendered":"Premium Waffeln Extra Sahne"},"content":{"rendered":"","protected":false},"excerpt":{"rendered":"<p>PREMIUM WAFERS EXTRA CREAM<\/p>\n<p>Genie\u00dfen Sie den unwiderstehlichen Geschmack der Premium Waffeln mit extra Sahne. Diese knusprigen Waffeln sind mit einer zus\u00e4tzlichen Schicht aus reichhaltiger, cremiger F\u00fcllung versehen, die das klassische Waffel-Erlebnis auf ein neues Niveau hebt. Perfekt ausbalanciert, bietet jeder Bissen eine weiche, samtige Textur und einen befriedigenden Geschmack \u2013 ideal f\u00fcr Sahne-Liebhaber.<\/p>\n","protected":false},"featured_media":22114,"template":"","meta":[],"product_brand":[2909],"product_cat":[441],"product_tag":[],"class_list":{"0":"post-22901","1":"product","2":"type-product","3":"status-publish","4":"has-post-thumbnail","6":"product_brand-tore-de","7":"product_cat-snacks-de","8":"pa_barcode-8697439300409-de","9":"pa_brand-tore-de","10":"pa_inbox-24-x-6-de","11":"pa_pallet-917","12":"pa_shelf-life-12-monat","13":"pa_weight-2-52-gr-de","15":"first","16":"instock","17":"shipping-taxable","18":"product-type-simple"},"_links":{"self":[{"href":"https:\/\/effafood.com\/de\/wp-json\/wp\/v2\/product\/22901","targetHints":{"allow":["GET"]}}],"collection":[{"href":"https:\/\/effafood.com\/de\/wp-json\/wp\/v2\/product"}],"about":[{"href":"https:\/\/effafood.com\/de\/wp-json\/wp\/v2\/types\/product"}],"version-history":[{"count":1,"href":"https:\/\/effafood.com\/de\/wp-json\/wp\/v2\/product\/22901\/revisions"}],"predecessor-version":[{"id":23136,"href":"https:\/\/effafood.com\/de\/wp-json\/wp\/v2\/product\/22901\/revisions\/23136"}],"wp:featuredmedia":[{"embeddable":true,"href":"https:\/\/effafood.com\/de\/wp-json\/wp\/v2\/media\/22114"}],"wp:attachment":[{"href":"https:\/\/effafood.com\/de\/wp-json\/wp\/v2\/media?parent=22901"}],"wp:term":[{"taxonomy":"product_brand","embeddable":true,"href":"https:\/\/effafood.com\/de\/wp-json\/wp\/v2\/product_brand?post=22901"},{"taxonomy":"product_cat","embeddable":true,"href":"https:\/\/effafood.com\/de\/wp-json\/wp\/v2\/product_cat?post=22901"},{"taxonomy":"product_tag","embeddable":true,"href":"https:\/\/effafood.com\/de\/wp-json\/wp\/v2\/product_tag?post=22901"}],"curies":[{"name":"wp","href":"https:\/\/api.w.org\/{rel}","templated":true}]}}