{"id":22898,"date":"2025-01-19T15:30:50","date_gmt":"2025-01-19T15:30:50","guid":{"rendered":"https:\/\/effafood.com\/product\/premium-waffeln-antep-pistaziencreme\/"},"modified":"2025-02-08T12:32:29","modified_gmt":"2025-02-08T12:32:29","slug":"premium-waffeln-antep-pistaziencreme","status":"publish","type":"product","link":"https:\/\/effafood.com\/de\/product\/premium-waffeln-antep-pistaziencreme\/","title":{"rendered":"Premium Waffeln Antep Pistaziencreme"},"content":{"rendered":"","protected":false},"excerpt":{"rendered":"<p>PREMIUM WAFERS MIT ANTEP-PISTAZIENCREME<\/p>\n<p>Genie\u00dfen Sie den luxuri\u00f6sen Geschmack der Premium Wafers, gef\u00fcllt mit reichhaltiger, cremiger Antep-Pistazie. Diese zarten Waffeln sind mit feinster Pistaziencreme \u00fcberzogen und bieten ein unvergessliches Geschmackserlebnis, bei dem sich S\u00fc\u00dfe und der vollmundige, nussige Geschmack der Antep-Pistazien perfekt ausbalancieren. Ein wahrer Genuss f\u00fcr alle, die erstklassige, hochwertige Snacks sch\u00e4tzen.<\/p>\n","protected":false},"featured_media":22099,"template":"","meta":[],"product_brand":[2909],"product_cat":[441],"product_tag":[],"class_list":{"0":"post-22898","1":"product","2":"type-product","3":"status-publish","4":"has-post-thumbnail","6":"product_brand-tore-de","7":"product_cat-snacks-de","8":"pa_barcode-8697439300348-de","9":"pa_brand-tore-de","10":"pa_inbox-24-x-6-de","11":"pa_pallet-917","12":"pa_shelf-life-12-monat","13":"pa_weight-2-52-gr-de","15":"first","16":"instock","17":"shipping-taxable","18":"product-type-simple"},"_links":{"self":[{"href":"https:\/\/effafood.com\/de\/wp-json\/wp\/v2\/product\/22898","targetHints":{"allow":["GET"]}}],"collection":[{"href":"https:\/\/effafood.com\/de\/wp-json\/wp\/v2\/product"}],"about":[{"href":"https:\/\/effafood.com\/de\/wp-json\/wp\/v2\/types\/product"}],"version-history":[{"count":1,"href":"https:\/\/effafood.com\/de\/wp-json\/wp\/v2\/product\/22898\/revisions"}],"predecessor-version":[{"id":23139,"href":"https:\/\/effafood.com\/de\/wp-json\/wp\/v2\/product\/22898\/revisions\/23139"}],"wp:featuredmedia":[{"embeddable":true,"href":"https:\/\/effafood.com\/de\/wp-json\/wp\/v2\/media\/22099"}],"wp:attachment":[{"href":"https:\/\/effafood.com\/de\/wp-json\/wp\/v2\/media?parent=22898"}],"wp:term":[{"taxonomy":"product_brand","embeddable":true,"href":"https:\/\/effafood.com\/de\/wp-json\/wp\/v2\/product_brand?post=22898"},{"taxonomy":"product_cat","embeddable":true,"href":"https:\/\/effafood.com\/de\/wp-json\/wp\/v2\/product_cat?post=22898"},{"taxonomy":"product_tag","embeddable":true,"href":"https:\/\/effafood.com\/de\/wp-json\/wp\/v2\/product_tag?post=22898"}],"curies":[{"name":"wp","href":"https:\/\/api.w.org\/{rel}","templated":true}]}}